{"id":19510,"date":"2023-02-23T08:44:28","date_gmt":"2023-02-23T07:44:28","guid":{"rendered":"https:\/\/sp1hrubieszow.pl\/?page_id=19510"},"modified":"2023-02-23T08:45:01","modified_gmt":"2023-02-23T07:45:01","slug":"uwaga-2","status":"publish","type":"page","link":"https:\/\/sp1hrubieszow.pl\/index.php\/kronika-2020-2021\/uwaga-2\/","title":{"rendered":"UWAGA!"},"content":{"rendered":"\n<p><strong>Od 01 marca 2023 roku zmienia si\u0119 spos\u00f3b informacji o p\u0142atno\u015bci za obiady.<\/strong><\/p>\n<p><strong>&nbsp;<\/strong><strong>Ka\u017cdy rodzic otrzyma kwot\u0119 do wp\u0142aty w wiadomo\u015bciach na dzienniku LIBRUS.<\/strong><\/p>\n<p><strong>&nbsp;<\/strong><strong>Termin wp\u0142at si\u0119 nie zmienia.<\/strong><\/p>\n<p><strong>&nbsp;<\/strong><strong>Wp\u0142at dokonujemy w pierwszych pi\u0119ciu dniach roboczych w danym miesi\u0105cu.<\/strong><\/p>\n","protected":false},"excerpt":{"rendered":"<p>Od 01 marca 2023 roku zmienia si\u0119 spos\u00f3b informacji o p\u0142atno\u015bci za obiady. &nbsp;Ka\u017cdy rodzic otrzyma kwot\u0119 do wp\u0142aty w wiadomo\u015bciach na dzienniku LIBRUS. &nbsp;Termin wp\u0142at si\u0119 nie zmienia. &nbsp;Wp\u0142at dokonujemy w pierwszych pi\u0119ciu dniach roboczych w danym miesi\u0105cu.<\/p>\n","protected":false},"author":2,"featured_media":0,"parent":5983,"menu_order":0,"comment_status":"closed","ping_status":"closed","template":"","meta":{"ngg_post_thumbnail":0,"footnotes":""},"class_list":["post-19510","page","type-page","status-publish","hentry"],"_links":{"self":[{"href":"https:\/\/sp1hrubieszow.pl\/index.php\/wp-json\/wp\/v2\/pages\/19510","targetHints":{"allow":["GET"]}}],"collection":[{"href":"https:\/\/sp1hrubieszow.pl\/index.php\/wp-json\/wp\/v2\/pages"}],"about":[{"href":"https:\/\/sp1hrubieszow.pl\/index.php\/wp-json\/wp\/v2\/types\/page"}],"author":[{"embeddable":true,"href":"https:\/\/sp1hrubieszow.pl\/index.php\/wp-json\/wp\/v2\/users\/2"}],"replies":[{"embeddable":true,"href":"https:\/\/sp1hrubieszow.pl\/index.php\/wp-json\/wp\/v2\/comments?post=19510"}],"version-history":[{"count":1,"href":"https:\/\/sp1hrubieszow.pl\/index.php\/wp-json\/wp\/v2\/pages\/19510\/revisions"}],"predecessor-version":[{"id":19511,"href":"https:\/\/sp1hrubieszow.pl\/index.php\/wp-json\/wp\/v2\/pages\/19510\/revisions\/19511"}],"up":[{"embeddable":true,"href":"https:\/\/sp1hrubieszow.pl\/index.php\/wp-json\/wp\/v2\/pages\/5983"}],"wp:attachment":[{"href":"https:\/\/sp1hrubieszow.pl\/index.php\/wp-json\/wp\/v2\/media?parent=19510"}],"curies":[{"name":"wp","href":"https:\/\/api.w.org\/{rel}","templated":true}]}}