{"id":19384,"date":"2023-02-20T19:35:12","date_gmt":"2023-02-20T18:35:12","guid":{"rendered":"https:\/\/sp1hrubieszow.pl\/?page_id=19384"},"modified":"2023-02-20T19:35:47","modified_gmt":"2023-02-20T18:35:47","slug":"rozstrzygniecie-szkolnych-konkursow-z-okazji-dnia-bezpiecznego-internetu2023-zorganizowanych-przez-szkolny-klub-mediatora","status":"publish","type":"page","link":"https:\/\/sp1hrubieszow.pl\/index.php\/kronika-2020-2021\/rozstrzygniecie-szkolnych-konkursow-z-okazji-dnia-bezpiecznego-internetu2023-zorganizowanych-przez-szkolny-klub-mediatora\/","title":{"rendered":"Rozstrzygni\u0119cie szkolnych konkurs\u00f3w z okazji Dnia Bezpiecznego Internetu\u20192023, zorganizowanych przez Szkolny Klub Mediatora"},"content":{"rendered":"\n<div class=\"x11i5rnm xat24cr x1mh8g0r x1vvkbs xdj266r x126k92a\">\n<div dir=\"auto\"><span style=\"color: #000080;\">W dniu 16.02.2023r. rozstrzygni\u0119to szkolne konkursy, organizowane w ramach tegorocznych obchod\u00f3w Dnia Bezpiecznego Internetu. Celem konkurs\u00f3w by\u0142o propagowanie zasad bezpiecznego korzystania z Internetu w domu i w szkole oraz zapobieganie cyberprzemocy i uzale\u017cnieniom od komputera i telefonu.<\/span><\/div>\n<div dir=\"auto\"><span style=\"color: #000080;\">Konkurs dla uczni\u00f3w klas 1-3<\/span><\/div>\n<div dir=\"auto\"><span style=\"color: #000080;\">\u201eNASZ DOMOWY KODEKS INTERNETOWY\u201d- indywidualny konkurs plastyczno-literacki dla uczni\u00f3w i rodzic\u00f3w\/opiekun\u00f3w. Kodeks tworzy\u0142y dzieci wraz z cz\u0142onkami rodzin jako prac\u0119 wsp\u00f3ln\u0105, zawieraj\u0105c\u0105 zestaw zasad, dostosowanych do ich domowych ustale\u0144, dotycz\u0105cych zasad bezpiecznego i odpowiedzialnego korzystania z Internetu.<\/span><\/div>\n<div dir=\"auto\"><span style=\"color: #000080;\">Konkurs dla uczni\u00f3w klas 4-8<\/span><\/div>\n<div dir=\"auto\"><span style=\"color: #000080;\">\u201eNASZ KLASOWY KODEKS INTERNETOWY\u201d- konkurs plastyczno-literacki dla KLAS (wsp\u00f3lna praca). Zadaniem zespo\u0142\u00f3w klasowych by\u0142o wykonanie plakatu ilustruj\u0105cego\/opisuj\u0105cego zasady bezpiecznego korzystania z Internetu, kt\u00f3re s\u0105 ustalone przez klas\u0119 wraz z wychowawc\u0105.<\/span><\/div>\n<div dir=\"auto\"><span style=\"color: #000080;\">Komisja konkursowa, sk\u0142adaj\u0105ca si\u0119 z mediatorek r\u00f3wie\u015bniczych z klas VIIIb (Wiktoria Zaj\u0105c, Emilia Sobczuk, Basia K\u0142odzi\u0144ska i Ola Piasecka) i VIIId (Karolina Jasi\u0144ska, Ola Rz\u0105d, Wiktoria Iwan i Weronika Wysocka) nagrodzi\u0142a i wyr\u00f3\u017cni\u0142a nast\u0119puj\u0105cych laureat\u00f3w:<\/span><\/div>\n<div dir=\"auto\"><span style=\"color: #000080;\">Konkurs: Nasz domowy kodeks Internetowy, klasy 1-3:<\/span><\/div>\n<div dir=\"auto\"><span style=\"color: #000080;\">I miejsce: Franciszek Socha (kl. 2a) z Rodzin\u0105<\/span><\/div>\n<div dir=\"auto\"><span style=\"color: #000080;\">II miejsce: Jagoda Szczepanik (kl. 3a) z Rodzin\u0105<\/span><\/div>\n<div dir=\"auto\"><span style=\"color: #000080;\">III miejsce Martyna Pomianowska, (kl.1b) z Rodzin\u0105<\/span><\/div>\n<div dir=\"auto\"><span style=\"color: #000080;\">Wyr\u00f3\u017cnienia:<\/span><\/div>\n<div dir=\"auto\"><span style=\"color: #000080;\">1. Aleksandra Korgol (kl. 2c) z Rodzin\u0105<\/span><\/div>\n<div dir=\"auto\"><span style=\"color: #000080;\">2. Zuzanna Kuras (kl. 1a) z Rodzin\u0105<\/span><\/div>\n<div dir=\"auto\"><span style=\"color: #000080;\">3. Amelia Soko\u0142owska (kl. 1b) z Rodzin\u0105<\/span><\/div>\n<div dir=\"auto\"><span style=\"color: #000080;\">4. Hubert Podg\u00f3rski (kl. 1b) z Rodzin\u0105<\/span><\/div>\n<div dir=\"auto\"><span style=\"color: #000080;\">5. Natalia Balcer (kl. 2a) z Rodzin\u0105<\/span><\/div>\n<div dir=\"auto\"><span style=\"color: #000080;\">6. Julia Momot (kl. 2a) z Rodzin\u0105<\/span><\/div>\n<div dir=\"auto\"><span style=\"color: #000080;\">7. Dawid Go\u0142\u0119biowski (kl. 2b) z Rodzin\u0105<\/span><\/div>\n<div dir=\"auto\"><span style=\"color: #000080;\">Konkurs: Nasz klasowy kodeks Internetowy, klasy 4-8:<\/span><\/div>\n<div dir=\"auto\"><span style=\"color: #000080;\">Klasy czwarte<\/span><\/div>\n<div dir=\"auto\"><span style=\"color: #000080;\">I miejsce: klasa 4b, wych. p. Arleta Kowalska<\/span><\/div>\n<div dir=\"auto\"><span style=\"color: #000080;\">II miejsce: kl. 4c, wych. p. Justyna Przybik<\/span><\/div>\n<div dir=\"auto\"><span style=\"color: #000080;\">III miejsce: kl. 4a, wych. p. Monika Czulak<\/span><\/div>\n<div dir=\"auto\"><span style=\"color: #000080;\">Klasy pi\u0105te:<\/span><\/div>\n<div dir=\"auto\"><span style=\"color: #000080;\">I miejsce: Klasa 5a, wych. p. Edyta Miller-Wiatrowska<\/span><\/div>\n<div dir=\"auto\"><span style=\"color: #000080;\">II miejsce: Klasa 5b, wych. p. Marta Lackowska<\/span><\/div>\n<div dir=\"auto\"><span style=\"color: #000080;\">III miejsce: Klasa 5c, wych. p. Monika Jako\u015b-W\u00f3r<\/span><\/div>\n<div dir=\"auto\"><span style=\"color: #000080;\">Klasy sz\u00f3ste:<\/span><\/div>\n<div dir=\"auto\"><span style=\"color: #000080;\">I miejsce: klasa 6a, wych. p. Anna Suwa\u0142a<\/span><\/div>\n<div dir=\"auto\"><span style=\"color: #000080;\">II miejsce: klasa 6c, wych. p. Anna Lewandowska<\/span><\/div>\n<div dir=\"auto\"><span style=\"color: #000080;\">III miejsce: klasa 6b, wych. p. Ewa Filipowicz-Sidorczuk<\/span><\/div>\n<div dir=\"auto\"><span style=\"color: #000080;\">Klasy 7-8<\/span><\/div>\n<div dir=\"auto\"><span style=\"color: #000080;\">I miejsce: klasa 8c, wych. p. Monika Anigacz<\/span><\/div>\n<div dir=\"auto\"><span style=\"color: #000080;\">Nagrodami w konkursie by\u0142y gry planszowe i stolikowe oraz ksi\u0105\u017cki i dyplomy, ufundowane przez Gmin\u0119 Miejsk\u0105 Hrubiesz\u00f3w w ramach realizacji szkolnego programu profilaktycznego pt. \u201eRecepta na zdrowie\u201d. Dzia\u0142anie zg\u0142oszono jako inicjatyw\u0119 lokaln\u0105 w ramach og\u00f3lnopolskich obchod\u00f3w Dnia Bezpiecznego Internetu&#8217;2023.<\/span><\/div>\n<div dir=\"auto\" style=\"text-align: center;\">&nbsp;<\/div>\n<\/div>\n<div class=\"x11i5rnm xat24cr x1mh8g0r x1vvkbs xtlvy1s x126k92a\">\n<div dir=\"auto\" style=\"text-align: center;\"><span style=\"color: #000080;\">Organizator: Marta Kuczy\u0144ska, opiekun Szkolnego Klubu Mediatora<\/span><\/div>\n<div dir=\"auto\">\nngg_shortcode_0_placeholder\n<\/div>\n<\/div>\n","protected":false},"excerpt":{"rendered":"<p>W dniu 16.02.2023r. rozstrzygni\u0119to szkolne konkursy, organizowane w ramach tegorocznych obchod\u00f3w Dnia Bezpiecznego Internetu. Celem konkurs\u00f3w by\u0142o propagowanie zasad bezpiecznego korzystania z Internetu w domu i w szkole oraz zapobieganie cyberprzemocy i uzale\u017cnieniom od komputera i telefonu. Konkurs dla uczni\u00f3w klas 1-3 \u201eNASZ DOMOWY KODEKS INTERNETOWY\u201d- indywidualny konkurs plastyczno-literacki dla uczni\u00f3w i rodzic\u00f3w\/opiekun\u00f3w. Kodeks tworzy\u0142y [&hellip;]<\/p>\n","protected":false},"author":2,"featured_media":0,"parent":5983,"menu_order":0,"comment_status":"closed","ping_status":"closed","template":"","meta":{"ngg_post_thumbnail":0,"footnotes":""},"class_list":["post-19384","page","type-page","status-publish","hentry"],"_links":{"self":[{"href":"https:\/\/sp1hrubieszow.pl\/index.php\/wp-json\/wp\/v2\/pages\/19384","targetHints":{"allow":["GET"]}}],"collection":[{"href":"https:\/\/sp1hrubieszow.pl\/index.php\/wp-json\/wp\/v2\/pages"}],"about":[{"href":"https:\/\/sp1hrubieszow.pl\/index.php\/wp-json\/wp\/v2\/types\/page"}],"author":[{"embeddable":true,"href":"https:\/\/sp1hrubieszow.pl\/index.php\/wp-json\/wp\/v2\/users\/2"}],"replies":[{"embeddable":true,"href":"https:\/\/sp1hrubieszow.pl\/index.php\/wp-json\/wp\/v2\/comments?post=19384"}],"version-history":[{"count":1,"href":"https:\/\/sp1hrubieszow.pl\/index.php\/wp-json\/wp\/v2\/pages\/19384\/revisions"}],"predecessor-version":[{"id":19385,"href":"https:\/\/sp1hrubieszow.pl\/index.php\/wp-json\/wp\/v2\/pages\/19384\/revisions\/19385"}],"up":[{"embeddable":true,"href":"https:\/\/sp1hrubieszow.pl\/index.php\/wp-json\/wp\/v2\/pages\/5983"}],"wp:attachment":[{"href":"https:\/\/sp1hrubieszow.pl\/index.php\/wp-json\/wp\/v2\/media?parent=19384"}],"curies":[{"name":"wp","href":"https:\/\/api.w.org\/{rel}","templated":true}]}}