{"id":19335,"date":"2023-02-20T19:22:24","date_gmt":"2023-02-20T18:22:24","guid":{"rendered":"https:\/\/sp1hrubieszow.pl\/?page_id=19335"},"modified":"2023-02-20T19:22:54","modified_gmt":"2023-02-20T18:22:54","slug":"walentynki","status":"publish","type":"page","link":"https:\/\/sp1hrubieszow.pl\/index.php\/kronika-2020-2021\/walentynki\/","title":{"rendered":"Walentynki"},"content":{"rendered":"\n<p><span style=\"color: #000080;\">14 lutego obchodzili\u015bmy walentynki. Z tej okazji w naszej szkole dzia\u0142a\u0142a poczta walentynkowa i pojawi\u0142y si\u0119 serduszkowe dekoracje. Niekt\u00f3rzy uczniowie oraz nauczyciele zadbali o str\u00f3j w czerwonym kolorze. Na korytarzu pojawi\u0142a si\u0119 tak\u017ce specjalnie przygotowana walentynkowa \u015bcianka, na tle kt\u00f3rej robili\u015bmy sobie zdj\u0119cia. Z okazji tego radosnego \u015bwi\u0119ta klasa 4a wybra\u0142a si\u0119 na pizz\u0119 do &#8222;Valentino&#8221;, a klasa 4 c na kr\u0119gle i pocz\u0119stunek do restauracji &#8222;Gniecki&#8221;. <\/span><\/p>\nngg_shortcode_0_placeholder\n","protected":false},"excerpt":{"rendered":"<p>14 lutego obchodzili\u015bmy walentynki. Z tej okazji w naszej szkole dzia\u0142a\u0142a poczta walentynkowa i pojawi\u0142y si\u0119 serduszkowe dekoracje. Niekt\u00f3rzy uczniowie oraz nauczyciele zadbali o str\u00f3j w czerwonym kolorze. Na korytarzu pojawi\u0142a si\u0119 tak\u017ce specjalnie przygotowana walentynkowa \u015bcianka, na tle kt\u00f3rej robili\u015bmy sobie zdj\u0119cia. Z okazji tego radosnego \u015bwi\u0119ta klasa 4a wybra\u0142a si\u0119 na pizz\u0119 do [&hellip;]<\/p>\n","protected":false},"author":2,"featured_media":0,"parent":5983,"menu_order":0,"comment_status":"closed","ping_status":"closed","template":"","meta":{"ngg_post_thumbnail":0,"footnotes":""},"class_list":["post-19335","page","type-page","status-publish","hentry"],"_links":{"self":[{"href":"https:\/\/sp1hrubieszow.pl\/index.php\/wp-json\/wp\/v2\/pages\/19335","targetHints":{"allow":["GET"]}}],"collection":[{"href":"https:\/\/sp1hrubieszow.pl\/index.php\/wp-json\/wp\/v2\/pages"}],"about":[{"href":"https:\/\/sp1hrubieszow.pl\/index.php\/wp-json\/wp\/v2\/types\/page"}],"author":[{"embeddable":true,"href":"https:\/\/sp1hrubieszow.pl\/index.php\/wp-json\/wp\/v2\/users\/2"}],"replies":[{"embeddable":true,"href":"https:\/\/sp1hrubieszow.pl\/index.php\/wp-json\/wp\/v2\/comments?post=19335"}],"version-history":[{"count":1,"href":"https:\/\/sp1hrubieszow.pl\/index.php\/wp-json\/wp\/v2\/pages\/19335\/revisions"}],"predecessor-version":[{"id":19337,"href":"https:\/\/sp1hrubieszow.pl\/index.php\/wp-json\/wp\/v2\/pages\/19335\/revisions\/19337"}],"up":[{"embeddable":true,"href":"https:\/\/sp1hrubieszow.pl\/index.php\/wp-json\/wp\/v2\/pages\/5983"}],"wp:attachment":[{"href":"https:\/\/sp1hrubieszow.pl\/index.php\/wp-json\/wp\/v2\/media?parent=19335"}],"curies":[{"name":"wp","href":"https:\/\/api.w.org\/{rel}","templated":true}]}}