{"id":19273,"date":"2023-02-16T21:22:50","date_gmt":"2023-02-16T20:22:50","guid":{"rendered":"https:\/\/sp1hrubieszow.pl\/?page_id=19273"},"modified":"2023-02-16T21:23:05","modified_gmt":"2023-02-16T20:23:05","slug":"dzieciece-warsztaty-kulinarne","status":"publish","type":"page","link":"https:\/\/sp1hrubieszow.pl\/index.php\/kronika-2020-2021\/dzieciece-warsztaty-kulinarne\/","title":{"rendered":"Dzieci\u0119ce warsztaty kulinarne"},"content":{"rendered":"\n\n\n<p><span style=\"color: #000080;\">W przeddzie\u0144 \u015awiatowego Dnia Pizzy 08.02.2023r. klasa 1B w ramach integracji zespo\u0142u klasowego uda\u0142a si\u0119 do restauracji \u201eWarka\u201d na dzieci\u0119ce warsztaty kulinarne w robieniu pizzy. Uczniowie pod okiem fachowc\u00f3w zostali wprowadzeni w \u015bwiat w\u0142oskiej kuchni oraz przeszkoleni w wykonaniu pizzy. Spod sprawnych r\u0105k wyczarowane zosta\u0142y wspania\u0142e, pyszne i zdrowe pizze. W oczekiwaniu na upieczenie pizzy uczniowie mieli zrobione tatua\u017ce. Po upieczeniu odby\u0142a si\u0119 degustacja samodzielnie wykonanej pizzy. Na koniec uczniowie otrzymali pami\u0105tkowe dyplomy \u201eMa\u0142y Mistrz Pizzy\u201d. To by\u0142a wspania\u0142a zabawa i nauka, kt\u00f3rej towarzyszy\u0142o wiele emocji.<\/span><\/p>\n<p style=\"text-align: right;\"><br><span style=\"color: #000080;\">Wychowawca: Renata Pacza\u0142a i Rodzice<\/span><\/p>\nngg_shortcode_0_placeholder\n","protected":false},"excerpt":{"rendered":"<p>W przeddzie\u0144 \u015awiatowego Dnia Pizzy 08.02.2023r. klasa 1B w ramach integracji zespo\u0142u klasowego uda\u0142a si\u0119 do restauracji \u201eWarka\u201d na dzieci\u0119ce warsztaty kulinarne w robieniu pizzy. Uczniowie pod okiem fachowc\u00f3w zostali wprowadzeni w \u015bwiat w\u0142oskiej kuchni oraz przeszkoleni w wykonaniu pizzy. Spod sprawnych r\u0105k wyczarowane zosta\u0142y wspania\u0142e, pyszne i zdrowe pizze. W oczekiwaniu na upieczenie pizzy [&hellip;]<\/p>\n","protected":false},"author":2,"featured_media":0,"parent":5983,"menu_order":0,"comment_status":"closed","ping_status":"closed","template":"","meta":{"ngg_post_thumbnail":0,"footnotes":""},"class_list":["post-19273","page","type-page","status-publish","hentry"],"_links":{"self":[{"href":"https:\/\/sp1hrubieszow.pl\/index.php\/wp-json\/wp\/v2\/pages\/19273","targetHints":{"allow":["GET"]}}],"collection":[{"href":"https:\/\/sp1hrubieszow.pl\/index.php\/wp-json\/wp\/v2\/pages"}],"about":[{"href":"https:\/\/sp1hrubieszow.pl\/index.php\/wp-json\/wp\/v2\/types\/page"}],"author":[{"embeddable":true,"href":"https:\/\/sp1hrubieszow.pl\/index.php\/wp-json\/wp\/v2\/users\/2"}],"replies":[{"embeddable":true,"href":"https:\/\/sp1hrubieszow.pl\/index.php\/wp-json\/wp\/v2\/comments?post=19273"}],"version-history":[{"count":1,"href":"https:\/\/sp1hrubieszow.pl\/index.php\/wp-json\/wp\/v2\/pages\/19273\/revisions"}],"predecessor-version":[{"id":19274,"href":"https:\/\/sp1hrubieszow.pl\/index.php\/wp-json\/wp\/v2\/pages\/19273\/revisions\/19274"}],"up":[{"embeddable":true,"href":"https:\/\/sp1hrubieszow.pl\/index.php\/wp-json\/wp\/v2\/pages\/5983"}],"wp:attachment":[{"href":"https:\/\/sp1hrubieszow.pl\/index.php\/wp-json\/wp\/v2\/media?parent=19273"}],"curies":[{"name":"wp","href":"https:\/\/api.w.org\/{rel}","templated":true}]}}