{"id":19255,"date":"2023-02-14T20:14:33","date_gmt":"2023-02-14T19:14:33","guid":{"rendered":"https:\/\/sp1hrubieszow.pl\/?page_id=19255"},"modified":"2023-02-14T20:14:59","modified_gmt":"2023-02-14T19:14:59","slug":"dzien-pizzy","status":"publish","type":"page","link":"https:\/\/sp1hrubieszow.pl\/index.php\/kronika-2020-2021\/dzien-pizzy\/","title":{"rendered":"<strong>Dzie\u0144 Pizzy<\/strong>"},"content":{"rendered":"\n<p><span style=\"color: #000080;\">W dniach 7-8 lutego 2023r. w ramach Mi\u0119dzynarodowego Dnia Pizzy w Szkole Podstawowej Nr 3 w Hrubieszowie odby\u0142y si\u0119 warsztaty kulinarne zorganizowane przez M\u0142odzie\u017cow\u0105 Rad\u0119 Miejsk\u0105. W zaj\u0119ciach brali udzia\u0142 uczniowie klas 4-8 ze wszystkich szk\u00f3\u0142 podstawowych&nbsp; z terenu miasta. G\u0142\u00f3wnym sponsorem warsztat\u00f3w by\u0142a Restauracja Gniecki z Hrubieszowa. Spotkanie mia\u0142o na celu: wsp\u00f3\u0142prac\u0119 i integracj\u0119 m\u0142odzie\u017cy, wymian\u0119 zdolno\u015bci i do\u015bwiadcze\u0144 kulinarnych, a przede wszystkim dobr\u0105 zabaw\u0119. Pomoc\u0105 i rad\u0105 m\u0142odej i zdolnej m\u0142odzie\u017cy s\u0142u\u017cyli nauczyciele i uczniowie ze Szko\u0142y Gastronomicznej w Hrubieszowie. Wsp\u00f3lny czas na robieniu pizzy up\u0142yn\u0105\u0142 szybko i przyjemnie. Serdecznie dzi\u0119kujemy wszystkim za pomoc i wsp\u00f3\u0142prac\u0119.&nbsp;<\/span><\/p>\nngg_shortcode_0_placeholder\n","protected":false},"excerpt":{"rendered":"<p>W dniach 7-8 lutego 2023r. w ramach Mi\u0119dzynarodowego Dnia Pizzy w Szkole Podstawowej Nr 3 w Hrubieszowie odby\u0142y si\u0119 warsztaty kulinarne zorganizowane przez M\u0142odzie\u017cow\u0105 Rad\u0119 Miejsk\u0105. W zaj\u0119ciach brali udzia\u0142 uczniowie klas 4-8 ze wszystkich szk\u00f3\u0142 podstawowych&nbsp; z terenu miasta. G\u0142\u00f3wnym sponsorem warsztat\u00f3w by\u0142a Restauracja Gniecki z Hrubieszowa. Spotkanie mia\u0142o na celu: wsp\u00f3\u0142prac\u0119 i integracj\u0119 [&hellip;]<\/p>\n","protected":false},"author":2,"featured_media":0,"parent":5983,"menu_order":0,"comment_status":"closed","ping_status":"closed","template":"","meta":{"ngg_post_thumbnail":0,"footnotes":""},"class_list":["post-19255","page","type-page","status-publish","hentry"],"_links":{"self":[{"href":"https:\/\/sp1hrubieszow.pl\/index.php\/wp-json\/wp\/v2\/pages\/19255","targetHints":{"allow":["GET"]}}],"collection":[{"href":"https:\/\/sp1hrubieszow.pl\/index.php\/wp-json\/wp\/v2\/pages"}],"about":[{"href":"https:\/\/sp1hrubieszow.pl\/index.php\/wp-json\/wp\/v2\/types\/page"}],"author":[{"embeddable":true,"href":"https:\/\/sp1hrubieszow.pl\/index.php\/wp-json\/wp\/v2\/users\/2"}],"replies":[{"embeddable":true,"href":"https:\/\/sp1hrubieszow.pl\/index.php\/wp-json\/wp\/v2\/comments?post=19255"}],"version-history":[{"count":1,"href":"https:\/\/sp1hrubieszow.pl\/index.php\/wp-json\/wp\/v2\/pages\/19255\/revisions"}],"predecessor-version":[{"id":19256,"href":"https:\/\/sp1hrubieszow.pl\/index.php\/wp-json\/wp\/v2\/pages\/19255\/revisions\/19256"}],"up":[{"embeddable":true,"href":"https:\/\/sp1hrubieszow.pl\/index.php\/wp-json\/wp\/v2\/pages\/5983"}],"wp:attachment":[{"href":"https:\/\/sp1hrubieszow.pl\/index.php\/wp-json\/wp\/v2\/media?parent=19255"}],"curies":[{"name":"wp","href":"https:\/\/api.w.org\/{rel}","templated":true}]}}