{"id":19231,"date":"2023-02-14T19:50:03","date_gmt":"2023-02-14T18:50:03","guid":{"rendered":"https:\/\/sp1hrubieszow.pl\/?page_id=19231"},"modified":"2023-02-14T19:50:28","modified_gmt":"2023-02-14T18:50:28","slug":"zabawa-choinkowa","status":"publish","type":"page","link":"https:\/\/sp1hrubieszow.pl\/index.php\/kronika-2020-2021\/zabawa-choinkowa\/","title":{"rendered":"Zabawa choinkowa"},"content":{"rendered":"\n\n\n\n\n\n\n<p><span style=\"color: #000080;\">W dniach 6 -7 lutego w naszej szkole odby\u0142y si\u0119 zabawy choinkowe. Bawili\u015bmy si\u0119 \u015bwietnie przy nowych i starych przebojach muzycznych, a tak\u017ce ta\u0144cz\u0105c razem belgijk\u0119 oraz poloneza <span class=\"x3nfvp2 x1j61x8r x1fcty0u xdj266r xhhsvwb xat24cr xgzva0m xxymvpz xlup9mm x1kky2od\"><img loading=\"lazy\" decoding=\"async\" src=\"https:\/\/static.xx.fbcdn.net\/images\/emoji.php\/v9\/t7f\/1\/16\/1f60a.png\" alt=\"?\" width=\"16\" height=\"16\"><\/span> Ten wspania\u0142y czas i nasze doskona\u0142e humory uwiecznili\u015bmy na zdj\u0119ciach pozuj\u0105c przy specjalnie przygotowanej \u015bciance dla fotoreporter\u00f3w<\/span> <span class=\"x3nfvp2 x1j61x8r x1fcty0u xdj266r xhhsvwb xat24cr xgzva0m xxymvpz xlup9mm x1kky2od\"><img loading=\"lazy\" decoding=\"async\" src=\"https:\/\/static.xx.fbcdn.net\/images\/emoji.php\/v9\/t57\/1\/16\/1f609.png\" alt=\"?\" width=\"16\" height=\"16\"><\/span><\/p>\nngg_shortcode_0_placeholder\n","protected":false},"excerpt":{"rendered":"<p>W dniach 6 -7 lutego w naszej szkole odby\u0142y si\u0119 zabawy choinkowe. Bawili\u015bmy si\u0119 \u015bwietnie przy nowych i starych przebojach muzycznych, a tak\u017ce ta\u0144cz\u0105c razem belgijk\u0119 oraz poloneza Ten wspania\u0142y czas i nasze doskona\u0142e humory uwiecznili\u015bmy na zdj\u0119ciach pozuj\u0105c przy specjalnie przygotowanej \u015bciance dla fotoreporter\u00f3w<\/p>\n","protected":false},"author":2,"featured_media":0,"parent":5983,"menu_order":0,"comment_status":"closed","ping_status":"closed","template":"","meta":{"ngg_post_thumbnail":0,"footnotes":""},"class_list":["post-19231","page","type-page","status-publish","hentry"],"_links":{"self":[{"href":"https:\/\/sp1hrubieszow.pl\/index.php\/wp-json\/wp\/v2\/pages\/19231","targetHints":{"allow":["GET"]}}],"collection":[{"href":"https:\/\/sp1hrubieszow.pl\/index.php\/wp-json\/wp\/v2\/pages"}],"about":[{"href":"https:\/\/sp1hrubieszow.pl\/index.php\/wp-json\/wp\/v2\/types\/page"}],"author":[{"embeddable":true,"href":"https:\/\/sp1hrubieszow.pl\/index.php\/wp-json\/wp\/v2\/users\/2"}],"replies":[{"embeddable":true,"href":"https:\/\/sp1hrubieszow.pl\/index.php\/wp-json\/wp\/v2\/comments?post=19231"}],"version-history":[{"count":1,"href":"https:\/\/sp1hrubieszow.pl\/index.php\/wp-json\/wp\/v2\/pages\/19231\/revisions"}],"predecessor-version":[{"id":19232,"href":"https:\/\/sp1hrubieszow.pl\/index.php\/wp-json\/wp\/v2\/pages\/19231\/revisions\/19232"}],"up":[{"embeddable":true,"href":"https:\/\/sp1hrubieszow.pl\/index.php\/wp-json\/wp\/v2\/pages\/5983"}],"wp:attachment":[{"href":"https:\/\/sp1hrubieszow.pl\/index.php\/wp-json\/wp\/v2\/media?parent=19231"}],"curies":[{"name":"wp","href":"https:\/\/api.w.org\/{rel}","templated":true}]}}