{"id":19201,"date":"2023-02-12T21:03:00","date_gmt":"2023-02-12T20:03:00","guid":{"rendered":"https:\/\/sp1hrubieszow.pl\/?page_id=19201"},"modified":"2023-02-12T21:03:45","modified_gmt":"2023-02-12T20:03:45","slug":"rekrutacja-do-klasy-pierwszej","status":"publish","type":"page","link":"https:\/\/sp1hrubieszow.pl\/index.php\/kronika-2020-2021\/rekrutacja-do-klasy-pierwszej\/","title":{"rendered":"Rekrutacja do klasy pierwszej"},"content":{"rendered":"\n<h1><span style=\"color: #000080;\"><strong><a style=\"color: #000080;\" href=\"http:\/\/sp1hrubieszow.pl\/wp-content\/uploads\/2023\/02\/Rekrutacja-do-klasy-pierwszej-na-rok-szkolny-2022-23.doc\">Rekrutacja do klasy pierwszej na rok szkolny 2022-23<\/a><\/strong><\/span><\/h1>\n<p><span style=\"color: #000080;\">Wszystkie dokumenty dost\u0119pne s\u0105 w zak\u0142adce REKRUTACJA.&nbsp;<\/span><\/p>\n<p><span style=\"color: #000080;\">Zapraszamy!<\/span><\/p>\n","protected":false},"excerpt":{"rendered":"<p>Rekrutacja do klasy pierwszej na rok szkolny 2022-23 Wszystkie dokumenty dost\u0119pne s\u0105 w zak\u0142adce REKRUTACJA.&nbsp; Zapraszamy!<\/p>\n","protected":false},"author":2,"featured_media":0,"parent":5983,"menu_order":0,"comment_status":"closed","ping_status":"closed","template":"","meta":{"ngg_post_thumbnail":0,"footnotes":""},"class_list":["post-19201","page","type-page","status-publish","hentry"],"_links":{"self":[{"href":"https:\/\/sp1hrubieszow.pl\/index.php\/wp-json\/wp\/v2\/pages\/19201","targetHints":{"allow":["GET"]}}],"collection":[{"href":"https:\/\/sp1hrubieszow.pl\/index.php\/wp-json\/wp\/v2\/pages"}],"about":[{"href":"https:\/\/sp1hrubieszow.pl\/index.php\/wp-json\/wp\/v2\/types\/page"}],"author":[{"embeddable":true,"href":"https:\/\/sp1hrubieszow.pl\/index.php\/wp-json\/wp\/v2\/users\/2"}],"replies":[{"embeddable":true,"href":"https:\/\/sp1hrubieszow.pl\/index.php\/wp-json\/wp\/v2\/comments?post=19201"}],"version-history":[{"count":1,"href":"https:\/\/sp1hrubieszow.pl\/index.php\/wp-json\/wp\/v2\/pages\/19201\/revisions"}],"predecessor-version":[{"id":19202,"href":"https:\/\/sp1hrubieszow.pl\/index.php\/wp-json\/wp\/v2\/pages\/19201\/revisions\/19202"}],"up":[{"embeddable":true,"href":"https:\/\/sp1hrubieszow.pl\/index.php\/wp-json\/wp\/v2\/pages\/5983"}],"wp:attachment":[{"href":"https:\/\/sp1hrubieszow.pl\/index.php\/wp-json\/wp\/v2\/media?parent=19201"}],"curies":[{"name":"wp","href":"https:\/\/api.w.org\/{rel}","templated":true}]}}