{"id":19130,"date":"2023-02-12T20:03:24","date_gmt":"2023-02-12T19:03:24","guid":{"rendered":"https:\/\/sp1hrubieszow.pl\/?page_id=19130"},"modified":"2023-02-12T20:04:00","modified_gmt":"2023-02-12T19:04:00","slug":"zimowe-szalenstwo","status":"publish","type":"page","link":"https:\/\/sp1hrubieszow.pl\/index.php\/kronika-2020-2021\/zimowe-szalenstwo\/","title":{"rendered":"Zimowe szale\u0144stwo"},"content":{"rendered":"\n<p><span style=\"color: #000080;\">Korzystaj\u0105c z zimowej aury uczniowie klas 5 oraz klasy 4b wybrali si\u0119 na kulig do malowniczej miejscowo\u015bci Susiec. \u015anieg, sanie i las<span class=\"x3nfvp2 x1j61x8r x1fcty0u xdj266r xhhsvwb xat24cr xgzva0m xxymvpz xlup9mm x1kky2od\"><img loading=\"lazy\" decoding=\"async\" src=\"https:\/\/static.xx.fbcdn.net\/images\/emoji.php\/v9\/teb\/1\/16\/2763.png\" alt=\"\u2763\ufe0f\" width=\"16\" height=\"16\"><\/span> Czego mo\u017cna chcie\u0107 wi\u0119cej?! <span class=\"x3nfvp2 x1j61x8r x1fcty0u xdj266r xhhsvwb xat24cr xgzva0m xxymvpz xlup9mm x1kky2od\"><img loading=\"lazy\" decoding=\"async\" src=\"https:\/\/static.xx.fbcdn.net\/images\/emoji.php\/v9\/t7f\/1\/16\/1f60a.png\" alt=\"?\" width=\"16\" height=\"16\"><\/span><span class=\"x3nfvp2 x1j61x8r x1fcty0u xdj266r xhhsvwb xat24cr xgzva0m xxymvpz xlup9mm x1kky2od\"><img loading=\"lazy\" decoding=\"async\" src=\"https:\/\/static.xx.fbcdn.net\/images\/emoji.php\/v9\/t57\/1\/16\/1f609.png\" alt=\"?\" width=\"16\" height=\"16\"><\/span> By\u0142 te\u017c czas na ognisko i kie\u0142baski oraz zimowe szale\u0144stwo &#8211; zjazdy z g\u00f3rki na workach i bitwy na \u015bnie\u017cki<span class=\"x3nfvp2 x1j61x8r x1fcty0u xdj266r xhhsvwb xat24cr xgzva0m xxymvpz xlup9mm x1kky2od\"><img loading=\"lazy\" decoding=\"async\" class=\"\" src=\"https:\/\/static.xx.fbcdn.net\/images\/emoji.php\/v9\/t2e\/1\/16\/2744.png\" alt=\"\u2744\ufe0f\" width=\"16\" height=\"16\">&nbsp;<\/span>By\u0142o wspaniale <span class=\"x3nfvp2 x1j61x8r x1fcty0u xdj266r xhhsvwb xat24cr xgzva0m xxymvpz xlup9mm x1kky2od\"><img loading=\"lazy\" decoding=\"async\" src=\"https:\/\/static.xx.fbcdn.net\/images\/emoji.php\/v9\/tea\/1\/16\/1f970.png\" alt=\"?\" width=\"16\" height=\"16\"><\/span><\/span><\/p>\nngg_shortcode_0_placeholder\n","protected":false},"excerpt":{"rendered":"<p>Korzystaj\u0105c z zimowej aury uczniowie klas 5 oraz klasy 4b wybrali si\u0119 na kulig do malowniczej miejscowo\u015bci Susiec. \u015anieg, sanie i las Czego mo\u017cna chcie\u0107 wi\u0119cej?! By\u0142 te\u017c czas na ognisko i kie\u0142baski oraz zimowe szale\u0144stwo &#8211; zjazdy z g\u00f3rki na workach i bitwy na \u015bnie\u017cki&nbsp;By\u0142o wspaniale<\/p>\n","protected":false},"author":2,"featured_media":0,"parent":5983,"menu_order":0,"comment_status":"closed","ping_status":"closed","template":"","meta":{"ngg_post_thumbnail":0,"footnotes":""},"class_list":["post-19130","page","type-page","status-publish","hentry"],"_links":{"self":[{"href":"https:\/\/sp1hrubieszow.pl\/index.php\/wp-json\/wp\/v2\/pages\/19130","targetHints":{"allow":["GET"]}}],"collection":[{"href":"https:\/\/sp1hrubieszow.pl\/index.php\/wp-json\/wp\/v2\/pages"}],"about":[{"href":"https:\/\/sp1hrubieszow.pl\/index.php\/wp-json\/wp\/v2\/types\/page"}],"author":[{"embeddable":true,"href":"https:\/\/sp1hrubieszow.pl\/index.php\/wp-json\/wp\/v2\/users\/2"}],"replies":[{"embeddable":true,"href":"https:\/\/sp1hrubieszow.pl\/index.php\/wp-json\/wp\/v2\/comments?post=19130"}],"version-history":[{"count":1,"href":"https:\/\/sp1hrubieszow.pl\/index.php\/wp-json\/wp\/v2\/pages\/19130\/revisions"}],"predecessor-version":[{"id":19131,"href":"https:\/\/sp1hrubieszow.pl\/index.php\/wp-json\/wp\/v2\/pages\/19130\/revisions\/19131"}],"up":[{"embeddable":true,"href":"https:\/\/sp1hrubieszow.pl\/index.php\/wp-json\/wp\/v2\/pages\/5983"}],"wp:attachment":[{"href":"https:\/\/sp1hrubieszow.pl\/index.php\/wp-json\/wp\/v2\/media?parent=19130"}],"curies":[{"name":"wp","href":"https:\/\/api.w.org\/{rel}","templated":true}]}}