{"id":19105,"date":"2023-02-12T19:52:21","date_gmt":"2023-02-12T18:52:21","guid":{"rendered":"https:\/\/sp1hrubieszow.pl\/?page_id=19105"},"modified":"2023-02-12T19:52:52","modified_gmt":"2023-02-12T18:52:52","slug":"wyjazd-na-narty-2","status":"publish","type":"page","link":"https:\/\/sp1hrubieszow.pl\/index.php\/kronika-2020-2021\/wyjazd-na-narty-2\/","title":{"rendered":"Wyjazd na narty"},"content":{"rendered":"\n<p><span style=\"color: #000080;\">Korzystaj\u0105c z urok\u00f3w zimy ponad 40 osobowa grupa uczni\u00f3w pod okiem naszych nauczycieli mia\u0142a okazj\u0119 zapozna\u0107 si\u0119 z podstawami narciarstwa zjazdowego. Ju\u017c niebawem nast\u0119pny wyjazd.<\/span> <span class=\"x3nfvp2 x1j61x8r x1fcty0u xdj266r xhhsvwb xat24cr xgzva0m xxymvpz xlup9mm x1kky2od\"><img loading=\"lazy\" decoding=\"async\" src=\"https:\/\/static.xx.fbcdn.net\/images\/emoji.php\/v9\/t4c\/1\/16\/1f642.png\" alt=\"?\" width=\"16\" height=\"16\"><\/span><\/p>\nngg_shortcode_0_placeholder\n","protected":false},"excerpt":{"rendered":"<p>Korzystaj\u0105c z urok\u00f3w zimy ponad 40 osobowa grupa uczni\u00f3w pod okiem naszych nauczycieli mia\u0142a okazj\u0119 zapozna\u0107 si\u0119 z podstawami narciarstwa zjazdowego. Ju\u017c niebawem nast\u0119pny wyjazd.<\/p>\n","protected":false},"author":2,"featured_media":0,"parent":5983,"menu_order":0,"comment_status":"closed","ping_status":"closed","template":"","meta":{"ngg_post_thumbnail":0,"footnotes":""},"class_list":["post-19105","page","type-page","status-publish","hentry"],"_links":{"self":[{"href":"https:\/\/sp1hrubieszow.pl\/index.php\/wp-json\/wp\/v2\/pages\/19105","targetHints":{"allow":["GET"]}}],"collection":[{"href":"https:\/\/sp1hrubieszow.pl\/index.php\/wp-json\/wp\/v2\/pages"}],"about":[{"href":"https:\/\/sp1hrubieszow.pl\/index.php\/wp-json\/wp\/v2\/types\/page"}],"author":[{"embeddable":true,"href":"https:\/\/sp1hrubieszow.pl\/index.php\/wp-json\/wp\/v2\/users\/2"}],"replies":[{"embeddable":true,"href":"https:\/\/sp1hrubieszow.pl\/index.php\/wp-json\/wp\/v2\/comments?post=19105"}],"version-history":[{"count":1,"href":"https:\/\/sp1hrubieszow.pl\/index.php\/wp-json\/wp\/v2\/pages\/19105\/revisions"}],"predecessor-version":[{"id":19106,"href":"https:\/\/sp1hrubieszow.pl\/index.php\/wp-json\/wp\/v2\/pages\/19105\/revisions\/19106"}],"up":[{"embeddable":true,"href":"https:\/\/sp1hrubieszow.pl\/index.php\/wp-json\/wp\/v2\/pages\/5983"}],"wp:attachment":[{"href":"https:\/\/sp1hrubieszow.pl\/index.php\/wp-json\/wp\/v2\/media?parent=19105"}],"curies":[{"name":"wp","href":"https:\/\/api.w.org\/{rel}","templated":true}]}}