{"id":19039,"date":"2023-02-07T22:18:01","date_gmt":"2023-02-07T21:18:01","guid":{"rendered":"https:\/\/sp1hrubieszow.pl\/?page_id=19039"},"modified":"2023-02-08T21:21:35","modified_gmt":"2023-02-08T20:21:35","slug":"sukcesy-naszych-uczniow","status":"publish","type":"page","link":"https:\/\/sp1hrubieszow.pl\/index.php\/kronika-2020-2021\/sukcesy-naszych-uczniow\/","title":{"rendered":"Sukcesy naszych uczni\u00f3w"},"content":{"rendered":"\n<p>&nbsp;<span style=\"color: #000080;\">29 stycznia 2023 roku uczniowie naszej szko\u0142y odebrali wspania\u0142e nagrody ufundowane przez Starostwo Powiatowe w Hrubieszowie za konkurs fotograficzno-plastyczny &#8222;POWIAT HRUBIESZOWSKI JESIENI\u0104&#8221; \u2013 edycja III. W pierwszej kategorii wiekowej \u2013 praca<\/span> <span style=\"color: #000080;\">plastyczna I miejsce zaj\u0105\u0142 Jakub Karpiuk z klasy 2 b, II miejsce Dawid Go\u0142\u0119biowski z klasy<\/span> <span style=\"color: #000080;\">2 b. W drugiej kategorii wiekowej \u2013 praca plastyczne wyr\u00f3\u017cnienie otrzyma\u0142a Lena Ni\u017anikowska z klasy 4c.<\/span><\/p>\n<p style=\"text-align: center;\"><span style=\"color: #000080;\">Gratulujemy zwyci\u0119zcom!<\/span><\/p>\nngg_shortcode_0_placeholder\nngg_shortcode_1_placeholder\n","protected":false},"excerpt":{"rendered":"<p>&nbsp;29 stycznia 2023 roku uczniowie naszej szko\u0142y odebrali wspania\u0142e nagrody ufundowane przez Starostwo Powiatowe w Hrubieszowie za konkurs fotograficzno-plastyczny &#8222;POWIAT HRUBIESZOWSKI JESIENI\u0104&#8221; \u2013 edycja III. W pierwszej kategorii wiekowej \u2013 praca plastyczna I miejsce zaj\u0105\u0142 Jakub Karpiuk z klasy 2 b, II miejsce Dawid Go\u0142\u0119biowski z klasy 2 b. W drugiej kategorii wiekowej \u2013 praca [&hellip;]<\/p>\n","protected":false},"author":2,"featured_media":0,"parent":5983,"menu_order":0,"comment_status":"closed","ping_status":"closed","template":"","meta":{"ngg_post_thumbnail":0,"footnotes":""},"class_list":["post-19039","page","type-page","status-publish","hentry"],"_links":{"self":[{"href":"https:\/\/sp1hrubieszow.pl\/index.php\/wp-json\/wp\/v2\/pages\/19039","targetHints":{"allow":["GET"]}}],"collection":[{"href":"https:\/\/sp1hrubieszow.pl\/index.php\/wp-json\/wp\/v2\/pages"}],"about":[{"href":"https:\/\/sp1hrubieszow.pl\/index.php\/wp-json\/wp\/v2\/types\/page"}],"author":[{"embeddable":true,"href":"https:\/\/sp1hrubieszow.pl\/index.php\/wp-json\/wp\/v2\/users\/2"}],"replies":[{"embeddable":true,"href":"https:\/\/sp1hrubieszow.pl\/index.php\/wp-json\/wp\/v2\/comments?post=19039"}],"version-history":[{"count":3,"href":"https:\/\/sp1hrubieszow.pl\/index.php\/wp-json\/wp\/v2\/pages\/19039\/revisions"}],"predecessor-version":[{"id":19047,"href":"https:\/\/sp1hrubieszow.pl\/index.php\/wp-json\/wp\/v2\/pages\/19039\/revisions\/19047"}],"up":[{"embeddable":true,"href":"https:\/\/sp1hrubieszow.pl\/index.php\/wp-json\/wp\/v2\/pages\/5983"}],"wp:attachment":[{"href":"https:\/\/sp1hrubieszow.pl\/index.php\/wp-json\/wp\/v2\/media?parent=19039"}],"curies":[{"name":"wp","href":"https:\/\/api.w.org\/{rel}","templated":true}]}}