{"id":19021,"date":"2023-02-02T22:04:20","date_gmt":"2023-02-02T21:04:20","guid":{"rendered":"https:\/\/sp1hrubieszow.pl\/?page_id=19021"},"modified":"2023-02-02T22:08:38","modified_gmt":"2023-02-02T21:08:38","slug":"regulamin-plastyczno-jezykowego-konkursu-walentynkowego","status":"publish","type":"page","link":"https:\/\/sp1hrubieszow.pl\/index.php\/kronika-2020-2021\/regulamin-plastyczno-jezykowego-konkursu-walentynkowego\/","title":{"rendered":"<strong>Regulamin <a>plastyczno-j\u0119zykowego konkursu <\/a>walentynkowego<\/strong>"},"content":{"rendered":"\n<p><strong>\u201eKartka dla ulubionego bohatera ksi\u0105\u017ckowego\u201d<\/strong><\/p>\n<p><strong>I Organizator:<\/strong><\/p>\n<p>Biblioteka szkolna Szko\u0142y Podstawowej Nr 1 im. Boles\u0142awa Prusa w Hrubieszowie-Anna Czernysz- nauczyciel j\u0119zyka polskiego\/ nauczyciel bibliotekarz, Ilona Winogrodzka- nauczyciel j\u0119zyka angielskiego\/nauczyciel bibliotekarz, Sylwia Wojak- nauczyciel j\u0119zyka rosyjskiego\/nauczyciel bibliotekarz.<\/p>\n<p><strong>II Cele konkursu:<\/strong><\/p>\n<ul>\n<li>rozbudzanie wyobra\u017ani i poczucia estetyki u dzieci,<\/li>\n<li>rozwijanie kreatywno\u015bci plastycznej dzieci,<\/li>\n<li>zach\u0119canie dzieci do si\u0119gania po literatur\u0119,<\/li>\n<li>propagowanie czytelnictwa jako alternatywy sp\u0119dzania wolnego czasu wobec nowoczesnych medi\u00f3w<\/li>\n<li>promowanie j\u0119zyka polskiego oraz j\u0119zyk\u00f3w obcych<\/li>\n<\/ul>\n<p><strong>III Za\u0142o\u017cenia og\u00f3lne:<\/strong><\/p>\n<p>Konkurs skierowany jest do dzieci z kl.1<strong>&#8211;<\/strong>3 oraz kl.4-8 Szko\u0142y Podstawowej nr 1 im. Boles\u0142awa Prusa w&nbsp; Hrubieszowie. Zadaniem uczestnik\u00f3w jest samodzielne wykonanie kartki walentynkowej zgodnie z&nbsp; tematem konkursu plastyczno-j\u0119zykowego \u201eWalentynka dla&nbsp;ulubionego bohatera ksi\u0105\u017ckowego\u201d oraz wpisanie wiersza lub cytatu o&nbsp;mi\u0142o\u015bci w jednym z&nbsp;trzech j\u0119zyk\u00f3w do wyboru: polski, angielski, rosyjski (kl.4-8). Kartka walentynkowa powinna by\u0107 wykonana samodzielnie, dowoln\u0105, ulubion\u0105 technik\u0105. Ka\u017cdy uczestnik konkursu mo\u017ce dostarczy\u0107 tylko jedn\u0105 prac\u0119 plastyczn\u0105.<\/p>\n<p><strong>IV Terminy i ocena:<\/strong><\/p>\n<p>Prace konkursowe nale\u017cy dostarczy\u0107 do dnia 17 lutego 2022 r. do biblioteki szkolnej. Jury powo\u0142ane przez organizatora wybierze najciekawsze prace, kt\u00f3re zostan\u0105 nagrodzone w&nbsp;nast\u0119puj\u0105cych kategoriach:<\/p>\n<ul>\n<li>I kategoria-kl.1-3 (kartka walentynkowa)<\/li>\n<li>II kategoria-kl.4-8 (kartka walentynkowa z wierszem lub cytatem)<\/li>\n<\/ul>\n<p>Rozstrzygni\u0119cie konkursu nast\u0105pi 1 marca 2022r. Wyniki zostan\u0105 umieszczone na stronie internetowej i facebooku szko\u0142y. Prace konkursowe przechodz\u0105 na w\u0142asno\u015b\u0107 organizatora, zostan\u0105 wyeksponowane na pokonkursowej wystawie.<\/p>\n<p><strong>V Kryteria oceny:<\/strong><\/p>\n<ul>\n<li>samodzielno\u015b\u0107 wykonania pracy,<\/li>\n<li>zgodno\u015b\u0107 z tematem,<\/li>\n<li>pomys\u0142owo\u015b\u0107, og\u00f3lne wra\u017cenia artystyczne<\/li>\n<\/ul>\nngg_shortcode_0_placeholder\n<p>&nbsp;<\/p>\n","protected":false},"excerpt":{"rendered":"<p>\u201eKartka dla ulubionego bohatera ksi\u0105\u017ckowego\u201d I Organizator: Biblioteka szkolna Szko\u0142y Podstawowej Nr 1 im. Boles\u0142awa Prusa w Hrubieszowie-Anna Czernysz- nauczyciel j\u0119zyka polskiego\/ nauczyciel bibliotekarz, Ilona Winogrodzka- nauczyciel j\u0119zyka angielskiego\/nauczyciel bibliotekarz, Sylwia Wojak- nauczyciel j\u0119zyka rosyjskiego\/nauczyciel bibliotekarz. II Cele konkursu: rozbudzanie wyobra\u017ani i poczucia estetyki u dzieci, rozwijanie kreatywno\u015bci plastycznej dzieci, zach\u0119canie dzieci do si\u0119gania po [&hellip;]<\/p>\n","protected":false},"author":2,"featured_media":0,"parent":5983,"menu_order":0,"comment_status":"closed","ping_status":"closed","template":"","meta":{"ngg_post_thumbnail":0,"footnotes":""},"class_list":["post-19021","page","type-page","status-publish","hentry"],"_links":{"self":[{"href":"https:\/\/sp1hrubieszow.pl\/index.php\/wp-json\/wp\/v2\/pages\/19021","targetHints":{"allow":["GET"]}}],"collection":[{"href":"https:\/\/sp1hrubieszow.pl\/index.php\/wp-json\/wp\/v2\/pages"}],"about":[{"href":"https:\/\/sp1hrubieszow.pl\/index.php\/wp-json\/wp\/v2\/types\/page"}],"author":[{"embeddable":true,"href":"https:\/\/sp1hrubieszow.pl\/index.php\/wp-json\/wp\/v2\/users\/2"}],"replies":[{"embeddable":true,"href":"https:\/\/sp1hrubieszow.pl\/index.php\/wp-json\/wp\/v2\/comments?post=19021"}],"version-history":[{"count":3,"href":"https:\/\/sp1hrubieszow.pl\/index.php\/wp-json\/wp\/v2\/pages\/19021\/revisions"}],"predecessor-version":[{"id":19028,"href":"https:\/\/sp1hrubieszow.pl\/index.php\/wp-json\/wp\/v2\/pages\/19021\/revisions\/19028"}],"up":[{"embeddable":true,"href":"https:\/\/sp1hrubieszow.pl\/index.php\/wp-json\/wp\/v2\/pages\/5983"}],"wp:attachment":[{"href":"https:\/\/sp1hrubieszow.pl\/index.php\/wp-json\/wp\/v2\/media?parent=19021"}],"curies":[{"name":"wp","href":"https:\/\/api.w.org\/{rel}","templated":true}]}}