{"id":18995,"date":"2023-01-18T16:04:45","date_gmt":"2023-01-18T15:04:45","guid":{"rendered":"https:\/\/sp1hrubieszow.pl\/?page_id=18995"},"modified":"2023-01-18T16:05:13","modified_gmt":"2023-01-18T15:05:13","slug":"wyjazd-na-basen","status":"publish","type":"page","link":"https:\/\/sp1hrubieszow.pl\/index.php\/kronika-2020-2021\/wyjazd-na-basen\/","title":{"rendered":"Wyjazd na basen"},"content":{"rendered":"\n<p><span style=\"color: #000080;\">Uczniowie SP NR 1 ucieszeni feryjnym wyjazdem do Parku Wodnego w Che\u0142mie. Dzi\u0119kujemy <a class=\"x1i10hfl xjbqb8w x6umtig x1b1mbwd xaqea5y xav7gou x9f619 x1ypdohk xt0psk2 xe8uvvx xdj266r x11i5rnm xat24cr x1mh8g0r xexx8yu x4uap5 x18d9i69 xkhd6sd x16tdsg8 x1hl2dhg xggy1nq x1a2a7pz xt0b8zv x1qq9wsj xo1l8bm\" style=\"color: #000080;\" tabindex=\"0\" role=\"link\" href=\"https:\/\/www.facebook.com\/miastozklimatem?__cft__[0]=AZXYBNigAkp0k8YZnuA8EKh73noIxQPrIZRWv7drSti1hDeOmlr-0aiXiJs_yMifOFdrNZhIj0y72mdEHKRisvVq9BoR6YqsFFXA-bdpdnMiDBzgwbOYdMabjUwmrCqiwX8pm_peNQQBHULbYJFIpSrp-gHqqvPYD7HrdkI_v_Ow159dXQWDyNKz24lYzZXptcU&amp;__tn__=-]K-R\"><span class=\"xt0psk2\">Hrubiesz\u00f3w Miasto z Klimatem<\/span><\/a> za dofinansowanie przedsi\u0119wzi\u0119cia.<\/span><\/p>\nngg_shortcode_0_placeholder\n","protected":false},"excerpt":{"rendered":"<p>Uczniowie SP NR 1 ucieszeni feryjnym wyjazdem do Parku Wodnego w Che\u0142mie. Dzi\u0119kujemy Hrubiesz\u00f3w Miasto z Klimatem za dofinansowanie przedsi\u0119wzi\u0119cia.<\/p>\n","protected":false},"author":2,"featured_media":0,"parent":5983,"menu_order":0,"comment_status":"closed","ping_status":"closed","template":"","meta":{"ngg_post_thumbnail":0,"footnotes":""},"class_list":["post-18995","page","type-page","status-publish","hentry"],"_links":{"self":[{"href":"https:\/\/sp1hrubieszow.pl\/index.php\/wp-json\/wp\/v2\/pages\/18995","targetHints":{"allow":["GET"]}}],"collection":[{"href":"https:\/\/sp1hrubieszow.pl\/index.php\/wp-json\/wp\/v2\/pages"}],"about":[{"href":"https:\/\/sp1hrubieszow.pl\/index.php\/wp-json\/wp\/v2\/types\/page"}],"author":[{"embeddable":true,"href":"https:\/\/sp1hrubieszow.pl\/index.php\/wp-json\/wp\/v2\/users\/2"}],"replies":[{"embeddable":true,"href":"https:\/\/sp1hrubieszow.pl\/index.php\/wp-json\/wp\/v2\/comments?post=18995"}],"version-history":[{"count":1,"href":"https:\/\/sp1hrubieszow.pl\/index.php\/wp-json\/wp\/v2\/pages\/18995\/revisions"}],"predecessor-version":[{"id":18996,"href":"https:\/\/sp1hrubieszow.pl\/index.php\/wp-json\/wp\/v2\/pages\/18995\/revisions\/18996"}],"up":[{"embeddable":true,"href":"https:\/\/sp1hrubieszow.pl\/index.php\/wp-json\/wp\/v2\/pages\/5983"}],"wp:attachment":[{"href":"https:\/\/sp1hrubieszow.pl\/index.php\/wp-json\/wp\/v2\/media?parent=18995"}],"curies":[{"name":"wp","href":"https:\/\/api.w.org\/{rel}","templated":true}]}}