{"id":18976,"date":"2023-01-16T14:50:17","date_gmt":"2023-01-16T13:50:17","guid":{"rendered":"https:\/\/sp1hrubieszow.pl\/?page_id=18976"},"modified":"2023-01-16T14:50:41","modified_gmt":"2023-01-16T13:50:41","slug":"bezpieczenstwo-w-sieci","status":"publish","type":"page","link":"https:\/\/sp1hrubieszow.pl\/index.php\/kronika-2020-2021\/bezpieczenstwo-w-sieci\/","title":{"rendered":"Bezpiecze\u0144stwo w sieci"},"content":{"rendered":"\n<div class=\"x11i5rnm xat24cr x1mh8g0r x1vvkbs xtlvy1s x126k92a\">\n<div dir=\"auto\"><span style=\"color: #000080;\">W dniu 11.01.2023r. uczniowie klas: 4c, 5a, 5b, 5c, 6a, 6b wzi\u0119li udzia\u0142 w warsztatach pt. \u201eBezpiecze\u0144stwo w sieci\u201d, kt\u00f3re przeprowadzi\u0142 pan Robert Turski, reprezentuj\u0105cy firm\u0119 Edukacja 3.0. Podczas zaj\u0119\u0107 uczniowie zdobyli wiedz\u0119 z zakresu profilaktyki bezpiecze\u0144stwa w sieci o tematyce: kontakt z nieznajomymi, ochrona wizerunku, dezinformacja (fake news), oszustwa internetowe (phishing).<\/span><\/div>\n<\/div>\n<div class=\"x11i5rnm xat24cr x1mh8g0r x1vvkbs xtlvy1s x126k92a\">\n<div dir=\"auto\"><span style=\"color: #000080;\">O tym jak wa\u017cnym problemem jest bezpiecze\u0144stwo w sieci, mo\u017ce \u015bwiadczy\u0107 fakt, i\u017c nawet Komisja Europejska zaproponowa\u0142a coroczne obchodzenie w ca\u0142ej Europie, w pierwszej po\u0142owie lutego, Dnia Bezpiecznego Internetu. Tego dnia w szko\u0142ach organizowane s\u0105 zaj\u0119cia edukacyjne oraz konkursy o tematyce zwi\u0105zanej z przeciwdzia\u0142aniem zagro\u017ceniom w sieci internetowej.<\/span><\/div>\n<\/div>\n<div class=\"x11i5rnm xat24cr x1mh8g0r x1vvkbs xtlvy1s x126k92a\">\n<div dir=\"auto\"><span style=\"color: #000080;\">Maj\u0105c to na uwadze, ju\u017c po powrocie z ferii planujemy kolejne dzia\u0142ania, kt\u00f3re przybli\u017c\u0105 uczniom wiedz\u0119 z zakresu bezpiecznego korzystania z Internecie.<\/span><\/div>\n<div dir=\"auto\">&nbsp;<\/div>\n<\/div>\n<div class=\"x11i5rnm xat24cr x1mh8g0r x1vvkbs xtlvy1s x126k92a\">\n<div dir=\"auto\"><span style=\"color: #000080;\">Warsztaty zorganizowa\u0142y panie pedagog Marta Kuczy\u0144ska i Anna Karkuszewska we wsp\u00f3\u0142pracy z Gmin\u0105 Miejsk\u0105 Hrubiesz\u00f3w.<\/span><\/div>\n<div dir=\"auto\">\nngg_shortcode_0_placeholder\n<\/div>\n<\/div>\n","protected":false},"excerpt":{"rendered":"<p>W dniu 11.01.2023r. uczniowie klas: 4c, 5a, 5b, 5c, 6a, 6b wzi\u0119li udzia\u0142 w warsztatach pt. \u201eBezpiecze\u0144stwo w sieci\u201d, kt\u00f3re przeprowadzi\u0142 pan Robert Turski, reprezentuj\u0105cy firm\u0119 Edukacja 3.0. Podczas zaj\u0119\u0107 uczniowie zdobyli wiedz\u0119 z zakresu profilaktyki bezpiecze\u0144stwa w sieci o tematyce: kontakt z nieznajomymi, ochrona wizerunku, dezinformacja (fake news), oszustwa internetowe (phishing). O tym jak [&hellip;]<\/p>\n","protected":false},"author":2,"featured_media":0,"parent":5983,"menu_order":0,"comment_status":"closed","ping_status":"closed","template":"","meta":{"ngg_post_thumbnail":0,"footnotes":""},"class_list":["post-18976","page","type-page","status-publish","hentry"],"_links":{"self":[{"href":"https:\/\/sp1hrubieszow.pl\/index.php\/wp-json\/wp\/v2\/pages\/18976","targetHints":{"allow":["GET"]}}],"collection":[{"href":"https:\/\/sp1hrubieszow.pl\/index.php\/wp-json\/wp\/v2\/pages"}],"about":[{"href":"https:\/\/sp1hrubieszow.pl\/index.php\/wp-json\/wp\/v2\/types\/page"}],"author":[{"embeddable":true,"href":"https:\/\/sp1hrubieszow.pl\/index.php\/wp-json\/wp\/v2\/users\/2"}],"replies":[{"embeddable":true,"href":"https:\/\/sp1hrubieszow.pl\/index.php\/wp-json\/wp\/v2\/comments?post=18976"}],"version-history":[{"count":1,"href":"https:\/\/sp1hrubieszow.pl\/index.php\/wp-json\/wp\/v2\/pages\/18976\/revisions"}],"predecessor-version":[{"id":18977,"href":"https:\/\/sp1hrubieszow.pl\/index.php\/wp-json\/wp\/v2\/pages\/18976\/revisions\/18977"}],"up":[{"embeddable":true,"href":"https:\/\/sp1hrubieszow.pl\/index.php\/wp-json\/wp\/v2\/pages\/5983"}],"wp:attachment":[{"href":"https:\/\/sp1hrubieszow.pl\/index.php\/wp-json\/wp\/v2\/media?parent=18976"}],"curies":[{"name":"wp","href":"https:\/\/api.w.org\/{rel}","templated":true}]}}