{"id":18803,"date":"2023-01-08T08:07:18","date_gmt":"2023-01-08T07:07:18","guid":{"rendered":"https:\/\/sp1hrubieszow.pl\/?page_id=18803"},"modified":"2023-01-08T08:10:12","modified_gmt":"2023-01-08T07:10:12","slug":"konkurs-plastyczny-kartka-bozonarodzeniowa-zorganizowany-przez-stowarzyszenie-na-rzecz-dzieci-i-mlodziezy-jestem","status":"publish","type":"page","link":"https:\/\/sp1hrubieszow.pl\/index.php\/kronika-2020-2021\/konkurs-plastyczny-kartka-bozonarodzeniowa-zorganizowany-przez-stowarzyszenie-na-rzecz-dzieci-i-mlodziezy-jestem\/","title":{"rendered":"Konkurs plastyczny \u201eKartka bo\u017conarodzeniowa\u201d\u00a0 zorganizowany przez Stowarzyszenie na Rzecz Dzieci i M\u0142odzie\u017cy &#8222;JESTEM&#8221;"},"content":{"rendered":"\n\n\n<p><span style=\"color: #000080;\">Konkurs zosta\u0142 zorganizowany w ramach realizacji programu wsparcia edukacji finansowanego przez Ministerstwo Edukacji i Nauki.<\/span><\/p>\n<p><span style=\"color: #000080;\">Na konkurs<\/span> <span style=\"color: #000080;\">wp\u0142yn\u0119\u0142o 68 prac wykonanych przez 44 uczestnik\u00f3w konkursu. Dnia 19 grudnia 2022 roku komisja konkursowa w sk\u0142adzie: Edyta Kucharska, Sylwia Wojak, Marta Lackowska, po dok\u0142adnym obejrzeniu kart bo\u017conarodzeniowych przyzna\u0142a nast\u0119puj\u0105ce nagrody:<\/span><\/p>\n<p><span style=\"color: #000080;\">I miejsce \u2013 Maja Szostak kl. 3b<\/span><\/p>\n<p><span style=\"color: #000080;\">II miejsce \u2013 Dawid Go\u0142\u0119biowski kl. 2b<\/span><\/p>\n<p><span style=\"color: #000080;\">&nbsp;&nbsp;&nbsp;&nbsp;&nbsp;&nbsp;&nbsp;&nbsp;&nbsp;&nbsp;&nbsp;&nbsp;&nbsp;&nbsp;&nbsp;&nbsp;&nbsp;&nbsp; Iga Nowosad kl. 5a<\/span><\/p>\n<p><span style=\"color: #000080;\">&nbsp;&nbsp;&nbsp;&nbsp;&nbsp;&nbsp;&nbsp;&nbsp;&nbsp;&nbsp;&nbsp;&nbsp;&nbsp;&nbsp;&nbsp;&nbsp;&nbsp;&nbsp; Karol Stadnicki kl. 7a<\/span><\/p>\n<p><span style=\"color: #000080;\">III miejsce \u2013 Agata Rojek kl. 2a<\/span><\/p>\n<p><span style=\"color: #000080;\">&nbsp;&nbsp;&nbsp;&nbsp;&nbsp;&nbsp;&nbsp;&nbsp;&nbsp;&nbsp;&nbsp;&nbsp;&nbsp;&nbsp;&nbsp;&nbsp;&nbsp;&nbsp; Sebastian W\u00f3r kl. 2a<\/span><\/p>\n<p><span style=\"color: #000080;\">Komisja przyzna\u0142a r\u00f3wnie\u017c wyr\u00f3\u017cnienia: Jakub Karpiuk kl. 2b, Milena Tor kl. 2a, Franciszek Socha kl. 2a, Natalia Balcer kl. 2a, Oliwia Sagadyn kl. 2a, Alan Tor kl. 2a, Dawid Ka\u0144ski kl.6a, Mateusz Ka\u0144ski kl. 4c, Mi\u0142osz Raczy\u0144ski kl. 2b, Julia Kiszek kl. 5b, Maja Magdziak kl. 5b, Miko\u0142aj Karpiuk kl. 5b, Miko\u0142aj Wsolak kl. 1b, Laura Kusiak kl. 1b, Zuzanna Mr\u00f3\u017c kl. 8c, Hanna Kisielewska kl. 3b.<\/span><\/p>\n<p><span style=\"color: #000080;\">Pozostali uczestnicy konkursu tak\u017ce zostali nagrodzeni dyplomem uznania oraz drobnym upominkiem.<\/span><\/p>\n<p><span style=\"color: #000080;\">Nagrody zosta\u0142y wr\u0119czone 22 grudnia 2022roku.<\/span><\/p>\nngg_shortcode_0_placeholder\n","protected":false},"excerpt":{"rendered":"<p>Konkurs zosta\u0142 zorganizowany w ramach realizacji programu wsparcia edukacji finansowanego przez Ministerstwo Edukacji i Nauki. Na konkurs wp\u0142yn\u0119\u0142o 68 prac wykonanych przez 44 uczestnik\u00f3w konkursu. Dnia 19 grudnia 2022 roku komisja konkursowa w sk\u0142adzie: Edyta Kucharska, Sylwia Wojak, Marta Lackowska, po dok\u0142adnym obejrzeniu kart bo\u017conarodzeniowych przyzna\u0142a nast\u0119puj\u0105ce nagrody: I miejsce \u2013 Maja Szostak kl. 3b [&hellip;]<\/p>\n","protected":false},"author":2,"featured_media":0,"parent":5983,"menu_order":0,"comment_status":"closed","ping_status":"closed","template":"","meta":{"ngg_post_thumbnail":0,"footnotes":""},"class_list":["post-18803","page","type-page","status-publish","hentry"],"_links":{"self":[{"href":"https:\/\/sp1hrubieszow.pl\/index.php\/wp-json\/wp\/v2\/pages\/18803","targetHints":{"allow":["GET"]}}],"collection":[{"href":"https:\/\/sp1hrubieszow.pl\/index.php\/wp-json\/wp\/v2\/pages"}],"about":[{"href":"https:\/\/sp1hrubieszow.pl\/index.php\/wp-json\/wp\/v2\/types\/page"}],"author":[{"embeddable":true,"href":"https:\/\/sp1hrubieszow.pl\/index.php\/wp-json\/wp\/v2\/users\/2"}],"replies":[{"embeddable":true,"href":"https:\/\/sp1hrubieszow.pl\/index.php\/wp-json\/wp\/v2\/comments?post=18803"}],"version-history":[{"count":3,"href":"https:\/\/sp1hrubieszow.pl\/index.php\/wp-json\/wp\/v2\/pages\/18803\/revisions"}],"predecessor-version":[{"id":18807,"href":"https:\/\/sp1hrubieszow.pl\/index.php\/wp-json\/wp\/v2\/pages\/18803\/revisions\/18807"}],"up":[{"embeddable":true,"href":"https:\/\/sp1hrubieszow.pl\/index.php\/wp-json\/wp\/v2\/pages\/5983"}],"wp:attachment":[{"href":"https:\/\/sp1hrubieszow.pl\/index.php\/wp-json\/wp\/v2\/media?parent=18803"}],"curies":[{"name":"wp","href":"https:\/\/api.w.org\/{rel}","templated":true}]}}