{"id":18783,"date":"2023-01-07T18:25:07","date_gmt":"2023-01-07T17:25:07","guid":{"rendered":"https:\/\/sp1hrubieszow.pl\/?page_id=18783"},"modified":"2023-01-07T18:25:38","modified_gmt":"2023-01-07T17:25:38","slug":"rozstrzygniecie-szkolnego-konkursu-profilaktycznego-2022","status":"publish","type":"page","link":"https:\/\/sp1hrubieszow.pl\/index.php\/kronika-2020-2021\/rozstrzygniecie-szkolnego-konkursu-profilaktycznego-2022\/","title":{"rendered":"Rozstrzygni\u0119cie Szkolnego Konkursu Profilaktycznego&#8217; 2022"},"content":{"rendered":"\n\n\n<div class=\"x11i5rnm xat24cr x1mh8g0r x1vvkbs xtlvy1s x126k92a\">\n<div dir=\"auto\"><span style=\"color: #000080;\">W dniu 20.12.2022r., podczas Szkolnego Dnia Profilaktyki, wr\u0119czono dyplomy i nagrody laureatom konkurs\u00f3w profilaktycznych, zorganizowanych w dw\u00f3ch grupach wiekowych.<\/span><\/div>\n<div dir=\"auto\"><span style=\"color: #000080;\">Komisja konkursowa w sk\u0142adzie: p. Ma\u0142gorzata Szumiata, p. Sylwia Wojak, p. Ilona Winogrodzka, p. Dorota Or\u0142owska, p. Joanna Sawicka, p. Ewa Filipowicz-Sidorczuk, p. Anna Czernusz, p. Monika Anigacz oceni\u0142a prace konkursowe i przyzna\u0142a nast\u0119puj\u0105ce nagrody i wyr\u00f3\u017cnienia:<\/span><\/div>\n<\/div>\n<div class=\"x11i5rnm xat24cr x1mh8g0r x1vvkbs xtlvy1s x126k92a\">\n<div dir=\"auto\"><span style=\"color: #000080;\">Konkurs plastyczno-literacki pt. &#8222;Recepta na zdrowie&#8221; dla uczni\u00f3w klas I-III:<\/span><\/div>\n<div dir=\"auto\"><span style=\"color: #000080;\">I miejsce: Laura Kusiak, kl. Ib<\/span><\/div>\n<div dir=\"auto\"><span style=\"color: #000080;\">II miejsce: Adrianna Mazurek, kl. IIa<\/span><\/div>\n<div dir=\"auto\"><span style=\"color: #000080;\">II miejsca: Jagoda Szczepanik, kl. IIIa oraz Urszula Nowak, kl. IIIb<\/span><\/div>\n<div dir=\"auto\"><span style=\"color: #000080;\">Wyr\u00f3\u017cnienia:<\/span><\/div>\n<div dir=\"auto\"><span style=\"color: #000080;\">1.Alan Flisiak, kl. IIb<\/span><\/div>\n<div dir=\"auto\"><span style=\"color: #000080;\">2.Dariusz Kraj, kl. Ia,<\/span><\/div>\n<div dir=\"auto\"><span style=\"color: #000080;\">3.Karolina Banach, kl. IIIa<\/span><\/div>\n<div dir=\"auto\"><span style=\"color: #000080;\">4.Amelia B\u0142aszczuk, kl. IIb<\/span><\/div>\n<div dir=\"auto\"><span style=\"color: #000080;\">5.Julia Tomi\u0142o, kl. IIb<\/span><\/div>\n<div dir=\"auto\"><span style=\"color: #000080;\">6.Martyna Pomianowska, kl. Ib<\/span><\/div>\n<div dir=\"auto\"><span style=\"color: #000080;\">7.Hubert Kawka, kl. Ia<\/span><\/div>\n<div dir=\"auto\"><span style=\"color: #000080;\">8.Magdalena Chabros, kl. Ib<\/span><\/div>\n<div dir=\"auto\"><span style=\"color: #000080;\">9.Franciszek Socha, kl. IIa<\/span><\/div>\n<\/div>\n<div class=\"x11i5rnm xat24cr x1mh8g0r x1vvkbs xtlvy1s x126k92a\">\n<div dir=\"auto\"><span style=\"color: #000080;\">Cele konkursu &#8222;Recepta na zdrowie&#8221;:<\/span><\/div>\n<div dir=\"auto\"><span style=\"color: #000080;\">1. Promowanie dba\u0142o\u015bci o zdrowie fizyczne i psychiczne.<\/span><\/div>\n<div dir=\"auto\"><span style=\"color: #000080;\">2. Propagowanie zdrowego od\u017cywiania oraz aktywno\u015bci fizycznej.<\/span><\/div>\n<div dir=\"auto\"><span style=\"color: #000080;\">3.Kszta\u0142towanie postaw prozdrowotnych i prospo\u0142ecznych.<\/span><\/div>\n<\/div>\n<div class=\"x11i5rnm xat24cr x1mh8g0r x1vvkbs xtlvy1s x126k92a\">\n<div dir=\"auto\"><span style=\"color: #000080;\">Laureaci konkursu profilaktycznego pt. ,,Ja m\u00f3wi\u0119 NIE&#8221;<\/span><\/div>\n<div dir=\"auto\"><span style=\"color: #000080;\">dla uczni\u00f3w klas IV-VIII<\/span><\/div>\n<div dir=\"auto\"><span style=\"color: #000080;\">Jakub Kaspruk, klasa VIIIb<\/span><\/div>\n<div dir=\"auto\"><span style=\"color: #000080;\">Jan Burdzy, klasa VIIIb<\/span><\/div>\n<div dir=\"auto\"><span style=\"color: #000080;\">Oktawian Kowalczuk, klasa VIIIb<\/span><\/div>\n<div dir=\"auto\"><span style=\"color: #000080;\">Kacper \u017bur, klasa Va<\/span><\/div>\n<\/div>\n<div class=\"x11i5rnm xat24cr x1mh8g0r x1vvkbs xtlvy1s x126k92a\">\n<div dir=\"auto\"><span style=\"color: #000080;\">Cele konkursu &#8222;Ja m\u00f3wi\u0119 NIE&#8221;:<\/span><\/div>\n<div dir=\"auto\"><span style=\"color: #000080;\">1. Propagowanie profilaktyki wszelkich uzale\u017cnie\u0144: od alkoholu, narkotyk\u00f3w, nikotyny, dopalaczy, napoj\u00f3w energetyzuj\u0105cych,<\/span><\/div>\n<div dir=\"auto\"><span style=\"color: #000080;\">2. U\u015bwiadomienie szkodliwego wp\u0142ywu uzale\u017cnie\u0144 na organizm cz\u0142owieka,<\/span><\/div>\n<div dir=\"auto\"><span style=\"color: #000080;\">3. Zwr\u00f3cenie uwagi uczestnikom konkursu na problem uzale\u017cnie\u0144 i poszerzenie ich wiedzy w tym zakresie.<\/span><\/div>\n<\/div>\n<div class=\"x11i5rnm xat24cr x1mh8g0r x1vvkbs xtlvy1s x126k92a\">\n<div dir=\"auto\"><span style=\"color: #000080;\">Konkursu zorganizowane zosta\u0142y przez pedagog\u00f3w szkolnych:<\/span><\/div>\n<div dir=\"auto\"><span style=\"color: #000080;\">-Konkurs &#8222;Recepta na zdrowie&#8221;- organizator p. Marta Kuczy\u0144ska<\/span><\/div>\n<div dir=\"auto\"><span style=\"color: #000080;\">-Konkurs &#8222;Ja m\u00f3wi\u0119 NIE&#8221;- organizator p. Anna Karkuszewska<\/span><\/div>\n<\/div>\n<div class=\"x11i5rnm xat24cr x1mh8g0r x1vvkbs xtlvy1s x126k92a\">\n<div dir=\"auto\"><span style=\"color: #000080;\">Konkursy og\u0142oszone by\u0142y w ramach realizacji program\u00f3w profilaktyki &#8222;Recepta na zdrowie&#8221; oraz ,,Ja m\u00f3wi\u0119 NIE&#8221;. Nagrody ufundowa\u0142a Miejska Komisja Rozwi\u0105zywania Problem\u00f3w Alkoholowych Gminy Miejskiej Hrubiesz\u00f3w.<\/span><\/div>\n<div dir=\"auto\"><span style=\"color: #000080;\">Prace konkursowe mo\u017cna podziwia\u0107 na dolnym korytarzu.<\/span><\/div>\n<div dir=\"auto\"><span style=\"color: #000080;\">Gratulujemy laureatom!<\/span><\/div>\n<div dir=\"auto\">\nngg_shortcode_0_placeholder\n<\/div>\n<\/div>\n","protected":false},"excerpt":{"rendered":"<p>W dniu 20.12.2022r., podczas Szkolnego Dnia Profilaktyki, wr\u0119czono dyplomy i nagrody laureatom konkurs\u00f3w profilaktycznych, zorganizowanych w dw\u00f3ch grupach wiekowych. Komisja konkursowa w sk\u0142adzie: p. Ma\u0142gorzata Szumiata, p. Sylwia Wojak, p. Ilona Winogrodzka, p. Dorota Or\u0142owska, p. Joanna Sawicka, p. Ewa Filipowicz-Sidorczuk, p. Anna Czernusz, p. Monika Anigacz oceni\u0142a prace konkursowe i przyzna\u0142a nast\u0119puj\u0105ce nagrody i [&hellip;]<\/p>\n","protected":false},"author":2,"featured_media":0,"parent":5983,"menu_order":0,"comment_status":"closed","ping_status":"closed","template":"","meta":{"ngg_post_thumbnail":0,"footnotes":""},"class_list":["post-18783","page","type-page","status-publish","hentry"],"_links":{"self":[{"href":"https:\/\/sp1hrubieszow.pl\/index.php\/wp-json\/wp\/v2\/pages\/18783","targetHints":{"allow":["GET"]}}],"collection":[{"href":"https:\/\/sp1hrubieszow.pl\/index.php\/wp-json\/wp\/v2\/pages"}],"about":[{"href":"https:\/\/sp1hrubieszow.pl\/index.php\/wp-json\/wp\/v2\/types\/page"}],"author":[{"embeddable":true,"href":"https:\/\/sp1hrubieszow.pl\/index.php\/wp-json\/wp\/v2\/users\/2"}],"replies":[{"embeddable":true,"href":"https:\/\/sp1hrubieszow.pl\/index.php\/wp-json\/wp\/v2\/comments?post=18783"}],"version-history":[{"count":1,"href":"https:\/\/sp1hrubieszow.pl\/index.php\/wp-json\/wp\/v2\/pages\/18783\/revisions"}],"predecessor-version":[{"id":18784,"href":"https:\/\/sp1hrubieszow.pl\/index.php\/wp-json\/wp\/v2\/pages\/18783\/revisions\/18784"}],"up":[{"embeddable":true,"href":"https:\/\/sp1hrubieszow.pl\/index.php\/wp-json\/wp\/v2\/pages\/5983"}],"wp:attachment":[{"href":"https:\/\/sp1hrubieszow.pl\/index.php\/wp-json\/wp\/v2\/media?parent=18783"}],"curies":[{"name":"wp","href":"https:\/\/api.w.org\/{rel}","templated":true}]}}