{"id":18738,"date":"2023-01-07T18:03:57","date_gmt":"2023-01-07T17:03:57","guid":{"rendered":"https:\/\/sp1hrubieszow.pl\/?page_id=18738"},"modified":"2023-01-07T18:04:25","modified_gmt":"2023-01-07T17:04:25","slug":"wolontariusze-pamietaja","status":"publish","type":"page","link":"https:\/\/sp1hrubieszow.pl\/index.php\/kronika-2020-2021\/wolontariusze-pamietaja\/","title":{"rendered":"WOLONTARIUSZE PAMI\u0118TAJ\u0104!"},"content":{"rendered":"\n\n\n<div class=\"x11i5rnm xat24cr x1mh8g0r x1vvkbs xtlvy1s x126k92a\">\n<div dir=\"auto\"><span style=\"color: #000080;\">Jak co roku, wolontariusze przed \u015awi\u0119tami Bo\u017cego Narodzenia przygotowywali dekoracje \u015bwi\u0105teczne, kt\u00f3re przekazali seniorom oraz osobom samotnym z najbli\u017cszej okolicy. G\u0142\u00f3wnym celem naszej inicjatywy by\u0142o zar\u00f3wno zach\u0119cenie uczni\u00f3w do niesienia pomocy innym, jak r\u00f3wnie\u017c budowanie wsp\u00f3lnot i wi\u0119zi mi\u0119dzypokoleniowych.<\/span><\/div>\n<\/div>\n<div class=\"x11i5rnm xat24cr x1mh8g0r x1vvkbs xtlvy1s x126k92a\">\n<div dir=\"auto\"><span style=\"color: #000080;\">Dzi\u0119kujemy wolontariuszom za po\u015bwi\u0119cony czas, zaanga\u017cowanie a przede wszystkim dobre serce. <span class=\"x3nfvp2 x1j61x8r x1fcty0u xdj266r xhhsvwb xat24cr xgzva0m xxymvpz xlup9mm x1kky2od\"><img loading=\"lazy\" decoding=\"async\" src=\"https:\/\/static.xx.fbcdn.net\/images\/emoji.php\/v9\/tea\/1\/16\/1f970.png\" alt=\"?\" width=\"16\" height=\"16\"><\/span><\/span><\/div>\n<div dir=\"auto\">\nngg_shortcode_0_placeholder\n<\/div>\n<\/div>\n","protected":false},"excerpt":{"rendered":"<p>Jak co roku, wolontariusze przed \u015awi\u0119tami Bo\u017cego Narodzenia przygotowywali dekoracje \u015bwi\u0105teczne, kt\u00f3re przekazali seniorom oraz osobom samotnym z najbli\u017cszej okolicy. G\u0142\u00f3wnym celem naszej inicjatywy by\u0142o zar\u00f3wno zach\u0119cenie uczni\u00f3w do niesienia pomocy innym, jak r\u00f3wnie\u017c budowanie wsp\u00f3lnot i wi\u0119zi mi\u0119dzypokoleniowych. Dzi\u0119kujemy wolontariuszom za po\u015bwi\u0119cony czas, zaanga\u017cowanie a przede wszystkim dobre serce.<\/p>\n","protected":false},"author":2,"featured_media":0,"parent":5983,"menu_order":0,"comment_status":"closed","ping_status":"closed","template":"","meta":{"ngg_post_thumbnail":0,"footnotes":""},"class_list":["post-18738","page","type-page","status-publish","hentry"],"_links":{"self":[{"href":"https:\/\/sp1hrubieszow.pl\/index.php\/wp-json\/wp\/v2\/pages\/18738","targetHints":{"allow":["GET"]}}],"collection":[{"href":"https:\/\/sp1hrubieszow.pl\/index.php\/wp-json\/wp\/v2\/pages"}],"about":[{"href":"https:\/\/sp1hrubieszow.pl\/index.php\/wp-json\/wp\/v2\/types\/page"}],"author":[{"embeddable":true,"href":"https:\/\/sp1hrubieszow.pl\/index.php\/wp-json\/wp\/v2\/users\/2"}],"replies":[{"embeddable":true,"href":"https:\/\/sp1hrubieszow.pl\/index.php\/wp-json\/wp\/v2\/comments?post=18738"}],"version-history":[{"count":1,"href":"https:\/\/sp1hrubieszow.pl\/index.php\/wp-json\/wp\/v2\/pages\/18738\/revisions"}],"predecessor-version":[{"id":18739,"href":"https:\/\/sp1hrubieszow.pl\/index.php\/wp-json\/wp\/v2\/pages\/18738\/revisions\/18739"}],"up":[{"embeddable":true,"href":"https:\/\/sp1hrubieszow.pl\/index.php\/wp-json\/wp\/v2\/pages\/5983"}],"wp:attachment":[{"href":"https:\/\/sp1hrubieszow.pl\/index.php\/wp-json\/wp\/v2\/media?parent=18738"}],"curies":[{"name":"wp","href":"https:\/\/api.w.org\/{rel}","templated":true}]}}