{"id":18712,"date":"2023-01-04T20:37:40","date_gmt":"2023-01-04T19:37:40","guid":{"rendered":"https:\/\/sp1hrubieszow.pl\/?page_id=18712"},"modified":"2023-01-04T20:38:14","modified_gmt":"2023-01-04T19:38:14","slug":"sukces-klasy-8a","status":"publish","type":"page","link":"https:\/\/sp1hrubieszow.pl\/index.php\/kronika-2020-2021\/sukces-klasy-8a\/","title":{"rendered":"Sukces klasy 8a"},"content":{"rendered":"\n<div dir=\"auto\"><span style=\"color: #000080;\">Klasa 8a zosta\u0142a laureatem og\u00f3lnopolskiego konkursu w KAMPANII ZACHOWAJ TRZE\u0179WY UMYS\u0141.<\/span><\/div>\n<div dir=\"auto\"><span style=\"color: #000080;\">Warunkiem udzia\u0142u by\u0142o nagranie filmiku pod has\u0142em&#8221; Nie czas na nud\u0119!&#8221; Wy\u0142oniono 6 zwyci\u0119skich prac. W\u015br\u00f3d nagrodzonych prac znalaz\u0142 si\u0119 film przygotowany przez uczni\u00f3w klasy 8a pod kierunkiem pani Ma\u0142gorzaty Greszety. <\/span><\/div>\n<div dir=\"auto\"><span style=\"color: #000080;\">Gratulujemy!!!<\/span><\/div>\n<div dir=\"auto\">&nbsp;<\/div>\n<div dir=\"auto\"><strong><span style=\"color: #000080;\"><a style=\"color: #000080;\" href=\"https:\/\/trzezwyumysl.pl\/2022\/12\/wyniki-konkursu-filmowego\/\">Wyniki konkursu filmowego (trzezwyumysl.pl)<\/a><\/span><\/strong><\/div>\n<div dir=\"auto\">&nbsp;<\/div>\n<div dir=\"auto\">&nbsp;<\/div>\n","protected":false},"excerpt":{"rendered":"<p>Klasa 8a zosta\u0142a laureatem og\u00f3lnopolskiego konkursu w KAMPANII ZACHOWAJ TRZE\u0179WY UMYS\u0141. Warunkiem udzia\u0142u by\u0142o nagranie filmiku pod has\u0142em&#8221; Nie czas na nud\u0119!&#8221; Wy\u0142oniono 6 zwyci\u0119skich prac. W\u015br\u00f3d nagrodzonych prac znalaz\u0142 si\u0119 film przygotowany przez uczni\u00f3w klasy 8a pod kierunkiem pani Ma\u0142gorzaty Greszety. Gratulujemy!!! &nbsp; Wyniki konkursu filmowego (trzezwyumysl.pl) &nbsp; &nbsp;<\/p>\n","protected":false},"author":2,"featured_media":0,"parent":5983,"menu_order":0,"comment_status":"closed","ping_status":"closed","template":"","meta":{"ngg_post_thumbnail":0,"footnotes":""},"class_list":["post-18712","page","type-page","status-publish","hentry"],"_links":{"self":[{"href":"https:\/\/sp1hrubieszow.pl\/index.php\/wp-json\/wp\/v2\/pages\/18712","targetHints":{"allow":["GET"]}}],"collection":[{"href":"https:\/\/sp1hrubieszow.pl\/index.php\/wp-json\/wp\/v2\/pages"}],"about":[{"href":"https:\/\/sp1hrubieszow.pl\/index.php\/wp-json\/wp\/v2\/types\/page"}],"author":[{"embeddable":true,"href":"https:\/\/sp1hrubieszow.pl\/index.php\/wp-json\/wp\/v2\/users\/2"}],"replies":[{"embeddable":true,"href":"https:\/\/sp1hrubieszow.pl\/index.php\/wp-json\/wp\/v2\/comments?post=18712"}],"version-history":[{"count":1,"href":"https:\/\/sp1hrubieszow.pl\/index.php\/wp-json\/wp\/v2\/pages\/18712\/revisions"}],"predecessor-version":[{"id":18713,"href":"https:\/\/sp1hrubieszow.pl\/index.php\/wp-json\/wp\/v2\/pages\/18712\/revisions\/18713"}],"up":[{"embeddable":true,"href":"https:\/\/sp1hrubieszow.pl\/index.php\/wp-json\/wp\/v2\/pages\/5983"}],"wp:attachment":[{"href":"https:\/\/sp1hrubieszow.pl\/index.php\/wp-json\/wp\/v2\/media?parent=18712"}],"curies":[{"name":"wp","href":"https:\/\/api.w.org\/{rel}","templated":true}]}}