{"id":18673,"date":"2022-12-14T23:43:06","date_gmt":"2022-12-14T22:43:06","guid":{"rendered":"https:\/\/sp1hrubieszow.pl\/?page_id=18673"},"modified":"2022-12-14T23:46:17","modified_gmt":"2022-12-14T22:46:17","slug":"mikolajkowy-turniej-tenisa-stolowego","status":"publish","type":"page","link":"https:\/\/sp1hrubieszow.pl\/index.php\/kronika-2020-2021\/mikolajkowy-turniej-tenisa-stolowego\/","title":{"rendered":"Miko\u0142ajkowy Turniej Tenisa Sto\u0142owego"},"content":{"rendered":"\n<div class=\"x11i5rnm xat24cr x1mh8g0r x1vvkbs xtlvy1s x126k92a\">\n<div dir=\"auto\"><span style=\"color: #000080;\">W dniu 14.12 w naszej szkole odby\u0142 si\u0119 Miko\u0142ajkowy Turniej Tenisa Sto\u0142owego. Rozgrywki by\u0142y niezwykle emocjonuj\u0105ce <span class=\"x3nfvp2 x1j61x8r x1fcty0u xdj266r xhhsvwb xat24cr xgzva0m xxymvpz xlup9mm x1kky2od\"><img loading=\"lazy\" decoding=\"async\" src=\"https:\/\/static.xx.fbcdn.net\/images\/emoji.php\/v9\/t4c\/1\/16\/1f642.png\" alt=\"?\" width=\"16\" height=\"16\"><\/span>, gratulujemy wszystkim uczestnikom<span class=\"x3nfvp2 x1j61x8r x1fcty0u xdj266r xhhsvwb xat24cr xgzva0m xxymvpz xlup9mm x1kky2od\"><img loading=\"lazy\" decoding=\"async\" src=\"https:\/\/static.xx.fbcdn.net\/images\/emoji.php\/v9\/tfe\/1\/16\/1f44f.png\" alt=\"?\" width=\"16\" height=\"16\"><\/span><\/span><\/div>\n<div dir=\"auto\">&nbsp;<\/div>\n<div dir=\"auto\"><span style=\"color: #000080;\">Wyniki:<\/span><\/div>\n<\/div>\n<div class=\"x11i5rnm xat24cr x1mh8g0r x1vvkbs xtlvy1s x126k92a\">\n<div dir=\"auto\"><span style=\"color: #000080;\">Dziewcz\u0119ta klasy 4<\/span><\/div>\n<div dir=\"auto\"><span style=\"color: #000080;\">1. Anna Kie\u0142basa<\/span><\/div>\n<div dir=\"auto\"><span style=\"color: #000080;\">2. Gabriela Skowron-Dzieniak<\/span><\/div>\n<div dir=\"auto\"><span style=\"color: #000080;\">3. Emilia Karpik<\/span><\/div>\n<div dir=\"auto\">&nbsp;<\/div>\n<\/div>\n<div class=\"x11i5rnm xat24cr x1mh8g0r x1vvkbs xtlvy1s x126k92a\">\n<div dir=\"auto\"><span style=\"color: #000080;\">ch\u0142opcy klasy 4<\/span><\/div>\n<div dir=\"auto\"><span style=\"color: #000080;\">1. Rafa\u0142 Jankowski<\/span><\/div>\n<div dir=\"auto\"><span style=\"color: #000080;\">2. Rados\u0142aw Borz\u0119cki<\/span><\/div>\n<div dir=\"auto\"><span style=\"color: #000080;\">3. Miko\u0142aj Zaj\u0105c<\/span><\/div>\n<div dir=\"auto\">&nbsp;<\/div>\n<\/div>\n<div class=\"x11i5rnm xat24cr x1mh8g0r x1vvkbs xtlvy1s x126k92a\">\n<div dir=\"auto\"><span style=\"color: #000080;\">Dziewcz\u0119ta klasy 5<\/span><\/div>\n<div dir=\"auto\"><span style=\"color: #000080;\">1. Dominika Ciemi\u0119ga<\/span><\/div>\n<div dir=\"auto\"><span style=\"color: #000080;\">2. Maja Magdziak<\/span><\/div>\n<div dir=\"auto\"><span style=\"color: #000080;\">3. Zuzanna Peczak<\/span><\/div>\n<div dir=\"auto\">&nbsp;<\/div>\n<\/div>\n<div class=\"x11i5rnm xat24cr x1mh8g0r x1vvkbs xtlvy1s x126k92a\">\n<div dir=\"auto\"><span style=\"color: #000080;\">Ch\u0142opcy klasy 5<\/span><\/div>\n<div dir=\"auto\"><span style=\"color: #000080;\">1. Alan Litwi\u0144czuk<\/span><\/div>\n<div dir=\"auto\"><span style=\"color: #000080;\">2. Eryk Urba\u0144ski<\/span><\/div>\n<div dir=\"auto\"><span style=\"color: #000080;\">3. Andrii Solohub<\/span><\/div>\n<div dir=\"auto\">&nbsp;<\/div>\n<\/div>\n<div class=\"x11i5rnm xat24cr x1mh8g0r x1vvkbs xtlvy1s x126k92a\">\n<div dir=\"auto\"><span style=\"color: #000080;\">Dziewcz\u0119ta klasy 6<\/span><\/div>\n<div dir=\"auto\"><span style=\"color: #000080;\">1. Nikola Pietryna<\/span><\/div>\n<div dir=\"auto\"><span style=\"color: #000080;\">2. Lena Ho\u0142\u00f3wek<\/span><\/div>\n<div dir=\"auto\"><span style=\"color: #000080;\">3. Nikola Nowak<\/span><\/div>\n<div dir=\"auto\">&nbsp;<\/div>\n<\/div>\n<div class=\"x11i5rnm xat24cr x1mh8g0r x1vvkbs xtlvy1s x126k92a\">\n<div dir=\"auto\"><span style=\"color: #000080;\">Ch\u0142opcy klasy 6<\/span><\/div>\n<div dir=\"auto\"><span style=\"color: #000080;\">1. Jakub G\u0142uszak<\/span><\/div>\n<div dir=\"auto\"><span style=\"color: #000080;\">2. Wojciech Malinowski<\/span><\/div>\n<div dir=\"auto\">&nbsp;<\/div>\n<\/div>\n<div class=\"x11i5rnm xat24cr x1mh8g0r x1vvkbs xtlvy1s x126k92a\">\n<div dir=\"auto\"><span style=\"color: #000080;\">Dziewcz\u0119ta klasy 8<\/span><\/div>\n<div dir=\"auto\"><span style=\"color: #000080;\">1. Wiktoria Zaj\u0105c<\/span><\/div>\n<div dir=\"auto\"><span style=\"color: #000080;\">2. Wiktoria Daciuk<\/span><\/div>\n<\/div>\n<div dir=\"auto\">\nngg_shortcode_0_placeholder\n<\/div>\n","protected":false},"excerpt":{"rendered":"<p>W dniu 14.12 w naszej szkole odby\u0142 si\u0119 Miko\u0142ajkowy Turniej Tenisa Sto\u0142owego. Rozgrywki by\u0142y niezwykle emocjonuj\u0105ce , gratulujemy wszystkim uczestnikom &nbsp; Wyniki: Dziewcz\u0119ta klasy 4 1. Anna Kie\u0142basa 2. Gabriela Skowron-Dzieniak 3. Emilia Karpik &nbsp; ch\u0142opcy klasy 4 1. Rafa\u0142 Jankowski 2. Rados\u0142aw Borz\u0119cki 3. Miko\u0142aj Zaj\u0105c &nbsp; Dziewcz\u0119ta klasy 5 1. Dominika Ciemi\u0119ga 2. [&hellip;]<\/p>\n","protected":false},"author":2,"featured_media":0,"parent":5983,"menu_order":0,"comment_status":"closed","ping_status":"closed","template":"","meta":{"ngg_post_thumbnail":0,"footnotes":""},"class_list":["post-18673","page","type-page","status-publish","hentry"],"_links":{"self":[{"href":"https:\/\/sp1hrubieszow.pl\/index.php\/wp-json\/wp\/v2\/pages\/18673","targetHints":{"allow":["GET"]}}],"collection":[{"href":"https:\/\/sp1hrubieszow.pl\/index.php\/wp-json\/wp\/v2\/pages"}],"about":[{"href":"https:\/\/sp1hrubieszow.pl\/index.php\/wp-json\/wp\/v2\/types\/page"}],"author":[{"embeddable":true,"href":"https:\/\/sp1hrubieszow.pl\/index.php\/wp-json\/wp\/v2\/users\/2"}],"replies":[{"embeddable":true,"href":"https:\/\/sp1hrubieszow.pl\/index.php\/wp-json\/wp\/v2\/comments?post=18673"}],"version-history":[{"count":3,"href":"https:\/\/sp1hrubieszow.pl\/index.php\/wp-json\/wp\/v2\/pages\/18673\/revisions"}],"predecessor-version":[{"id":18679,"href":"https:\/\/sp1hrubieszow.pl\/index.php\/wp-json\/wp\/v2\/pages\/18673\/revisions\/18679"}],"up":[{"embeddable":true,"href":"https:\/\/sp1hrubieszow.pl\/index.php\/wp-json\/wp\/v2\/pages\/5983"}],"wp:attachment":[{"href":"https:\/\/sp1hrubieszow.pl\/index.php\/wp-json\/wp\/v2\/media?parent=18673"}],"curies":[{"name":"wp","href":"https:\/\/api.w.org\/{rel}","templated":true}]}}