{"id":18650,"date":"2022-12-14T23:18:39","date_gmt":"2022-12-14T22:18:39","guid":{"rendered":"https:\/\/sp1hrubieszow.pl\/?page_id=18650"},"modified":"2022-12-14T23:19:10","modified_gmt":"2022-12-14T22:19:10","slug":"mlodziezowa-rada-miasta","status":"publish","type":"page","link":"https:\/\/sp1hrubieszow.pl\/index.php\/kronika-2020-2021\/mlodziezowa-rada-miasta\/","title":{"rendered":"M\u0142odzie\u017cowa Rada Miasta"},"content":{"rendered":"\n<p><span style=\"color: #000080;\">21 listopada 2022 r. odby\u0142o si\u0119 I posiedzenie M\u0142odzie\u017cowej Rady Miejskiej w Hrubieszowie. Nasza szko\u0142\u0119 reprezentowa\u0142y trzy uczennice klas \u00f3smych: Kamila Chwedczuk, Karolina Jasi\u0144ska i Weronika Wysocka. Nowo wybranych radnych powita\u0142y pani &nbsp;Marta Majewska Burmistrz Miasta Hrubieszowa oraz pani Anna Naja Przewodnicz\u0105ca Rady Miejskiej. Nast\u0119pnie cz\u0142onkowie rady z\u0142o\u017cyli \u015blubowanie i odebrali za\u015bwiadczenia potwierdzaj\u0105ce obj\u0119cie mandatu radnego MRM. Dokonali r\u00f3wnie\u017c wyboru Prezydium Rady.&nbsp; Wiceprzewodnicz\u0105c\u0105 zosta\u0142a uczennica klasy 8 d SP 1 Karolina Jasi\u0144ska.<\/span><\/p>\nngg_shortcode_0_placeholder\n","protected":false},"excerpt":{"rendered":"<p>21 listopada 2022 r. odby\u0142o si\u0119 I posiedzenie M\u0142odzie\u017cowej Rady Miejskiej w Hrubieszowie. Nasza szko\u0142\u0119 reprezentowa\u0142y trzy uczennice klas \u00f3smych: Kamila Chwedczuk, Karolina Jasi\u0144ska i Weronika Wysocka. Nowo wybranych radnych powita\u0142y pani &nbsp;Marta Majewska Burmistrz Miasta Hrubieszowa oraz pani Anna Naja Przewodnicz\u0105ca Rady Miejskiej. Nast\u0119pnie cz\u0142onkowie rady z\u0142o\u017cyli \u015blubowanie i odebrali za\u015bwiadczenia potwierdzaj\u0105ce obj\u0119cie mandatu [&hellip;]<\/p>\n","protected":false},"author":2,"featured_media":0,"parent":5983,"menu_order":0,"comment_status":"closed","ping_status":"closed","template":"","meta":{"ngg_post_thumbnail":0,"footnotes":""},"class_list":["post-18650","page","type-page","status-publish","hentry"],"_links":{"self":[{"href":"https:\/\/sp1hrubieszow.pl\/index.php\/wp-json\/wp\/v2\/pages\/18650","targetHints":{"allow":["GET"]}}],"collection":[{"href":"https:\/\/sp1hrubieszow.pl\/index.php\/wp-json\/wp\/v2\/pages"}],"about":[{"href":"https:\/\/sp1hrubieszow.pl\/index.php\/wp-json\/wp\/v2\/types\/page"}],"author":[{"embeddable":true,"href":"https:\/\/sp1hrubieszow.pl\/index.php\/wp-json\/wp\/v2\/users\/2"}],"replies":[{"embeddable":true,"href":"https:\/\/sp1hrubieszow.pl\/index.php\/wp-json\/wp\/v2\/comments?post=18650"}],"version-history":[{"count":1,"href":"https:\/\/sp1hrubieszow.pl\/index.php\/wp-json\/wp\/v2\/pages\/18650\/revisions"}],"predecessor-version":[{"id":18651,"href":"https:\/\/sp1hrubieszow.pl\/index.php\/wp-json\/wp\/v2\/pages\/18650\/revisions\/18651"}],"up":[{"embeddable":true,"href":"https:\/\/sp1hrubieszow.pl\/index.php\/wp-json\/wp\/v2\/pages\/5983"}],"wp:attachment":[{"href":"https:\/\/sp1hrubieszow.pl\/index.php\/wp-json\/wp\/v2\/media?parent=18650"}],"curies":[{"name":"wp","href":"https:\/\/api.w.org\/{rel}","templated":true}]}}