{"id":18641,"date":"2022-12-13T22:32:29","date_gmt":"2022-12-13T21:32:29","guid":{"rendered":"https:\/\/sp1hrubieszow.pl\/?page_id=18641"},"modified":"2022-12-13T22:32:56","modified_gmt":"2022-12-13T21:32:56","slug":"spotkanie-z-lesnikami-z-nadlesnictwa-strzelce","status":"publish","type":"page","link":"https:\/\/sp1hrubieszow.pl\/index.php\/kronika-2020-2021\/spotkanie-z-lesnikami-z-nadlesnictwa-strzelce\/","title":{"rendered":"Spotkanie z le\u015bnikami z Nadle\u015bnictwa Strzelce"},"content":{"rendered":"\n<p><span style=\"color: #000080;\">W listopadzie uczniowie klas czwartych uczestniczyli w spotkaniu z le\u015bnikami z Nadle\u015bnictwa Strzelce. Panowie w niezwykle interesuj\u0105cy spos\u00f3b przedstawili na czym polega praca le\u015bnika oraz stra\u017cnika le\u015bnego. Uczniowie poznali zasady zachowania si\u0119 w lesie oraz funkcje jakie pe\u0142ni las. Nasi go\u015bcie opowiedzieli wiele ciekawostek o lesie i jego mieszka\u0144cach. Le\u015bnicy zach\u0119cali uczni\u00f3w do w\u0142\u0105czenia si\u0119 w akcj\u0119 sadzenia drzew. Dzi\u0119kujemy panom Markowi Danilczukowi oraz Sebastianowi Borowiec, za przyj\u0119cie naszego zaproszenia oraz wspania\u0142\u0105 lekcj\u0119 przyrody.<\/span><\/p>\nngg_shortcode_0_placeholder\n","protected":false},"excerpt":{"rendered":"<p>W listopadzie uczniowie klas czwartych uczestniczyli w spotkaniu z le\u015bnikami z Nadle\u015bnictwa Strzelce. Panowie w niezwykle interesuj\u0105cy spos\u00f3b przedstawili na czym polega praca le\u015bnika oraz stra\u017cnika le\u015bnego. Uczniowie poznali zasady zachowania si\u0119 w lesie oraz funkcje jakie pe\u0142ni las. Nasi go\u015bcie opowiedzieli wiele ciekawostek o lesie i jego mieszka\u0144cach. Le\u015bnicy zach\u0119cali uczni\u00f3w do w\u0142\u0105czenia si\u0119 [&hellip;]<\/p>\n","protected":false},"author":2,"featured_media":0,"parent":5983,"menu_order":0,"comment_status":"closed","ping_status":"closed","template":"","meta":{"ngg_post_thumbnail":0,"footnotes":""},"class_list":["post-18641","page","type-page","status-publish","hentry"],"_links":{"self":[{"href":"https:\/\/sp1hrubieszow.pl\/index.php\/wp-json\/wp\/v2\/pages\/18641","targetHints":{"allow":["GET"]}}],"collection":[{"href":"https:\/\/sp1hrubieszow.pl\/index.php\/wp-json\/wp\/v2\/pages"}],"about":[{"href":"https:\/\/sp1hrubieszow.pl\/index.php\/wp-json\/wp\/v2\/types\/page"}],"author":[{"embeddable":true,"href":"https:\/\/sp1hrubieszow.pl\/index.php\/wp-json\/wp\/v2\/users\/2"}],"replies":[{"embeddable":true,"href":"https:\/\/sp1hrubieszow.pl\/index.php\/wp-json\/wp\/v2\/comments?post=18641"}],"version-history":[{"count":1,"href":"https:\/\/sp1hrubieszow.pl\/index.php\/wp-json\/wp\/v2\/pages\/18641\/revisions"}],"predecessor-version":[{"id":18642,"href":"https:\/\/sp1hrubieszow.pl\/index.php\/wp-json\/wp\/v2\/pages\/18641\/revisions\/18642"}],"up":[{"embeddable":true,"href":"https:\/\/sp1hrubieszow.pl\/index.php\/wp-json\/wp\/v2\/pages\/5983"}],"wp:attachment":[{"href":"https:\/\/sp1hrubieszow.pl\/index.php\/wp-json\/wp\/v2\/media?parent=18641"}],"curies":[{"name":"wp","href":"https:\/\/api.w.org\/{rel}","templated":true}]}}