{"id":18628,"date":"2022-12-13T22:24:31","date_gmt":"2022-12-13T21:24:31","guid":{"rendered":"https:\/\/sp1hrubieszow.pl\/?page_id=18628"},"modified":"2022-12-13T22:25:06","modified_gmt":"2022-12-13T21:25:06","slug":"warsztaty-przestrzen-edukacyjno-rozwojowa-dla-dzieci-i-rodzicow","status":"publish","type":"page","link":"https:\/\/sp1hrubieszow.pl\/index.php\/kronika-2020-2021\/warsztaty-przestrzen-edukacyjno-rozwojowa-dla-dzieci-i-rodzicow\/","title":{"rendered":"Warsztaty ,, Przestrze\u0144 edukacyjno \u2013 rozwojowa dla dzieci i rodzic\u00f3w\u2019\u2019"},"content":{"rendered":"\n<div dir=\"auto\"><span style=\"color: #000080;\">W Szkole Podstawowej Nr 1 przedstawiciele klas 3 ( 10 uczestnik\u00f3w) bior\u0105 udzia\u0142<\/span><\/div>\n<div dir=\"auto\"><span style=\"color: #000080;\">w warsztatach pt.,, Przestrze\u0144 edukacyjno \u2013 rozwojowa dla dzieci i rodzic\u00f3w\u2019\u2019 organizowanych w ramach projektu Hrubieszowskiego Centrum Dziedzictwa szansa na o\u017cywienie spo\u0142eczno \u2013 gospodarcze w obszarze rewitalizacji wsp\u00f3\u0142finansowany przez Uni\u0119 Europejsk\u0105 z Europejskiego Funduszu Rozwoju Regionalnego oraz bud\u017cetu pa\u0144stwa.<\/span><\/div>\n<div dir=\"auto\"><span style=\"color: #000080;\">Zaj\u0119cia z nauki programowania w robotyce z wykorzystaniem narz\u0119dzi typu klocki LEGO Education We Do 2.0 ciesz\u0105 si\u0119 ogromnym zainteresowaniem.<\/span><\/div>\n<div dir=\"auto\"><span style=\"color: #000080;\">S\u0105 to zaj\u0119cia, kt\u00f3re \u0142\u0105cz\u0105 zabaw\u0119 najpopularniejszymi na \u015bwiecie klockami razem z nauk\u0105 w postaci podstaw programowania. Uczestnicy buduj\u0105 niesamowite roboty, po czym przy u\u017cyciu inteligentnego oprogramowania, powo\u0142uj\u0105 je do \u201e\u017cycia\u201d.<\/span><\/div>\n<div dir=\"auto\">\nngg_shortcode_0_placeholder\n<\/div>\n","protected":false},"excerpt":{"rendered":"<p>W Szkole Podstawowej Nr 1 przedstawiciele klas 3 ( 10 uczestnik\u00f3w) bior\u0105 udzia\u0142 w warsztatach pt.,, Przestrze\u0144 edukacyjno \u2013 rozwojowa dla dzieci i rodzic\u00f3w\u2019\u2019 organizowanych w ramach projektu Hrubieszowskiego Centrum Dziedzictwa szansa na o\u017cywienie spo\u0142eczno \u2013 gospodarcze w obszarze rewitalizacji wsp\u00f3\u0142finansowany przez Uni\u0119 Europejsk\u0105 z Europejskiego Funduszu Rozwoju Regionalnego oraz bud\u017cetu pa\u0144stwa. Zaj\u0119cia z nauki [&hellip;]<\/p>\n","protected":false},"author":2,"featured_media":0,"parent":5983,"menu_order":0,"comment_status":"closed","ping_status":"closed","template":"","meta":{"ngg_post_thumbnail":0,"footnotes":""},"class_list":["post-18628","page","type-page","status-publish","hentry"],"_links":{"self":[{"href":"https:\/\/sp1hrubieszow.pl\/index.php\/wp-json\/wp\/v2\/pages\/18628","targetHints":{"allow":["GET"]}}],"collection":[{"href":"https:\/\/sp1hrubieszow.pl\/index.php\/wp-json\/wp\/v2\/pages"}],"about":[{"href":"https:\/\/sp1hrubieszow.pl\/index.php\/wp-json\/wp\/v2\/types\/page"}],"author":[{"embeddable":true,"href":"https:\/\/sp1hrubieszow.pl\/index.php\/wp-json\/wp\/v2\/users\/2"}],"replies":[{"embeddable":true,"href":"https:\/\/sp1hrubieszow.pl\/index.php\/wp-json\/wp\/v2\/comments?post=18628"}],"version-history":[{"count":1,"href":"https:\/\/sp1hrubieszow.pl\/index.php\/wp-json\/wp\/v2\/pages\/18628\/revisions"}],"predecessor-version":[{"id":18629,"href":"https:\/\/sp1hrubieszow.pl\/index.php\/wp-json\/wp\/v2\/pages\/18628\/revisions\/18629"}],"up":[{"embeddable":true,"href":"https:\/\/sp1hrubieszow.pl\/index.php\/wp-json\/wp\/v2\/pages\/5983"}],"wp:attachment":[{"href":"https:\/\/sp1hrubieszow.pl\/index.php\/wp-json\/wp\/v2\/media?parent=18628"}],"curies":[{"name":"wp","href":"https:\/\/api.w.org\/{rel}","templated":true}]}}