{"id":18612,"date":"2022-12-13T22:16:14","date_gmt":"2022-12-13T21:16:14","guid":{"rendered":"https:\/\/sp1hrubieszow.pl\/?page_id=18612"},"modified":"2022-12-13T22:16:41","modified_gmt":"2022-12-13T21:16:41","slug":"niespodzianka-w-kawiarni-lalka","status":"publish","type":"page","link":"https:\/\/sp1hrubieszow.pl\/index.php\/kronika-2020-2021\/niespodzianka-w-kawiarni-lalka\/","title":{"rendered":"Niespodzianka w kawiarni &#8222;Lalka&#8221;"},"content":{"rendered":"\n\n\n<p><span style=\"color: #000080;\">05.12.22r. na uczni\u00f3w klasy 2a czeka\u0142a wspania\u0142a niespodzianka w kawiarni &#8222;Lalka&#8221;. Mieli tutaj mo\u017cliwo\u015b\u0107 wzbogacania swoich umiej\u0119tno\u015bci kulinarnych podczas przygotowywania ciasta piernikowego. Swoj\u0105 kreatywno\u015b\u0107 zaprezentowali w niesamowitych dekoracjach w\u0142asnych wypiek\u00f3w.<\/span><\/p>\nngg_shortcode_0_placeholder\n","protected":false},"excerpt":{"rendered":"<p>05.12.22r. na uczni\u00f3w klasy 2a czeka\u0142a wspania\u0142a niespodzianka w kawiarni &#8222;Lalka&#8221;. Mieli tutaj mo\u017cliwo\u015b\u0107 wzbogacania swoich umiej\u0119tno\u015bci kulinarnych podczas przygotowywania ciasta piernikowego. Swoj\u0105 kreatywno\u015b\u0107 zaprezentowali w niesamowitych dekoracjach w\u0142asnych wypiek\u00f3w.<\/p>\n","protected":false},"author":2,"featured_media":0,"parent":5983,"menu_order":0,"comment_status":"closed","ping_status":"closed","template":"","meta":{"ngg_post_thumbnail":0,"footnotes":""},"class_list":["post-18612","page","type-page","status-publish","hentry"],"_links":{"self":[{"href":"https:\/\/sp1hrubieszow.pl\/index.php\/wp-json\/wp\/v2\/pages\/18612","targetHints":{"allow":["GET"]}}],"collection":[{"href":"https:\/\/sp1hrubieszow.pl\/index.php\/wp-json\/wp\/v2\/pages"}],"about":[{"href":"https:\/\/sp1hrubieszow.pl\/index.php\/wp-json\/wp\/v2\/types\/page"}],"author":[{"embeddable":true,"href":"https:\/\/sp1hrubieszow.pl\/index.php\/wp-json\/wp\/v2\/users\/2"}],"replies":[{"embeddable":true,"href":"https:\/\/sp1hrubieszow.pl\/index.php\/wp-json\/wp\/v2\/comments?post=18612"}],"version-history":[{"count":1,"href":"https:\/\/sp1hrubieszow.pl\/index.php\/wp-json\/wp\/v2\/pages\/18612\/revisions"}],"predecessor-version":[{"id":18613,"href":"https:\/\/sp1hrubieszow.pl\/index.php\/wp-json\/wp\/v2\/pages\/18612\/revisions\/18613"}],"up":[{"embeddable":true,"href":"https:\/\/sp1hrubieszow.pl\/index.php\/wp-json\/wp\/v2\/pages\/5983"}],"wp:attachment":[{"href":"https:\/\/sp1hrubieszow.pl\/index.php\/wp-json\/wp\/v2\/media?parent=18612"}],"curies":[{"name":"wp","href":"https:\/\/api.w.org\/{rel}","templated":true}]}}