{"id":18588,"date":"2022-12-12T23:02:09","date_gmt":"2022-12-12T22:02:09","guid":{"rendered":"https:\/\/sp1hrubieszow.pl\/?page_id=18588"},"modified":"2022-12-12T23:05:20","modified_gmt":"2022-12-12T22:05:20","slug":"25-listopada-z-okazji-dnia-pluszowego-misia-odbyl-sie-swietlicowy-konkurs-recytatorski-misie-miski-i-misiaczki","status":"publish","type":"page","link":"https:\/\/sp1hrubieszow.pl\/index.php\/kronika-2020-2021\/25-listopada-z-okazji-dnia-pluszowego-misia-odbyl-sie-swietlicowy-konkurs-recytatorski-misie-miski-i-misiaczki\/","title":{"rendered":"25 listopada z okazji Dnia Pluszowego Misia odby\u0142 si\u0119 \u015bwietlicowy konkurs recytatorski \u201eMisie, mi\u015bki i misiaczki\u201d"},"content":{"rendered":"\n<p><span style=\"color: #000080;\">Konkurs adresowany by\u0142 dla wszystkich ch\u0119tnych dzieci z klas I-III, kt\u00f3re sp\u0119dzaj\u0105 popo\u0142udnia w \u015bwietlicy szkolnej. Jego celem by\u0142o rozwijanie zdolno\u015bci recytatorskich dzieci oraz zainteresowanie poezj\u0105. Dzieci mia\u0142y okazj\u0119 pokona\u0107 trem\u0119, oswoi\u0107 si\u0119 ze scen\u0105, a przede wszystkim zaprezentowa\u0107 sw\u00f3j talent. Ka\u017cdy uczestnik recytowa\u0142 wybrany przez siebie wiersz o tematyce zwi\u0105zanej z misiem.<\/span><\/p>\n<p><span style=\"color: #000080;\">Jury w sk\u0142adzie p. Agnieszka Ha\u0142asa, p. Anna Czernysz i p. Renata Danilczuk po burzliwej naradzie wy\u0142oni\u0142o zwyci\u0119zc\u00f3w:<\/span><\/p>\n<p><span style=\"color: #000080;\">I miejsce: Tysowecka Maja kl. III a<\/span><\/p>\n<p><span style=\"color: #000080;\">II Miejsce: Szczepanik Jagoda kl. III a<\/span><\/p>\n<p><span style=\"color: #000080;\">III Miejsce : Momot Julia kl. II a<\/span><\/p>\n<p><span style=\"color: #000080;\">Wyr\u00f3\u017cnienia otrzymali:<\/span><\/p>\n<p><span style=\"color: #000080;\">Tor Alan kl. II a<\/span><\/p>\n<p><span style=\"color: #000080;\">Kusiak Laura kl. II a<\/span><\/p>\n<p><span style=\"color: #000080;\">Przybik Piotr kl. II b<\/span><\/p>\n<p><span style=\"color: #000080;\">Za udzia\u0142 w konkursie serdecznie dzi\u0119kujemy!<\/span><\/p>\n<p><span style=\"color: #000080;\">Zwyci\u0119zcom gratulujemy i \u017cyczymy dalszych sukces\u00f3w!!!<\/span><\/p>\nngg_shortcode_0_placeholder\n","protected":false},"excerpt":{"rendered":"<p>Konkurs adresowany by\u0142 dla wszystkich ch\u0119tnych dzieci z klas I-III, kt\u00f3re sp\u0119dzaj\u0105 popo\u0142udnia w \u015bwietlicy szkolnej. Jego celem by\u0142o rozwijanie zdolno\u015bci recytatorskich dzieci oraz zainteresowanie poezj\u0105. Dzieci mia\u0142y okazj\u0119 pokona\u0107 trem\u0119, oswoi\u0107 si\u0119 ze scen\u0105, a przede wszystkim zaprezentowa\u0107 sw\u00f3j talent. Ka\u017cdy uczestnik recytowa\u0142 wybrany przez siebie wiersz o tematyce zwi\u0105zanej z misiem. Jury w [&hellip;]<\/p>\n","protected":false},"author":2,"featured_media":0,"parent":5983,"menu_order":0,"comment_status":"closed","ping_status":"closed","template":"","meta":{"ngg_post_thumbnail":0,"footnotes":""},"class_list":["post-18588","page","type-page","status-publish","hentry"],"_links":{"self":[{"href":"https:\/\/sp1hrubieszow.pl\/index.php\/wp-json\/wp\/v2\/pages\/18588","targetHints":{"allow":["GET"]}}],"collection":[{"href":"https:\/\/sp1hrubieszow.pl\/index.php\/wp-json\/wp\/v2\/pages"}],"about":[{"href":"https:\/\/sp1hrubieszow.pl\/index.php\/wp-json\/wp\/v2\/types\/page"}],"author":[{"embeddable":true,"href":"https:\/\/sp1hrubieszow.pl\/index.php\/wp-json\/wp\/v2\/users\/2"}],"replies":[{"embeddable":true,"href":"https:\/\/sp1hrubieszow.pl\/index.php\/wp-json\/wp\/v2\/comments?post=18588"}],"version-history":[{"count":3,"href":"https:\/\/sp1hrubieszow.pl\/index.php\/wp-json\/wp\/v2\/pages\/18588\/revisions"}],"predecessor-version":[{"id":18594,"href":"https:\/\/sp1hrubieszow.pl\/index.php\/wp-json\/wp\/v2\/pages\/18588\/revisions\/18594"}],"up":[{"embeddable":true,"href":"https:\/\/sp1hrubieszow.pl\/index.php\/wp-json\/wp\/v2\/pages\/5983"}],"wp:attachment":[{"href":"https:\/\/sp1hrubieszow.pl\/index.php\/wp-json\/wp\/v2\/media?parent=18588"}],"curies":[{"name":"wp","href":"https:\/\/api.w.org\/{rel}","templated":true}]}}