{"id":18568,"date":"2022-12-12T22:49:11","date_gmt":"2022-12-12T21:49:11","guid":{"rendered":"https:\/\/sp1hrubieszow.pl\/?page_id=18568"},"modified":"2022-12-12T22:49:27","modified_gmt":"2022-12-12T21:49:27","slug":"mleko-i-owoce-w-szkole","status":"publish","type":"page","link":"https:\/\/sp1hrubieszow.pl\/index.php\/kronika-2020-2021\/mleko-i-owoce-w-szkole\/","title":{"rendered":"&#8222;Mleko i owoce w szkole&#8221;"},"content":{"rendered":"\n\n\n<p><span style=\"color: #000080;\">W listopadzie w klasie 2a odby\u0142y si\u0119 warsztaty w ramach programu &#8222;Mleko i owoce w szkole&#8221;. Uczniowie zaprezentowali przygotowane zdrowe drugie \u015bniadania wraz z ich opisem i ilustracjami. Stworzyli z nich Kolorow\u0105 Ksi\u0119g\u0119 Zdrowych Potraw.<\/span><\/p>\nngg_shortcode_0_placeholder\n","protected":false},"excerpt":{"rendered":"<p>W listopadzie w klasie 2a odby\u0142y si\u0119 warsztaty w ramach programu &#8222;Mleko i owoce w szkole&#8221;. Uczniowie zaprezentowali przygotowane zdrowe drugie \u015bniadania wraz z ich opisem i ilustracjami. Stworzyli z nich Kolorow\u0105 Ksi\u0119g\u0119 Zdrowych Potraw.<\/p>\n","protected":false},"author":2,"featured_media":0,"parent":5983,"menu_order":0,"comment_status":"closed","ping_status":"closed","template":"","meta":{"ngg_post_thumbnail":0,"footnotes":""},"class_list":["post-18568","page","type-page","status-publish","hentry"],"_links":{"self":[{"href":"https:\/\/sp1hrubieszow.pl\/index.php\/wp-json\/wp\/v2\/pages\/18568","targetHints":{"allow":["GET"]}}],"collection":[{"href":"https:\/\/sp1hrubieszow.pl\/index.php\/wp-json\/wp\/v2\/pages"}],"about":[{"href":"https:\/\/sp1hrubieszow.pl\/index.php\/wp-json\/wp\/v2\/types\/page"}],"author":[{"embeddable":true,"href":"https:\/\/sp1hrubieszow.pl\/index.php\/wp-json\/wp\/v2\/users\/2"}],"replies":[{"embeddable":true,"href":"https:\/\/sp1hrubieszow.pl\/index.php\/wp-json\/wp\/v2\/comments?post=18568"}],"version-history":[{"count":1,"href":"https:\/\/sp1hrubieszow.pl\/index.php\/wp-json\/wp\/v2\/pages\/18568\/revisions"}],"predecessor-version":[{"id":18569,"href":"https:\/\/sp1hrubieszow.pl\/index.php\/wp-json\/wp\/v2\/pages\/18568\/revisions\/18569"}],"up":[{"embeddable":true,"href":"https:\/\/sp1hrubieszow.pl\/index.php\/wp-json\/wp\/v2\/pages\/5983"}],"wp:attachment":[{"href":"https:\/\/sp1hrubieszow.pl\/index.php\/wp-json\/wp\/v2\/media?parent=18568"}],"curies":[{"name":"wp","href":"https:\/\/api.w.org\/{rel}","templated":true}]}}