{"id":18529,"date":"2022-12-12T22:30:23","date_gmt":"2022-12-12T21:30:23","guid":{"rendered":"https:\/\/sp1hrubieszow.pl\/?page_id=18529"},"modified":"2022-12-12T22:32:53","modified_gmt":"2022-12-12T21:32:53","slug":"mikolajki-2022","status":"publish","type":"page","link":"https:\/\/sp1hrubieszow.pl\/index.php\/kronika-2020-2021\/mikolajki-2022\/","title":{"rendered":"Miko\u0142ajki 2022"},"content":{"rendered":"\n<div dir=\"auto\"><span style=\"color: #000080;\">6 grudnia 2022r. Ma\u0142y Samorz\u0105d Uczniowski pod czujnym okiem opiekun\u00f3w przygotowa\u0142 przedstawienie pt. &#8222;Gdzie jest worek \u015aw. Miko\u0142aja&#8221;. Dzieci mia\u0142y mo\u017cliwo\u015b\u0107 zobaczenia, jak na tle zimowej scenerii r\u00f3\u017cne zwierz\u0105tka pr\u00f3bowa\u0142y pom\u00f3c Miko\u0142ajowi w odnalezieniu worka z prezentami, kt\u00f3ry zosta\u0142 skradziony przez rozb\u00f3jnik\u00f3w. Dzi\u0119ki ogromnemu zaanga\u017cowaniu i determinacji przyjaci\u00f3\u0142 Miko\u0142aja, worek zosta\u0142 odnaleziony, a rozb\u00f3jnicy zrozumieli sw\u00f3j b\u0142\u0105d, przeprosili i obiecali popraw\u0119. <\/span><\/div>\n<div dir=\"auto\">&nbsp;<\/div>\n<div dir=\"auto\"><span style=\"color: #000080;\">W tym dniu Miko\u0142aj wraz ze \u015anie\u017cynkami odwiedza\u0142 tak\u017ce uczni\u00f3w w salach lekcyjnych, wr\u0119czaj\u0105c wszystkim cukierki oraz prezenty. Serdecznie dzi\u0119kujemy Rodzicom uczni\u00f3w za przygotowanie przepi\u0119knych kostium\u00f3w, a Radzie Rodzic\u00f3w za zasponsorowanie s\u0142odyczy.<\/span><\/div>\n<div dir=\"auto\">&nbsp;<\/div>\n<div dir=\"auto\"><span style=\"color: #000080;\">Podzi\u0119kowania sk\u0142adamy tak\u017ce dla Samorz\u0105du Uczniowskiego i ich opiekun\u00f3w za zorganizowanie wizyt \u015bw. Miko\u0142aja w poszczeg\u00f3lnych klasach.<\/span><\/div>\n<div dir=\"auto\">\nngg_shortcode_0_placeholder\n<\/div>\n<div dir=\"auto\">&nbsp;<\/div>\n<div dir=\"auto\">&nbsp;<\/div>\n<div dir=\"auto\">\nngg_shortcode_1_placeholder\n<\/div>\n","protected":false},"excerpt":{"rendered":"<p>6 grudnia 2022r. Ma\u0142y Samorz\u0105d Uczniowski pod czujnym okiem opiekun\u00f3w przygotowa\u0142 przedstawienie pt. &#8222;Gdzie jest worek \u015aw. Miko\u0142aja&#8221;. Dzieci mia\u0142y mo\u017cliwo\u015b\u0107 zobaczenia, jak na tle zimowej scenerii r\u00f3\u017cne zwierz\u0105tka pr\u00f3bowa\u0142y pom\u00f3c Miko\u0142ajowi w odnalezieniu worka z prezentami, kt\u00f3ry zosta\u0142 skradziony przez rozb\u00f3jnik\u00f3w. Dzi\u0119ki ogromnemu zaanga\u017cowaniu i determinacji przyjaci\u00f3\u0142 Miko\u0142aja, worek zosta\u0142 odnaleziony, a rozb\u00f3jnicy zrozumieli [&hellip;]<\/p>\n","protected":false},"author":2,"featured_media":0,"parent":5983,"menu_order":0,"comment_status":"closed","ping_status":"closed","template":"","meta":{"ngg_post_thumbnail":0,"footnotes":""},"class_list":["post-18529","page","type-page","status-publish","hentry"],"_links":{"self":[{"href":"https:\/\/sp1hrubieszow.pl\/index.php\/wp-json\/wp\/v2\/pages\/18529","targetHints":{"allow":["GET"]}}],"collection":[{"href":"https:\/\/sp1hrubieszow.pl\/index.php\/wp-json\/wp\/v2\/pages"}],"about":[{"href":"https:\/\/sp1hrubieszow.pl\/index.php\/wp-json\/wp\/v2\/types\/page"}],"author":[{"embeddable":true,"href":"https:\/\/sp1hrubieszow.pl\/index.php\/wp-json\/wp\/v2\/users\/2"}],"replies":[{"embeddable":true,"href":"https:\/\/sp1hrubieszow.pl\/index.php\/wp-json\/wp\/v2\/comments?post=18529"}],"version-history":[{"count":2,"href":"https:\/\/sp1hrubieszow.pl\/index.php\/wp-json\/wp\/v2\/pages\/18529\/revisions"}],"predecessor-version":[{"id":18533,"href":"https:\/\/sp1hrubieszow.pl\/index.php\/wp-json\/wp\/v2\/pages\/18529\/revisions\/18533"}],"up":[{"embeddable":true,"href":"https:\/\/sp1hrubieszow.pl\/index.php\/wp-json\/wp\/v2\/pages\/5983"}],"wp:attachment":[{"href":"https:\/\/sp1hrubieszow.pl\/index.php\/wp-json\/wp\/v2\/media?parent=18529"}],"curies":[{"name":"wp","href":"https:\/\/api.w.org\/{rel}","templated":true}]}}