{"id":1848,"date":"2019-09-13T19:17:08","date_gmt":"2019-09-13T17:17:08","guid":{"rendered":"http:\/\/sp1.hrubieszow.info\/?page_id=1848"},"modified":"2025-09-24T21:16:45","modified_gmt":"2025-09-24T19:16:45","slug":"dokumenty","status":"publish","type":"page","link":"https:\/\/sp1hrubieszow.pl\/index.php\/przykladowa-strona\/dokumenty\/","title":{"rendered":"DOKUMENTY"},"content":{"rendered":"\n<h2><span style=\"color: #000080;\"><strong><a style=\"color: #000080;\" href=\"https:\/\/sp1hrubieszow.pl\/wp-content\/uploads\/2025\/09\/15.-Uchwala-z-dn.28.08.2025.docx\">15. Uchwa\u0142a z dn.28.08.2025<\/a><\/strong><\/span><\/h2>\n<h2><span style=\"color: #000080;\"><strong><a style=\"color: #000080;\" href=\"https:\/\/sp1hrubieszow.pl\/wp-content\/uploads\/2025\/09\/Regulamin-przyznawania-tytulu-i.docx\">Regulamin wpisu do Z\u0142otej Ksi\u0119gi oraz przyznawania tytu\u0142u Super Ucznia<\/a><\/strong><\/span><\/h2>\n<h2><span style=\"color: #000080;\"><strong><a style=\"color: #000080;\" href=\"https:\/\/sp1hrubieszow.pl\/wp-content\/uploads\/2025\/09\/SZKOLNY-ZESTAW-PROGRAMOW-NAUCZANIA-NA-ROK-SZKOLNY-2023.docx\">SZKOLNY ZESTAW PROGRAM\u00d3W NAUCZANIA NA ROK SZKOLNY 2025<\/a><\/strong><\/span><\/h2>\n<h2><span style=\"color: #000080;\"><strong><a style=\"color: #000080;\" href=\"https:\/\/sp1hrubieszow.pl\/wp-content\/uploads\/2025\/07\/WYKAZ-PODRECZNIKOW-W-SZKOLE-PODSTAWOWEJ-Nr-1-na-rok-szkolny-2024-1.docx\">WYKAZ PODR\u0118CZNIK\u00d3W W SZKOLE PODSTAWOWEJ Nr 1 na rok szkolny 2025\/2026<\/a><\/strong><\/span><\/h2>\n<h2><span style=\"color: #000080;\"><strong><span style=\"color: #000080;\"><a style=\"color: #000080;\" href=\"http:\/\/sp1hrubieszow.pl\/wp-content\/uploads\/2024\/04\/dobre-opracowane-Standardy-Ochrony-Maloletnich-SP-Nr-1-w-Hrubieszoiwe-1.docx\">STANDARDY OCHRONY MA\u0141OLETNICH<\/a><\/span><\/strong><\/span><\/h2>\n<p><span style=\"color: #000080;\"><strong><a style=\"color: #000080;\" href=\"http:\/\/sp1hrubieszow.pl\/wp-content\/uploads\/2023\/09\/aktualny-Program-wychowawczo-profilaktyczny-2022-23.doc\">Program wychowawczo-profilaktyczny 2022-23<\/a><\/strong><\/span><\/p>\n<p><span style=\"color: #000080;\"><a style=\"color: #000080;\" href=\"http:\/\/sp1.hrubieszow.info\/wp-content\/uploads\/2021\/11\/PROCEDURY-POSTEPOWANIA-Z-DZIECKIEM-PRZEWLEKLE-CHORYM-W.doc\"><strong><span style=\"background-color: #ffffff;\">PROCEDURY POST\u0118POWANIA Z DZIECKIEM PRZEWLEKLE CHORYM W<\/span><\/strong><\/a><\/span><\/p>\n<p><span style=\"color: #000080;\"><strong><a style=\"color: #000080;\" href=\"http:\/\/sp1.hrubieszow.info\/wp-content\/uploads\/2021\/11\/COVID-19-procedury-1.docx\">COVID-19-procedury (1)<\/a><\/strong><\/span><\/p>\n<p><span style=\"color: #000080;\"><strong><a style=\"color: #000080;\" href=\"http:\/\/sp1.hrubieszow.info\/wp-content\/uploads\/2021\/09\/COVID-19-procedury.docx\">COVID-19-procedury<\/a><\/strong><\/span><\/p>\n<p><span style=\"color: #000080;\"><strong><a style=\"color: #000080;\" href=\"http:\/\/sp1.hrubieszow.info\/wp-content\/uploads\/2020\/11\/zdalne-naucz.-procedury.doc\">zdalne naucz. &#8211; procedury<\/a><\/strong><\/span><\/p>\n<p><a href=\"http:\/\/sp1.hrubieszow.info\/wp-content\/uploads\/2020\/09\/Bezpieczna_Szko\u0142a_Zagro\u017cenia_i_zalecane_dzia\u0142ania_profilaktyczne_w_zakresie_bezpiecze\u0144stwa_fizycznego_i_cyfrowego_uczni\u00f3w.pdf\"><span style=\"color: #000080;\"><strong><span style=\"color: #000080;\">Bezpieczna_Szko\u0142a_Zagro\u017cenia_i_zalecane_dzia\u0142ania_profilaktyczne_w_zakresie_bezpiecze\u0144stwa_fizycznego_i_cyfrowego_uczni\u00f3w<\/span><\/strong><\/span><\/a><\/p>\n<p>&nbsp;<\/p>\n<p>&nbsp;<\/p>\n<p>&nbsp;<\/p>\n","protected":false},"excerpt":{"rendered":"<p>15. Uchwa\u0142a z dn.28.08.2025 Regulamin wpisu do Z\u0142otej Ksi\u0119gi oraz przyznawania tytu\u0142u Super Ucznia SZKOLNY ZESTAW PROGRAM\u00d3W NAUCZANIA NA ROK SZKOLNY 2025 WYKAZ PODR\u0118CZNIK\u00d3W W SZKOLE PODSTAWOWEJ Nr 1 na rok szkolny 2025\/2026 STANDARDY OCHRONY MA\u0141OLETNICH Program wychowawczo-profilaktyczny 2022-23 PROCEDURY POST\u0118POWANIA Z DZIECKIEM PRZEWLEKLE CHORYM W COVID-19-procedury (1) COVID-19-procedury zdalne naucz. &#8211; procedury Bezpieczna_Szko\u0142a_Zagro\u017cenia_i_zalecane_dzia\u0142ania_profilaktyczne_w_zakresie_bezpiecze\u0144stwa_fizycznego_i_cyfrowego_uczni\u00f3w &nbsp; [&hellip;]<\/p>\n","protected":false},"author":2,"featured_media":0,"parent":2,"menu_order":0,"comment_status":"closed","ping_status":"closed","template":"","meta":{"ngg_post_thumbnail":0,"footnotes":""},"class_list":["post-1848","page","type-page","status-publish","hentry"],"_links":{"self":[{"href":"https:\/\/sp1hrubieszow.pl\/index.php\/wp-json\/wp\/v2\/pages\/1848","targetHints":{"allow":["GET"]}}],"collection":[{"href":"https:\/\/sp1hrubieszow.pl\/index.php\/wp-json\/wp\/v2\/pages"}],"about":[{"href":"https:\/\/sp1hrubieszow.pl\/index.php\/wp-json\/wp\/v2\/types\/page"}],"author":[{"embeddable":true,"href":"https:\/\/sp1hrubieszow.pl\/index.php\/wp-json\/wp\/v2\/users\/2"}],"replies":[{"embeddable":true,"href":"https:\/\/sp1hrubieszow.pl\/index.php\/wp-json\/wp\/v2\/comments?post=1848"}],"version-history":[{"count":26,"href":"https:\/\/sp1hrubieszow.pl\/index.php\/wp-json\/wp\/v2\/pages\/1848\/revisions"}],"predecessor-version":[{"id":29136,"href":"https:\/\/sp1hrubieszow.pl\/index.php\/wp-json\/wp\/v2\/pages\/1848\/revisions\/29136"}],"up":[{"embeddable":true,"href":"https:\/\/sp1hrubieszow.pl\/index.php\/wp-json\/wp\/v2\/pages\/2"}],"wp:attachment":[{"href":"https:\/\/sp1hrubieszow.pl\/index.php\/wp-json\/wp\/v2\/media?parent=1848"}],"curies":[{"name":"wp","href":"https:\/\/api.w.org\/{rel}","templated":true}]}}