{"id":18449,"date":"2022-12-08T20:13:11","date_gmt":"2022-12-08T19:13:11","guid":{"rendered":"https:\/\/sp1hrubieszow.pl\/?page_id=18449"},"modified":"2022-12-08T20:13:52","modified_gmt":"2022-12-08T19:13:52","slug":"w-przyszlosc-pelna-para","status":"publish","type":"page","link":"https:\/\/sp1hrubieszow.pl\/index.php\/kronika-2020-2021\/w-przyszlosc-pelna-para\/","title":{"rendered":"W przysz\u0142o\u015b\u0107 \u2013 pe\u0142n\u0105 par\u0105"},"content":{"rendered":"\n\n\n\n\n<p><span style=\"color: #000080;\">W\u0142a\u015bnie pe\u0142n\u0105 par\u0105 wchodzimy w \u015bwiat przysz\u0142o\u015bci, a dzieje si\u0119 to za spraw\u0105 MOBILNEGO LABORATORIUM PRZYSZ\u0141O\u015aCI, kt\u00f3re 06 grudnia poprowadzi\u0142o warsztaty dla klas 5A, 5C i 6A z zakresu druku 3D oraz rozszerzonej rzeczywisto\u015bci.<\/span><\/p>\n<p><span style=\"color: #000080;\">Nie musimy chyba dodawa\u0107, \u017ce spotkanie okaza\u0142o si\u0119 miko\u0142ajkowym prezentem i \u015bwietn\u0105 lekcj\u0105 rozszerzaj\u0105c\u0105 nasz\u0105 wiedz\u0119 i umiej\u0119tno\u015bci.<\/span><\/p>\n<p><span style=\"color: #000080;\">Przypomnie\u0107 warto, \u017ce w ramach tego projektu otrzymali\u015bmy sprz\u0119t, kt\u00f3ry mo\u017cemy wykorzystywa\u0107 podczas lekcji, by mi\u0119dzy innymi dokumentowa\u0107 nasze dzia\u0142ania.<\/span><\/p>\nngg_shortcode_0_placeholder\n","protected":false},"excerpt":{"rendered":"<p>W\u0142a\u015bnie pe\u0142n\u0105 par\u0105 wchodzimy w \u015bwiat przysz\u0142o\u015bci, a dzieje si\u0119 to za spraw\u0105 MOBILNEGO LABORATORIUM PRZYSZ\u0141O\u015aCI, kt\u00f3re 06 grudnia poprowadzi\u0142o warsztaty dla klas 5A, 5C i 6A z zakresu druku 3D oraz rozszerzonej rzeczywisto\u015bci. Nie musimy chyba dodawa\u0107, \u017ce spotkanie okaza\u0142o si\u0119 miko\u0142ajkowym prezentem i \u015bwietn\u0105 lekcj\u0105 rozszerzaj\u0105c\u0105 nasz\u0105 wiedz\u0119 i umiej\u0119tno\u015bci. Przypomnie\u0107 warto, \u017ce [&hellip;]<\/p>\n","protected":false},"author":2,"featured_media":0,"parent":5983,"menu_order":0,"comment_status":"closed","ping_status":"closed","template":"","meta":{"ngg_post_thumbnail":0,"footnotes":""},"class_list":["post-18449","page","type-page","status-publish","hentry"],"_links":{"self":[{"href":"https:\/\/sp1hrubieszow.pl\/index.php\/wp-json\/wp\/v2\/pages\/18449","targetHints":{"allow":["GET"]}}],"collection":[{"href":"https:\/\/sp1hrubieszow.pl\/index.php\/wp-json\/wp\/v2\/pages"}],"about":[{"href":"https:\/\/sp1hrubieszow.pl\/index.php\/wp-json\/wp\/v2\/types\/page"}],"author":[{"embeddable":true,"href":"https:\/\/sp1hrubieszow.pl\/index.php\/wp-json\/wp\/v2\/users\/2"}],"replies":[{"embeddable":true,"href":"https:\/\/sp1hrubieszow.pl\/index.php\/wp-json\/wp\/v2\/comments?post=18449"}],"version-history":[{"count":1,"href":"https:\/\/sp1hrubieszow.pl\/index.php\/wp-json\/wp\/v2\/pages\/18449\/revisions"}],"predecessor-version":[{"id":18450,"href":"https:\/\/sp1hrubieszow.pl\/index.php\/wp-json\/wp\/v2\/pages\/18449\/revisions\/18450"}],"up":[{"embeddable":true,"href":"https:\/\/sp1hrubieszow.pl\/index.php\/wp-json\/wp\/v2\/pages\/5983"}],"wp:attachment":[{"href":"https:\/\/sp1hrubieszow.pl\/index.php\/wp-json\/wp\/v2\/media?parent=18449"}],"curies":[{"name":"wp","href":"https:\/\/api.w.org\/{rel}","templated":true}]}}