{"id":18031,"date":"2022-11-23T19:14:14","date_gmt":"2022-11-23T18:14:14","guid":{"rendered":"https:\/\/sp1hrubieszow.pl\/?page_id=18031"},"modified":"2022-11-28T19:16:17","modified_gmt":"2022-11-28T18:16:17","slug":"rok-lukasiewicza","status":"publish","type":"page","link":"https:\/\/sp1hrubieszow.pl\/index.php\/kronika-2020-2021\/rok-lukasiewicza\/","title":{"rendered":"Rok \u0141ukasiewicza"},"content":{"rendered":"\n<div class=\"x11i5rnm xat24cr x1mh8g0r x1vvkbs xdj266r x126k92a\">\n<div dir=\"auto\"><span style=\"color: #000080;\">22 listopada 2022r. w Hrubieszowskim Domu Kultury nasi uczniowie uczestniczyli w projekcie podsumowuj\u0105cym Rok \u0141ukasiewicza. Podczas uroczystej gali wys\u0142uchali opowiadania o \u017cyciu i dzia\u0142alno\u015bci Ignacego \u0141ukasiewicza wielkiego tw\u00f3rcy, pomys\u0142odawcy wydobycia i pozyskiwania ropy naftowej.<\/span><\/div>\n<div dir=\"auto\">&nbsp;<\/div>\n<div dir=\"auto\"><span style=\"color: #000080;\">Po cz\u0119\u015bci oficjalnej zosta\u0142y wr\u0119czone nagrody.<\/span><\/div>\n<div dir=\"auto\"><span style=\"color: #000080;\">W kategorii konkursu plastycznego nagrody otrzymali:<\/span><\/div>\n<div dir=\"auto\"><span style=\"color: #000080;\">1. Krawiec Szymon z klasy 1a<\/span><\/div>\n<div dir=\"auto\"><span style=\"color: #000080;\">2. Mazurek Adrianna z klasy 2a<\/span><\/div>\n<div dir=\"auto\"><span style=\"color: #000080;\">3. Dziewulska Aleksandra z klasy 2b<\/span><\/div>\n<div dir=\"auto\"><span style=\"color: #000080;\">4. Rutkowska Iga z klasy 3a<\/span><\/div>\n<\/div>\n<div class=\"x11i5rnm xat24cr x1mh8g0r x1vvkbs xtlvy1s x126k92a\">\n<div dir=\"auto\"><span style=\"color: #000080;\">W kategorii konkursu historycznego nagrodzone zosta\u0142y:<\/span><\/div>\n<div dir=\"auto\"><span style=\"color: #000080;\">1. Siek Aleksandra z klasy 8d<\/span><\/div>\n<div dir=\"auto\"><span style=\"color: #000080;\">2. Wysocka Weronika z klasy 8d<\/span><\/div>\n<div dir=\"auto\">&nbsp;<\/div>\n<\/div>\n<div class=\"x11i5rnm xat24cr x1mh8g0r x1vvkbs xtlvy1s x126k92a\">\n<div dir=\"auto\">Gratulujemy!<\/div>\n<div dir=\"auto\">\nngg_shortcode_0_placeholder\n<\/div>\n<div dir=\"auto\">&nbsp;<\/div>\n<div dir=\"auto\">&nbsp;<\/div>\n<div dir=\"auto\">&nbsp;<\/div>\n<\/div>\n","protected":false},"excerpt":{"rendered":"<p>22 listopada 2022r. w Hrubieszowskim Domu Kultury nasi uczniowie uczestniczyli w projekcie podsumowuj\u0105cym Rok \u0141ukasiewicza. Podczas uroczystej gali wys\u0142uchali opowiadania o \u017cyciu i dzia\u0142alno\u015bci Ignacego \u0141ukasiewicza wielkiego tw\u00f3rcy, pomys\u0142odawcy wydobycia i pozyskiwania ropy naftowej. &nbsp; Po cz\u0119\u015bci oficjalnej zosta\u0142y wr\u0119czone nagrody. W kategorii konkursu plastycznego nagrody otrzymali: 1. Krawiec Szymon z klasy 1a 2. Mazurek [&hellip;]<\/p>\n","protected":false},"author":2,"featured_media":0,"parent":5983,"menu_order":0,"comment_status":"closed","ping_status":"closed","template":"","meta":{"ngg_post_thumbnail":0,"footnotes":""},"class_list":["post-18031","page","type-page","status-publish","hentry"],"_links":{"self":[{"href":"https:\/\/sp1hrubieszow.pl\/index.php\/wp-json\/wp\/v2\/pages\/18031","targetHints":{"allow":["GET"]}}],"collection":[{"href":"https:\/\/sp1hrubieszow.pl\/index.php\/wp-json\/wp\/v2\/pages"}],"about":[{"href":"https:\/\/sp1hrubieszow.pl\/index.php\/wp-json\/wp\/v2\/types\/page"}],"author":[{"embeddable":true,"href":"https:\/\/sp1hrubieszow.pl\/index.php\/wp-json\/wp\/v2\/users\/2"}],"replies":[{"embeddable":true,"href":"https:\/\/sp1hrubieszow.pl\/index.php\/wp-json\/wp\/v2\/comments?post=18031"}],"version-history":[{"count":7,"href":"https:\/\/sp1hrubieszow.pl\/index.php\/wp-json\/wp\/v2\/pages\/18031\/revisions"}],"predecessor-version":[{"id":18423,"href":"https:\/\/sp1hrubieszow.pl\/index.php\/wp-json\/wp\/v2\/pages\/18031\/revisions\/18423"}],"up":[{"embeddable":true,"href":"https:\/\/sp1hrubieszow.pl\/index.php\/wp-json\/wp\/v2\/pages\/5983"}],"wp:attachment":[{"href":"https:\/\/sp1hrubieszow.pl\/index.php\/wp-json\/wp\/v2\/media?parent=18031"}],"curies":[{"name":"wp","href":"https:\/\/api.w.org\/{rel}","templated":true}]}}