{"id":18008,"date":"2022-11-23T18:40:16","date_gmt":"2022-11-23T17:40:16","guid":{"rendered":"https:\/\/sp1hrubieszow.pl\/?page_id=18008"},"modified":"2022-11-23T18:40:53","modified_gmt":"2022-11-23T17:40:53","slug":"sukces-w-konkursie-wojewodzkim","status":"publish","type":"page","link":"https:\/\/sp1hrubieszow.pl\/index.php\/kronika-2020-2021\/sukces-w-konkursie-wojewodzkim\/","title":{"rendered":"Sukces w konkursie wojew\u00f3dzkim"},"content":{"rendered":"\n<p><span style=\"color: #000080;\">Mi\u0142o nam poinformowa\u0107 o sukcesach naszych uczni\u00f3w w V Wojew\u00f3dzkim Konkursie Plastycznym \u201eMoja ma\u0142a Ojczyzna\u201d, nad kt\u00f3rym Honorowy Patronat obj\u0119li:<\/span><\/p>\n<p><span style=\"color: #000080;\">Prezydent Miasta Lublin Krzysztof \u017buk, Lubelski Kurator O\u015bwiaty Teresa Misiuk, Instytut Pami\u0119ci Narodowej Oddzia\u0142 w Lublinie.<\/span><\/p>\n<p><span style=\"color: #000080;\">Laureatem zosta\u0142a <strong>Agata Rojek<\/strong> &#8211; III miejsce z klasy 2 a.<\/span><\/p>\n<p><span style=\"color: #000080;\">Wyr\u00f3\u017cnienie otrzymali: <strong>Dawid Go\u0142\u0119biowski<\/strong> z klasy 2 b,<\/span><\/p>\n<p><span style=\"color: #000080;\">&nbsp;&nbsp;&nbsp;&nbsp;&nbsp;&nbsp;&nbsp;&nbsp;&nbsp;&nbsp;&nbsp;&nbsp;&nbsp;&nbsp;&nbsp;&nbsp;&nbsp;&nbsp;&nbsp;&nbsp;&nbsp;&nbsp;&nbsp;&nbsp;&nbsp;&nbsp;&nbsp;&nbsp;&nbsp;&nbsp;&nbsp;&nbsp;&nbsp;&nbsp;&nbsp;&nbsp; <strong>Jakub Karpiuk<\/strong> z klasy 2 b,<\/span><\/p>\n<p><span style=\"color: #000080;\"><strong>&nbsp;&nbsp;&nbsp;&nbsp;&nbsp;&nbsp;&nbsp;&nbsp;&nbsp;&nbsp;&nbsp;&nbsp;&nbsp;&nbsp;&nbsp;&nbsp;&nbsp;&nbsp;&nbsp;&nbsp;&nbsp;&nbsp;&nbsp;&nbsp;&nbsp;&nbsp;&nbsp;&nbsp;&nbsp;&nbsp;&nbsp;&nbsp;&nbsp;&nbsp;&nbsp;&nbsp; Milena Tor<\/strong> z klasy 2 a,<\/span><\/p>\n<p><span style=\"color: #000080;\">&nbsp;&nbsp;&nbsp; <strong>Adrianna Mazurek<\/strong> z klasy 2 a,<\/span><\/p>\n<p><span style=\"color: #000080;\">&nbsp;&nbsp;&nbsp; <strong>Natalia Balcer<\/strong> z klasy 2 a.<\/span><\/p>\n<p style=\"text-align: center;\"><span style=\"color: #000080;\">Gratulujemy i \u017cyczymy dalszych sukces\u00f3w!<\/span><\/p>\n<p>&nbsp;<\/p>\n","protected":false},"excerpt":{"rendered":"<p>Mi\u0142o nam poinformowa\u0107 o sukcesach naszych uczni\u00f3w w V Wojew\u00f3dzkim Konkursie Plastycznym \u201eMoja ma\u0142a Ojczyzna\u201d, nad kt\u00f3rym Honorowy Patronat obj\u0119li: Prezydent Miasta Lublin Krzysztof \u017buk, Lubelski Kurator O\u015bwiaty Teresa Misiuk, Instytut Pami\u0119ci Narodowej Oddzia\u0142 w Lublinie. Laureatem zosta\u0142a Agata Rojek &#8211; III miejsce z klasy 2 a. Wyr\u00f3\u017cnienie otrzymali: Dawid Go\u0142\u0119biowski z klasy 2 b, [&hellip;]<\/p>\n","protected":false},"author":2,"featured_media":0,"parent":5983,"menu_order":0,"comment_status":"closed","ping_status":"closed","template":"","meta":{"ngg_post_thumbnail":0,"footnotes":""},"class_list":["post-18008","page","type-page","status-publish","hentry"],"_links":{"self":[{"href":"https:\/\/sp1hrubieszow.pl\/index.php\/wp-json\/wp\/v2\/pages\/18008","targetHints":{"allow":["GET"]}}],"collection":[{"href":"https:\/\/sp1hrubieszow.pl\/index.php\/wp-json\/wp\/v2\/pages"}],"about":[{"href":"https:\/\/sp1hrubieszow.pl\/index.php\/wp-json\/wp\/v2\/types\/page"}],"author":[{"embeddable":true,"href":"https:\/\/sp1hrubieszow.pl\/index.php\/wp-json\/wp\/v2\/users\/2"}],"replies":[{"embeddable":true,"href":"https:\/\/sp1hrubieszow.pl\/index.php\/wp-json\/wp\/v2\/comments?post=18008"}],"version-history":[{"count":1,"href":"https:\/\/sp1hrubieszow.pl\/index.php\/wp-json\/wp\/v2\/pages\/18008\/revisions"}],"predecessor-version":[{"id":18009,"href":"https:\/\/sp1hrubieszow.pl\/index.php\/wp-json\/wp\/v2\/pages\/18008\/revisions\/18009"}],"up":[{"embeddable":true,"href":"https:\/\/sp1hrubieszow.pl\/index.php\/wp-json\/wp\/v2\/pages\/5983"}],"wp:attachment":[{"href":"https:\/\/sp1hrubieszow.pl\/index.php\/wp-json\/wp\/v2\/media?parent=18008"}],"curies":[{"name":"wp","href":"https:\/\/api.w.org\/{rel}","templated":true}]}}