{"id":18003,"date":"2022-11-22T22:06:43","date_gmt":"2022-11-22T21:06:43","guid":{"rendered":"https:\/\/sp1hrubieszow.pl\/?page_id=18003"},"modified":"2022-11-22T22:06:59","modified_gmt":"2022-11-22T21:06:59","slug":"konkurs-plastyczny-kolory-niepodleglosci","status":"publish","type":"page","link":"https:\/\/sp1hrubieszow.pl\/index.php\/kronika-2020-2021\/konkurs-plastyczny-kolory-niepodleglosci\/","title":{"rendered":"Konkurs plastyczny \u201eKolory Niepodleg\u0142o\u015bci\u201d"},"content":{"rendered":"\n<p><span style=\"color: #000080;\">09.11.2022r. uczennice naszej szko\u0142y Zuzanna Kuras z klasy 1a i Jagoda Szczepanik z klasy 3a otrzyma\u0142y wyr\u00f3\u017cnienie podczas uroczystej gali wr\u0119czenia nagr\u00f3d V edycji konkursu plastycznego \u201eKolory Niepodleg\u0142o\u015bci\u201d, kt\u00f3ra odby\u0142a si\u0119 w Centrum Kultury Filmowej \u201eStylowy\u201d w Zamo\u015bciu.<\/span><\/p>\n<p><span style=\"color: #000080;\">Organizatorem konkursu by\u0142 Pose\u0142 na Sejm Rzeczypospolitej Polskiej Tomasz Zieli\u0144ski, wsp\u00f3\u0142organizatorem Kuratorium O\u015bwiaty w Lublinie Delegatura w Zamo\u015bciu oraz Instytut Pami\u0119ci Narodowej w Warszawie. Patronat honorowy obj\u0105\u0142 Prezes Rady Ministr\u00f3w Mateusz Morawiecki.&nbsp;<\/span><\/p>\nngg_shortcode_0_placeholder\n","protected":false},"excerpt":{"rendered":"<p>09.11.2022r. uczennice naszej szko\u0142y Zuzanna Kuras z klasy 1a i Jagoda Szczepanik z klasy 3a otrzyma\u0142y wyr\u00f3\u017cnienie podczas uroczystej gali wr\u0119czenia nagr\u00f3d V edycji konkursu plastycznego \u201eKolory Niepodleg\u0142o\u015bci\u201d, kt\u00f3ra odby\u0142a si\u0119 w Centrum Kultury Filmowej \u201eStylowy\u201d w Zamo\u015bciu. Organizatorem konkursu by\u0142 Pose\u0142 na Sejm Rzeczypospolitej Polskiej Tomasz Zieli\u0144ski, wsp\u00f3\u0142organizatorem Kuratorium O\u015bwiaty w Lublinie Delegatura w [&hellip;]<\/p>\n","protected":false},"author":2,"featured_media":0,"parent":5983,"menu_order":0,"comment_status":"closed","ping_status":"closed","template":"","meta":{"ngg_post_thumbnail":0,"footnotes":""},"class_list":["post-18003","page","type-page","status-publish","hentry"],"_links":{"self":[{"href":"https:\/\/sp1hrubieszow.pl\/index.php\/wp-json\/wp\/v2\/pages\/18003","targetHints":{"allow":["GET"]}}],"collection":[{"href":"https:\/\/sp1hrubieszow.pl\/index.php\/wp-json\/wp\/v2\/pages"}],"about":[{"href":"https:\/\/sp1hrubieszow.pl\/index.php\/wp-json\/wp\/v2\/types\/page"}],"author":[{"embeddable":true,"href":"https:\/\/sp1hrubieszow.pl\/index.php\/wp-json\/wp\/v2\/users\/2"}],"replies":[{"embeddable":true,"href":"https:\/\/sp1hrubieszow.pl\/index.php\/wp-json\/wp\/v2\/comments?post=18003"}],"version-history":[{"count":1,"href":"https:\/\/sp1hrubieszow.pl\/index.php\/wp-json\/wp\/v2\/pages\/18003\/revisions"}],"predecessor-version":[{"id":18004,"href":"https:\/\/sp1hrubieszow.pl\/index.php\/wp-json\/wp\/v2\/pages\/18003\/revisions\/18004"}],"up":[{"embeddable":true,"href":"https:\/\/sp1hrubieszow.pl\/index.php\/wp-json\/wp\/v2\/pages\/5983"}],"wp:attachment":[{"href":"https:\/\/sp1hrubieszow.pl\/index.php\/wp-json\/wp\/v2\/media?parent=18003"}],"curies":[{"name":"wp","href":"https:\/\/api.w.org\/{rel}","templated":true}]}}