{"id":17978,"date":"2022-11-22T21:55:12","date_gmt":"2022-11-22T20:55:12","guid":{"rendered":"https:\/\/sp1hrubieszow.pl\/?page_id=17978"},"modified":"2022-11-22T21:55:36","modified_gmt":"2022-11-22T20:55:36","slug":"spotkania-z-leonem-w-klasie-2a","status":"publish","type":"page","link":"https:\/\/sp1hrubieszow.pl\/index.php\/kronika-2020-2021\/spotkania-z-leonem-w-klasie-2a\/","title":{"rendered":"Spotkania z Leonem w klasie 2a"},"content":{"rendered":"\n<p><span style=\"color: #000080;\">17.11.2022r. w klasie 2a odby\u0142y si\u0119 profilaktyczne zaj\u0119cia z cyklu Spotkania z Leonem. W skomplikowany \u015bwiat uczu\u0107 wprowadza\u0142y uczestnik\u00f3w panie Maria Malucha oraz Aneta Dyl Tarnawska, pracownice PPP.<\/span><\/p>\nngg_shortcode_0_placeholder\n","protected":false},"excerpt":{"rendered":"<p>17.11.2022r. w klasie 2a odby\u0142y si\u0119 profilaktyczne zaj\u0119cia z cyklu Spotkania z Leonem. W skomplikowany \u015bwiat uczu\u0107 wprowadza\u0142y uczestnik\u00f3w panie Maria Malucha oraz Aneta Dyl Tarnawska, pracownice PPP.<\/p>\n","protected":false},"author":2,"featured_media":0,"parent":5983,"menu_order":0,"comment_status":"closed","ping_status":"closed","template":"","meta":{"ngg_post_thumbnail":0,"footnotes":""},"class_list":["post-17978","page","type-page","status-publish","hentry"],"_links":{"self":[{"href":"https:\/\/sp1hrubieszow.pl\/index.php\/wp-json\/wp\/v2\/pages\/17978","targetHints":{"allow":["GET"]}}],"collection":[{"href":"https:\/\/sp1hrubieszow.pl\/index.php\/wp-json\/wp\/v2\/pages"}],"about":[{"href":"https:\/\/sp1hrubieszow.pl\/index.php\/wp-json\/wp\/v2\/types\/page"}],"author":[{"embeddable":true,"href":"https:\/\/sp1hrubieszow.pl\/index.php\/wp-json\/wp\/v2\/users\/2"}],"replies":[{"embeddable":true,"href":"https:\/\/sp1hrubieszow.pl\/index.php\/wp-json\/wp\/v2\/comments?post=17978"}],"version-history":[{"count":1,"href":"https:\/\/sp1hrubieszow.pl\/index.php\/wp-json\/wp\/v2\/pages\/17978\/revisions"}],"predecessor-version":[{"id":17979,"href":"https:\/\/sp1hrubieszow.pl\/index.php\/wp-json\/wp\/v2\/pages\/17978\/revisions\/17979"}],"up":[{"embeddable":true,"href":"https:\/\/sp1hrubieszow.pl\/index.php\/wp-json\/wp\/v2\/pages\/5983"}],"wp:attachment":[{"href":"https:\/\/sp1hrubieszow.pl\/index.php\/wp-json\/wp\/v2\/media?parent=17978"}],"curies":[{"name":"wp","href":"https:\/\/api.w.org\/{rel}","templated":true}]}}