{"id":17963,"date":"2022-11-22T21:42:43","date_gmt":"2022-11-22T20:42:43","guid":{"rendered":"https:\/\/sp1hrubieszow.pl\/?page_id=17963"},"modified":"2022-11-22T21:43:37","modified_gmt":"2022-11-22T20:43:37","slug":"pierwsze-od-wielu-lat","status":"publish","type":"page","link":"https:\/\/sp1hrubieszow.pl\/index.php\/kronika-2020-2021\/pierwsze-od-wielu-lat\/","title":{"rendered":"Pierwsze od wielu lat&#8230;"},"content":{"rendered":"\n<p><span style=\"color: #000080;\">To by\u0142y nasze pierwsze od wielu lat dyskoteki. I uda\u0142y si\u0119 nam doskonale. Nie by\u0142o podzia\u0142u na klasy, grupy. Wszyscy bawili si\u0119 ze wszystkimi. Szale\u0144stwo. &#8222;Belgijka&#8221; doprowadzona niemal do perfekcji. Potrzebujemy jeszcze jednej dyskoteki by j\u0105 udoskonali\u0107 <span class=\"x3nfvp2 x1j61x8r x1fcty0u xdj266r xhhsvwb xat24cr xgzva0m xxymvpz xlup9mm x1kky2od\"><img loading=\"lazy\" decoding=\"async\" src=\"https:\/\/static.xx.fbcdn.net\/images\/emoji.php\/v9\/t57\/1\/16\/1f609.png\" alt=\"?\" width=\"16\" height=\"16\"><\/span> <\/span><\/p>\n<p><span style=\"color: #000080;\">Mniej zaanga\u017cowani w ta\u0144ce kibicowali dru\u017cynie pi\u0142karzy. Od\u015bpiewali hymn Polski. Rezultat meczu nie zadowala nas, ale czekamy na reszt\u0119&#8230;<\/span><\/p>\n<div style=\"width: 625px;\" class=\"wp-video\"><video class=\"wp-video-shortcode\" id=\"video-17963-1\" width=\"625\" height=\"359\" preload=\"metadata\" controls=\"controls\"><source type=\"video\/mp4\" src=\"http:\/\/sp1hrubieszow.pl\/wp-content\/uploads\/2022\/11\/316778592_5552295794859748_3968202052427057543_n.mp4?_=1\" \/><a href=\"http:\/\/sp1hrubieszow.pl\/wp-content\/uploads\/2022\/11\/316778592_5552295794859748_3968202052427057543_n.mp4\">http:\/\/sp1hrubieszow.pl\/wp-content\/uploads\/2022\/11\/316778592_5552295794859748_3968202052427057543_n.mp4<\/a><\/video><\/div>\nngg_shortcode_0_placeholder\n","protected":false},"excerpt":{"rendered":"<p>To by\u0142y nasze pierwsze od wielu lat dyskoteki. I uda\u0142y si\u0119 nam doskonale. Nie by\u0142o podzia\u0142u na klasy, grupy. Wszyscy bawili si\u0119 ze wszystkimi. Szale\u0144stwo. &#8222;Belgijka&#8221; doprowadzona niemal do perfekcji. Potrzebujemy jeszcze jednej dyskoteki by j\u0105 udoskonali\u0107 Mniej zaanga\u017cowani w ta\u0144ce kibicowali dru\u017cynie pi\u0142karzy. Od\u015bpiewali hymn Polski. Rezultat meczu nie zadowala nas, ale czekamy na [&hellip;]<\/p>\n","protected":false},"author":2,"featured_media":0,"parent":5983,"menu_order":0,"comment_status":"closed","ping_status":"closed","template":"","meta":{"ngg_post_thumbnail":0,"footnotes":""},"class_list":["post-17963","page","type-page","status-publish","hentry"],"_links":{"self":[{"href":"https:\/\/sp1hrubieszow.pl\/index.php\/wp-json\/wp\/v2\/pages\/17963","targetHints":{"allow":["GET"]}}],"collection":[{"href":"https:\/\/sp1hrubieszow.pl\/index.php\/wp-json\/wp\/v2\/pages"}],"about":[{"href":"https:\/\/sp1hrubieszow.pl\/index.php\/wp-json\/wp\/v2\/types\/page"}],"author":[{"embeddable":true,"href":"https:\/\/sp1hrubieszow.pl\/index.php\/wp-json\/wp\/v2\/users\/2"}],"replies":[{"embeddable":true,"href":"https:\/\/sp1hrubieszow.pl\/index.php\/wp-json\/wp\/v2\/comments?post=17963"}],"version-history":[{"count":1,"href":"https:\/\/sp1hrubieszow.pl\/index.php\/wp-json\/wp\/v2\/pages\/17963\/revisions"}],"predecessor-version":[{"id":17964,"href":"https:\/\/sp1hrubieszow.pl\/index.php\/wp-json\/wp\/v2\/pages\/17963\/revisions\/17964"}],"up":[{"embeddable":true,"href":"https:\/\/sp1hrubieszow.pl\/index.php\/wp-json\/wp\/v2\/pages\/5983"}],"wp:attachment":[{"href":"https:\/\/sp1hrubieszow.pl\/index.php\/wp-json\/wp\/v2\/media?parent=17963"}],"curies":[{"name":"wp","href":"https:\/\/api.w.org\/{rel}","templated":true}]}}