{"id":17938,"date":"2022-11-10T22:35:22","date_gmt":"2022-11-10T21:35:22","guid":{"rendered":"https:\/\/sp1hrubieszow.pl\/?page_id=17938"},"modified":"2022-11-11T12:09:45","modified_gmt":"2022-11-11T11:09:45","slug":"szkola-do-hymnu","status":"publish","type":"page","link":"https:\/\/sp1hrubieszow.pl\/index.php\/kronika-2020-2021\/szkola-do-hymnu\/","title":{"rendered":"\u201eSzko\u0142a do hymnu\u201d"},"content":{"rendered":"\n<p><span style=\"color: #000080;\">10 listopada nasza szko\u0142a wzi\u0119\u0142a udzia\u0142 w kolejnej edycji akcji Ministerstwa Edukacji i Nauki \u201eSzko\u0142a do hymnu\u201d. O symbolicznej godzinie 11:11 za\u015bpiewali\u015bmy hymn i w ten spos\u00f3b w\u0142\u0105czyli\u015bmy si\u0119 w \u015bwi\u0119towanie kolejnej rocznicy odzyskania przez Polsk\u0119 niepodleg\u0142o\u015bci.<\/span><\/p>\nngg_shortcode_0_placeholder\nngg_shortcode_1_placeholder\n","protected":false},"excerpt":{"rendered":"<p>10 listopada nasza szko\u0142a wzi\u0119\u0142a udzia\u0142 w kolejnej edycji akcji Ministerstwa Edukacji i Nauki \u201eSzko\u0142a do hymnu\u201d. O symbolicznej godzinie 11:11 za\u015bpiewali\u015bmy hymn i w ten spos\u00f3b w\u0142\u0105czyli\u015bmy si\u0119 w \u015bwi\u0119towanie kolejnej rocznicy odzyskania przez Polsk\u0119 niepodleg\u0142o\u015bci.<\/p>\n","protected":false},"author":2,"featured_media":0,"parent":5983,"menu_order":0,"comment_status":"closed","ping_status":"closed","template":"","meta":{"ngg_post_thumbnail":0,"footnotes":""},"class_list":["post-17938","page","type-page","status-publish","hentry"],"_links":{"self":[{"href":"https:\/\/sp1hrubieszow.pl\/index.php\/wp-json\/wp\/v2\/pages\/17938","targetHints":{"allow":["GET"]}}],"collection":[{"href":"https:\/\/sp1hrubieszow.pl\/index.php\/wp-json\/wp\/v2\/pages"}],"about":[{"href":"https:\/\/sp1hrubieszow.pl\/index.php\/wp-json\/wp\/v2\/types\/page"}],"author":[{"embeddable":true,"href":"https:\/\/sp1hrubieszow.pl\/index.php\/wp-json\/wp\/v2\/users\/2"}],"replies":[{"embeddable":true,"href":"https:\/\/sp1hrubieszow.pl\/index.php\/wp-json\/wp\/v2\/comments?post=17938"}],"version-history":[{"count":3,"href":"https:\/\/sp1hrubieszow.pl\/index.php\/wp-json\/wp\/v2\/pages\/17938\/revisions"}],"predecessor-version":[{"id":18140,"href":"https:\/\/sp1hrubieszow.pl\/index.php\/wp-json\/wp\/v2\/pages\/17938\/revisions\/18140"}],"up":[{"embeddable":true,"href":"https:\/\/sp1hrubieszow.pl\/index.php\/wp-json\/wp\/v2\/pages\/5983"}],"wp:attachment":[{"href":"https:\/\/sp1hrubieszow.pl\/index.php\/wp-json\/wp\/v2\/media?parent=17938"}],"curies":[{"name":"wp","href":"https:\/\/api.w.org\/{rel}","templated":true}]}}