{"id":17868,"date":"2022-11-10T20:35:00","date_gmt":"2022-11-10T19:35:00","guid":{"rendered":"https:\/\/sp1hrubieszow.pl\/?page_id=17868"},"modified":"2022-11-10T20:36:10","modified_gmt":"2022-11-10T19:36:10","slug":"czas-zadumy","status":"publish","type":"page","link":"https:\/\/sp1hrubieszow.pl\/index.php\/kronika-2020-2021\/czas-zadumy\/","title":{"rendered":"Czas zadumy"},"content":{"rendered":"\n<p><span style=\"color: #000080;\">\u015awi\u0119ta listopadowe to czas zadumy nad warto\u015bci\u0105 \u017cycia, jego sensem i celem. Jednak my Wolontariusze wiemy, \u017ce sens \u017cyciu nadajemy my sami swoimi dzia\u0142aniami i aur\u0105, kt\u00f3r\u0105 wok\u00f3\u0142 siebie roztaczamy. Dlatego te\u017c w tym szczeg\u00f3lnym czasie zaopiekowali\u015bmy si\u0119 grobami na hrubieszowskim cmentarzu. Wsp\u00f3lnie z pracownikami Urz\u0119du Miasta grabili\u015bmy li\u015bcie zalegaj\u0105ce na grobowcach, czy\u015bcili\u015bmy powsta\u0142e zanieczyszczenia oraz zapalali\u015bmy symboliczne \u015bwiat\u0142o jako znak naszej pami\u0119ci. I w ten w\u0142a\u015bnie spos\u00f3b uczcili\u015bmy wielkich ludzi a sobie dali\u015bmy szans\u0119 na wrzucenie kolejnego kamyka do dobrych uczynk\u00f3w.<\/span><\/p>\nngg_shortcode_0_placeholder\n","protected":false},"excerpt":{"rendered":"<p>\u015awi\u0119ta listopadowe to czas zadumy nad warto\u015bci\u0105 \u017cycia, jego sensem i celem. Jednak my Wolontariusze wiemy, \u017ce sens \u017cyciu nadajemy my sami swoimi dzia\u0142aniami i aur\u0105, kt\u00f3r\u0105 wok\u00f3\u0142 siebie roztaczamy. Dlatego te\u017c w tym szczeg\u00f3lnym czasie zaopiekowali\u015bmy si\u0119 grobami na hrubieszowskim cmentarzu. Wsp\u00f3lnie z pracownikami Urz\u0119du Miasta grabili\u015bmy li\u015bcie zalegaj\u0105ce na grobowcach, czy\u015bcili\u015bmy powsta\u0142e zanieczyszczenia [&hellip;]<\/p>\n","protected":false},"author":2,"featured_media":0,"parent":5983,"menu_order":0,"comment_status":"closed","ping_status":"closed","template":"","meta":{"ngg_post_thumbnail":0,"footnotes":""},"class_list":["post-17868","page","type-page","status-publish","hentry"],"_links":{"self":[{"href":"https:\/\/sp1hrubieszow.pl\/index.php\/wp-json\/wp\/v2\/pages\/17868","targetHints":{"allow":["GET"]}}],"collection":[{"href":"https:\/\/sp1hrubieszow.pl\/index.php\/wp-json\/wp\/v2\/pages"}],"about":[{"href":"https:\/\/sp1hrubieszow.pl\/index.php\/wp-json\/wp\/v2\/types\/page"}],"author":[{"embeddable":true,"href":"https:\/\/sp1hrubieszow.pl\/index.php\/wp-json\/wp\/v2\/users\/2"}],"replies":[{"embeddable":true,"href":"https:\/\/sp1hrubieszow.pl\/index.php\/wp-json\/wp\/v2\/comments?post=17868"}],"version-history":[{"count":1,"href":"https:\/\/sp1hrubieszow.pl\/index.php\/wp-json\/wp\/v2\/pages\/17868\/revisions"}],"predecessor-version":[{"id":17869,"href":"https:\/\/sp1hrubieszow.pl\/index.php\/wp-json\/wp\/v2\/pages\/17868\/revisions\/17869"}],"up":[{"embeddable":true,"href":"https:\/\/sp1hrubieszow.pl\/index.php\/wp-json\/wp\/v2\/pages\/5983"}],"wp:attachment":[{"href":"https:\/\/sp1hrubieszow.pl\/index.php\/wp-json\/wp\/v2\/media?parent=17868"}],"curies":[{"name":"wp","href":"https:\/\/api.w.org\/{rel}","templated":true}]}}