{"id":178,"date":"2019-03-18T10:46:52","date_gmt":"2019-03-18T09:46:52","guid":{"rendered":"http:\/\/sp1.hrubieszow.info\/?page_id=178"},"modified":"2019-03-18T10:57:27","modified_gmt":"2019-03-18T09:57:27","slug":"vi-kongres-mediacji-szkolnych-w-bilgoraju-z-udzialem-mediatorow-z-hrubieszowskiej-jedynki","status":"publish","type":"page","link":"https:\/\/sp1hrubieszow.pl\/index.php\/nauczyciele\/pedagog\/pedagog-2019\/vi-kongres-mediacji-szkolnych-w-bilgoraju-z-udzialem-mediatorow-z-hrubieszowskiej-jedynki\/","title":{"rendered":"VI Kongres Mediacji Szkolnych w Bi\u0142goraju z udzia\u0142em mediator\u00f3w z hrubieszowskiej \u201eJedynki\u201d"},"content":{"rendered":"\n<p><span style=\"color: #000080;\"><strong>&nbsp;<\/strong><\/span><\/p>\n<p><span style=\"color: #000080;\"><strong>&nbsp;<\/strong><\/span><\/p>\n<p><span style=\"color: #000080;\">&nbsp;W dniach 13-14 marca 2019 r., w Bi\u0142gorajskim Centrum Kultury w Bi\u0142goraju, odby\u0142 si\u0119 <\/span><br><span style=\"color: #000080;\"><strong>VI Kongres Mediacji Szkolnych<\/strong>. Wydarzenie to uzyska\u0142o honorowy patronat:<\/span><\/p>\n<p><span style=\"color: #000080;\">Lubelskiego Kuratora O\u015bwiaty &#8211; Pani Teresy Misiuk, Burmistrza Miasta Bi\u0142goraj &#8211; Pana Janusza Ros\u0142ana, Prezesa S\u0105du Rejonowego w Bi\u0142goraju &#8211; S\u0119dziego Zbigniewa \u0141upiny.<\/span><\/p>\n<p><span style=\"color: #000080;\">Organizatorami kongresu by\u0142y nast\u0119puj\u0105ce instytucje: <\/span><br><span style=\"color: #000080;\">-Fundacja &#8222;Unia Regionalnych Centr\u00f3w Mediacji\u201d,<\/span><\/p>\n<p><span style=\"color: #000080;\">-Stowarzyszenie &#8222;Podkarpackie Centrum Mediacji&#8221;,<\/span><\/p>\n<p><span style=\"color: #000080;\">-Stowarzyszenie Mediator\u00f3w Gospodarczych,<\/span><\/p>\n<p><span style=\"color: #000080;\">-Stowarzyszenie Bezpieczny Powiat Bi\u0142gorajski,<\/span><\/p>\n<p><span style=\"color: #000080;\">-Centrum Arbitra\u017cu i Mediacji w Rzeszowie,<\/span><\/p>\n<p><span style=\"color: #000080;\">-Centrum Arbitra\u017cu i Mediacji we Wroc\u0142awiu,<\/span><\/p>\n<p><span style=\"color: #000080;\">-Wy\u017csza Szko\u0142a In\u017cynieryjno-Ekonomiczna w Rzeszowie,<\/span><\/p>\n<p><span style=\"color: #000080;\">-Stowarzyszenie &#8222;Roztocza\u0144skie Centrum Mediacji\u201d.<\/span><\/p>\n<p><span style=\"color: #000080;\">VI Kongres Mediacji Szkolnych by\u0142 inicjatyw\u0105 w pe\u0142ni prospo\u0142eczn\u0105, kt\u00f3ra mia\u0142a na celu: ukazanie idei mediacji, jako pozas\u0105dowej metody rozwi\u0105zywania konflikt\u00f3w w szkole,<\/span><\/p>\n<p><span style=\"color: #000080;\">promocj\u0119 mediacji szkolnych i r\u00f3wie\u015bniczych; integracj\u0119 \u015brodowisk mediacyjnych wojew\u00f3dztwa lubelskiego oraz &nbsp;zainicjowanie og\u00f3lnopolskiego ruchu Szk\u00f3\u0142 Dialogu.<\/span><\/p>\n<p><span style=\"color: #000080;\">W kongresie wzi\u0119li udzia\u0142 dyrektorzy szk\u00f3\u0142, pedagodzy szkolni, wychowawcy, koordynatorzy d\/s mediacji, mediatorzy s\u0105dowi i zawodowi oraz przedstawiciele Szkolnych Klub\u00f3w Mediatora, w\u015br\u00f3d kt\u00f3rych znalaz\u0142y si\u0119 m\u0142ode mediatorki r\u00f3wie\u015bnicze ze Szkolnego Klubu Mediatora, dzia\u0142aj\u0105cego w Szkole Podstawowej Nr 1 im. Boles\u0142awa Prusa w Hrubieszowie. Uczennice zaprezentowa\u0142y scenk\u0119 -symulacj\u0119 mediacji oraz opowiedzia\u0142y o swoich wra\u017ceniach z podejmowanych w szkole dzia\u0142a\u0144. Przyk\u0142ady dobrych praktyk z kilkuletniego okresu wdra\u017cania mediacji r\u00f3wie\u015bniczych w szkole przedstawi\u0142a opiekunka mediator\u00f3w r\u00f3wie\u015bniczych w Szkole Podstawowej Nr 1 w Hrubieszowie p. Marta Kuczy\u0144ska. <\/span><br><span style=\"color: #000080;\">W drugim dniu kongresu odby\u0142y si\u0119 warsztaty open-space&nbsp; na temat: \u201eMediacja na drodze do bezpiecznego domu, mieszkania, osiedla, szko\u0142y\u201d, kt\u00f3re sta\u0142y si\u0119 okazj\u0105 do podniesienia wiedzy i umiej\u0119tno\u015bci, dotycz\u0105cych wykorzystania mediacji w \u017cyciu codziennym.<\/span><br><br><\/p>\n<p>&nbsp;<\/p>\nngg_shortcode_0_placeholder\n<p>&nbsp;<\/p>\n<p>&nbsp;<\/p>\n<p><span style=\"color: #000080;\">Relacja z kongresu<\/span><\/p>\n<p>https:\/\/www.facebook.com\/btkredakcja\/videos\/259013815040683\/UzpfSTU3MjY4ODM0NjU2MTc5Mzo1NzMyNDE2NzMxNzMxMjc\/?notif_id=1552764584264788&#038;notif_t=page_fan<\/p>\n","protected":false},"excerpt":{"rendered":"<p>&nbsp; &nbsp; &nbsp;W dniach 13-14 marca 2019 r., w Bi\u0142gorajskim Centrum Kultury w Bi\u0142goraju, odby\u0142 si\u0119 VI Kongres Mediacji Szkolnych. Wydarzenie to uzyska\u0142o honorowy patronat: Lubelskiego Kuratora O\u015bwiaty &#8211; Pani Teresy Misiuk, Burmistrza Miasta Bi\u0142goraj &#8211; Pana Janusza Ros\u0142ana, Prezesa S\u0105du Rejonowego w Bi\u0142goraju &#8211; S\u0119dziego Zbigniewa \u0141upiny. Organizatorami kongresu by\u0142y nast\u0119puj\u0105ce instytucje: -Fundacja &#8222;Unia [&hellip;]<\/p>\n","protected":false},"author":1,"featured_media":0,"parent":75,"menu_order":1,"comment_status":"closed","ping_status":"closed","template":"","meta":{"ngg_post_thumbnail":0,"footnotes":""},"class_list":["post-178","page","type-page","status-publish","hentry"],"_links":{"self":[{"href":"https:\/\/sp1hrubieszow.pl\/index.php\/wp-json\/wp\/v2\/pages\/178","targetHints":{"allow":["GET"]}}],"collection":[{"href":"https:\/\/sp1hrubieszow.pl\/index.php\/wp-json\/wp\/v2\/pages"}],"about":[{"href":"https:\/\/sp1hrubieszow.pl\/index.php\/wp-json\/wp\/v2\/types\/page"}],"author":[{"embeddable":true,"href":"https:\/\/sp1hrubieszow.pl\/index.php\/wp-json\/wp\/v2\/users\/1"}],"replies":[{"embeddable":true,"href":"https:\/\/sp1hrubieszow.pl\/index.php\/wp-json\/wp\/v2\/comments?post=178"}],"version-history":[{"count":2,"href":"https:\/\/sp1hrubieszow.pl\/index.php\/wp-json\/wp\/v2\/pages\/178\/revisions"}],"predecessor-version":[{"id":214,"href":"https:\/\/sp1hrubieszow.pl\/index.php\/wp-json\/wp\/v2\/pages\/178\/revisions\/214"}],"up":[{"embeddable":true,"href":"https:\/\/sp1hrubieszow.pl\/index.php\/wp-json\/wp\/v2\/pages\/75"}],"wp:attachment":[{"href":"https:\/\/sp1hrubieszow.pl\/index.php\/wp-json\/wp\/v2\/media?parent=178"}],"curies":[{"name":"wp","href":"https:\/\/api.w.org\/{rel}","templated":true}]}}