{"id":17757,"date":"2022-11-06T14:21:40","date_gmt":"2022-11-06T13:21:40","guid":{"rendered":"https:\/\/sp1hrubieszow.pl\/?page_id=17757"},"modified":"2022-11-06T14:22:06","modified_gmt":"2022-11-06T13:22:06","slug":"slubowania-klas-pierwszych","status":"publish","type":"page","link":"https:\/\/sp1hrubieszow.pl\/index.php\/kronika-2020-2021\/slubowania-klas-pierwszych\/","title":{"rendered":"\u015alubowania klas pierwszych"},"content":{"rendered":"\n<p><span style=\"color: #000080;\">Dnia 21 pa\u017adziernika 2022 odby\u0142o si\u0119 w naszej szkole &#8222;\u015alubowanie klas I&#8221;. Do spo\u0142eczno\u015bci szkolnej do\u0142\u0105czy\u0142y klasy 1a i 1b. Na uroczysto\u015bci nie zabrak\u0142o r\u00f3wnie\u017c pani Burmistrz Marty Majewskiej, kt\u00f3ra wr\u0119czy\u0142a dzieciom s\u0142odkie niespodzianki.<\/span><\/p>\n<p><span style=\"color: #000080;\"> Wychowawcy klas p. Joanna Bartnik i p. Renata Pacza\u0142a, dzi\u0119kuj\u0105 wszystkim, kt\u00f3rzy pomogli w organizacji tego \u015bwi\u0119ta.&nbsp;<\/span><\/p>\nngg_shortcode_0_placeholder\n","protected":false},"excerpt":{"rendered":"<p>Dnia 21 pa\u017adziernika 2022 odby\u0142o si\u0119 w naszej szkole &#8222;\u015alubowanie klas I&#8221;. Do spo\u0142eczno\u015bci szkolnej do\u0142\u0105czy\u0142y klasy 1a i 1b. Na uroczysto\u015bci nie zabrak\u0142o r\u00f3wnie\u017c pani Burmistrz Marty Majewskiej, kt\u00f3ra wr\u0119czy\u0142a dzieciom s\u0142odkie niespodzianki. Wychowawcy klas p. Joanna Bartnik i p. Renata Pacza\u0142a, dzi\u0119kuj\u0105 wszystkim, kt\u00f3rzy pomogli w organizacji tego \u015bwi\u0119ta.&nbsp;<\/p>\n","protected":false},"author":2,"featured_media":0,"parent":5983,"menu_order":0,"comment_status":"closed","ping_status":"closed","template":"","meta":{"ngg_post_thumbnail":0,"footnotes":""},"class_list":["post-17757","page","type-page","status-publish","hentry"],"_links":{"self":[{"href":"https:\/\/sp1hrubieszow.pl\/index.php\/wp-json\/wp\/v2\/pages\/17757","targetHints":{"allow":["GET"]}}],"collection":[{"href":"https:\/\/sp1hrubieszow.pl\/index.php\/wp-json\/wp\/v2\/pages"}],"about":[{"href":"https:\/\/sp1hrubieszow.pl\/index.php\/wp-json\/wp\/v2\/types\/page"}],"author":[{"embeddable":true,"href":"https:\/\/sp1hrubieszow.pl\/index.php\/wp-json\/wp\/v2\/users\/2"}],"replies":[{"embeddable":true,"href":"https:\/\/sp1hrubieszow.pl\/index.php\/wp-json\/wp\/v2\/comments?post=17757"}],"version-history":[{"count":1,"href":"https:\/\/sp1hrubieszow.pl\/index.php\/wp-json\/wp\/v2\/pages\/17757\/revisions"}],"predecessor-version":[{"id":17758,"href":"https:\/\/sp1hrubieszow.pl\/index.php\/wp-json\/wp\/v2\/pages\/17757\/revisions\/17758"}],"up":[{"embeddable":true,"href":"https:\/\/sp1hrubieszow.pl\/index.php\/wp-json\/wp\/v2\/pages\/5983"}],"wp:attachment":[{"href":"https:\/\/sp1hrubieszow.pl\/index.php\/wp-json\/wp\/v2\/media?parent=17757"}],"curies":[{"name":"wp","href":"https:\/\/api.w.org\/{rel}","templated":true}]}}