{"id":17737,"date":"2022-11-06T13:55:50","date_gmt":"2022-11-06T12:55:50","guid":{"rendered":"https:\/\/sp1hrubieszow.pl\/?page_id=17737"},"modified":"2022-11-06T13:56:04","modified_gmt":"2022-11-06T12:56:04","slug":"szkola-myslenia-pozytywnego-2-0zadanie-certyfikacyjne-na-miesiac-pazdziernik-2022r-temat-jak-rozwijac-samodzielnosc-u-uczniow-i-uczennic-oraz-budowac-motywacje-do-nauki","status":"publish","type":"page","link":"https:\/\/sp1hrubieszow.pl\/index.php\/kronika-2020-2021\/szkola-myslenia-pozytywnego-2-0zadanie-certyfikacyjne-na-miesiac-pazdziernik-2022r-temat-jak-rozwijac-samodzielnosc-u-uczniow-i-uczennic-oraz-budowac-motywacje-do-nauki\/","title":{"rendered":"&#8222;Szko\u0142a My\u015blenia Pozytywnego 2.0&#8243;Zadanie certyfikacyjne na miesi\u0105c pa\u017adziernik 2022r.Temat: Jak rozwija\u0107 samodzielno\u015b\u0107 u uczni\u00f3w i uczennic oraz budowa\u0107 motywacj\u0119 do nauki."},"content":{"rendered":"\n<div class=\"x11i5rnm xat24cr x1mh8g0r x1vvkbs xtlvy1s x126k92a\">\n<div dir=\"auto\"><span style=\"color: #000080;\">W pa\u017adzierniku pracowali\u015bmy wsp\u00f3lnie nad zadaniem pt. Jak rozwija\u0107 samodzielno\u015b\u0107 u uczni\u00f3w i uczennic oraz budowa\u0107 motywacj\u0119 do nauki. W klasach odbywa\u0142y si\u0119 zaj\u0119cia warsztatowe, podczas kt\u00f3rych realizowano pakiety edukacyjne, przekazane przez Instytut Edukacji Pozytywnej, zawieraj\u0105ce \u0107wiczenia w j\u0119zyku polskim oraz ukrai\u0144skim w przypadku, gdy w klasach ucz\u0105 si\u0119 dzieci pochodzenia ukrai\u0144skiego.<\/span><\/div>\n<div dir=\"auto\"><span style=\"color: #000080;\">Zespo\u0142y klasowe pod opiek\u0105 wychowawc\u00f3w i innych nauczycieli uruchomi\u0142y pok\u0142ady kreatywno\u015bci w celu budowania motywacji do nauki zar\u00f3wno poszczeg\u00f3lnych przedmiot\u00f3w szkolnych ale tak\u017ce prawid\u0142owych nawyk\u00f3w codziennego \u017cycia, dodatnio wp\u0142ywaj\u0105cych na nauk\u0119, takich jak: zdrowe od\u017cywianie i umiej\u0119tno\u015b\u0107 kontrolowania stresu ale tak\u017ce planowanie i stawianie sobie cel\u00f3w.<\/span><\/div>\n<div dir=\"auto\"><span style=\"color: #000080;\">W zadaniu wzi\u0119li udzia\u0142 uczniowie klas:<\/span><\/div>\n<div dir=\"auto\"><span style=\"color: #000080;\">Klasa Ib, pod opieka p. Renaty Pacza\u0142y<\/span><\/div>\n<div dir=\"auto\"><span style=\"color: #000080;\">Klasa IIa pod opieka p. Ma\u0142gorzaty Serafin<\/span><\/div>\n<div dir=\"auto\"><span style=\"color: #000080;\">Klasa IIIa, pod opiek\u0105 pani Katarzyny Sztuk<\/span><\/div>\n<div dir=\"auto\"><span style=\"color: #000080;\">Klasa VIa, pod opiek\u0105 p. Marty Kuczy\u0144skiej<\/span><\/div>\n<div dir=\"auto\"><span style=\"color: #000080;\">Klasa VIc, pod opiek\u0105 pani Anny Lewandowskiej<\/span><\/div>\n<div dir=\"auto\"><span style=\"color: #000080;\">Pierwszoklasi\u015bci z klasy Ib utrwalali prawid\u0142owe nawyki \u017cywieniowe, rozmawiali o piramidzie zdrowia oraz wykonywali kolorowe sa\u0142atki owocowo-warzywne.<\/span><\/div>\n<div dir=\"auto\"><span style=\"color: #000080;\">Uczniowie klasy IIa uczyli si\u0119 jak poprawia\u0107 swoje samopoczucie i poznawali techniki relaksacyjne, w tym techniki oddechowe i wykorzystuj\u0105ce ruch.<\/span><\/div>\n<div dir=\"auto\"><span style=\"color: #000080;\">Trzecioklasi\u015bci z klasy IIIa wykonali kolorowe plakaty na temat ulubionego pisarza b\u0105d\u017a pisarki oraz jego utwor\u00f3w a nast\u0119pnie prezentowali je w gronie klasy, zach\u0119caj\u0105c do czytania.<\/span><\/div>\n<div dir=\"auto\"><span style=\"color: #000080;\">Uczniowie klasy VIa rozmawiali o celach i marzeniach oraz o prawid\u0142owej komunikacji interpersonalnej a tak\u017ce grali w wymy\u015blone przez siebie kalambury.<\/span><\/div>\n<div dir=\"auto\"><span style=\"color: #000080;\">Uczniowie klasy VIc zastanawiali si\u0119 nad tym, na co po\u015bwi\u0119caj\u0105 sw\u00f3j czas i wykonywali kreatywne \u201eS\u0142oiki czasu\u201d.<\/span><\/div>\n<div dir=\"auto\"><span style=\"color: #000080;\">Dodatkowo klasy I-III podj\u0119\u0142y dzia\u0142ania integruj\u0105ce spo\u0142eczno\u015b\u0107 szkoln\u0105 i jednocze\u015bnie utrwalaj\u0105ce prawid\u0142owe nawyki czytelnicze podczas akcji \u201ePrzerwa na czytanie\u201d. Uczniowie klas: Ia pod opiek\u0105 pani Joanny Bartnik, IIc, pod opiek\u0105 pani Joanny Nazar oraz IIIa pod opiek\u0105 pani Katarzyny Sztuk, zorganizowali akcj\u0119 czytelnicz\u0105 na korytarzu szkolnym w weso\u0142ych przebraniach postaci z bajek.<\/span><\/div>\n<div dir=\"auto\"><span style=\"color: #000080;\">Wykonywanie przez klasy zada\u0144 projektowych w zakresie komunikacji mi\u0119dzykulturowej w okoliczno\u015bciach edukacyjnych by\u0142a doskona\u0142\u0105 okazj\u0105 na u\u0142atwienie dzieciom z trudno\u015bciami edukacyjnymi osi\u0105gania sukces\u00f3w dydaktycznych, a jednocze\u015bnie mo\u017cliwo\u015bci\u0105 budowania integracji i motywacji do nauki dla wszystkich.<\/span><\/div>\n<div dir=\"auto\">&nbsp;<\/div>\n<\/div>\n<div class=\"x11i5rnm xat24cr x1mh8g0r x1vvkbs xtlvy1s x126k92a\">\n<div dir=\"auto\"><span style=\"color: #000080;\">Koordynaror szkolny &#8222;SMP 2.0&#8221; &#8211; Marta Kuczy\u0144ska<\/span><\/div>\n<div dir=\"auto\">\nngg_shortcode_0_placeholder\n<\/div>\n<\/div>\n","protected":false},"excerpt":{"rendered":"<p>W pa\u017adzierniku pracowali\u015bmy wsp\u00f3lnie nad zadaniem pt. Jak rozwija\u0107 samodzielno\u015b\u0107 u uczni\u00f3w i uczennic oraz budowa\u0107 motywacj\u0119 do nauki. W klasach odbywa\u0142y si\u0119 zaj\u0119cia warsztatowe, podczas kt\u00f3rych realizowano pakiety edukacyjne, przekazane przez Instytut Edukacji Pozytywnej, zawieraj\u0105ce \u0107wiczenia w j\u0119zyku polskim oraz ukrai\u0144skim w przypadku, gdy w klasach ucz\u0105 si\u0119 dzieci pochodzenia ukrai\u0144skiego. Zespo\u0142y klasowe pod [&hellip;]<\/p>\n","protected":false},"author":2,"featured_media":0,"parent":5983,"menu_order":0,"comment_status":"closed","ping_status":"closed","template":"","meta":{"ngg_post_thumbnail":0,"footnotes":""},"class_list":["post-17737","page","type-page","status-publish","hentry"],"_links":{"self":[{"href":"https:\/\/sp1hrubieszow.pl\/index.php\/wp-json\/wp\/v2\/pages\/17737","targetHints":{"allow":["GET"]}}],"collection":[{"href":"https:\/\/sp1hrubieszow.pl\/index.php\/wp-json\/wp\/v2\/pages"}],"about":[{"href":"https:\/\/sp1hrubieszow.pl\/index.php\/wp-json\/wp\/v2\/types\/page"}],"author":[{"embeddable":true,"href":"https:\/\/sp1hrubieszow.pl\/index.php\/wp-json\/wp\/v2\/users\/2"}],"replies":[{"embeddable":true,"href":"https:\/\/sp1hrubieszow.pl\/index.php\/wp-json\/wp\/v2\/comments?post=17737"}],"version-history":[{"count":1,"href":"https:\/\/sp1hrubieszow.pl\/index.php\/wp-json\/wp\/v2\/pages\/17737\/revisions"}],"predecessor-version":[{"id":17738,"href":"https:\/\/sp1hrubieszow.pl\/index.php\/wp-json\/wp\/v2\/pages\/17737\/revisions\/17738"}],"up":[{"embeddable":true,"href":"https:\/\/sp1hrubieszow.pl\/index.php\/wp-json\/wp\/v2\/pages\/5983"}],"wp:attachment":[{"href":"https:\/\/sp1hrubieszow.pl\/index.php\/wp-json\/wp\/v2\/media?parent=17737"}],"curies":[{"name":"wp","href":"https:\/\/api.w.org\/{rel}","templated":true}]}}