{"id":17711,"date":"2022-11-05T19:27:31","date_gmt":"2022-11-05T18:27:31","guid":{"rendered":"https:\/\/sp1hrubieszow.pl\/?page_id=17711"},"modified":"2022-11-05T19:28:03","modified_gmt":"2022-11-05T18:28:03","slug":"swiatowy-dzien-zwierzat","status":"publish","type":"page","link":"https:\/\/sp1hrubieszow.pl\/index.php\/kronika-2020-2021\/swiatowy-dzien-zwierzat\/","title":{"rendered":"\u015awiatowy Dzie\u0144 Zwierz\u0105t"},"content":{"rendered":"\n<div dir=\"auto\"><span style=\"color: #000080;\">Wolontariat to nie tylko niesienie natychmiastowej pomocy. To styl \u017cycia, kt\u00f3rego uczymy si\u0119 od najm\u0142odszych lat. Tak te\u017c dzieje si\u0119 w Szkole Podstawowej nr 1 im. Boles\u0142awa Prusa w Hrubieszowie, gdzie pr\u0119\u017cnie dzia\u0142a Szkolne Ko\u0142o Wolontariatu.<\/span><\/div>\n<div dir=\"auto\"><span style=\"color: #000080;\">W ramach uwra\u017cliwiania na krzywd\u0119 innych i nauki reagowania na trudne sytuacje nie tylko ludzi, ale i zwierz\u0105t SKW zorganizowa\u0142o zbi\u00f3rk\u0119 karmy dla zwierz\u0105t, kt\u00f3ra zosta\u0142a przekazana do schroniska dla bezdomnych zwierz\u0105t w Zamo\u015bciu.<\/span><\/div>\n<div dir=\"auto\"><span style=\"color: #000080;\">Nasze dzia\u0142ania nie by\u0142yby mo\u017cliwe, gdyby nie nasi Darczy\u0144cy, kt\u00f3rzy odpowiedzieli na pro\u015bby i czynnie w\u0142\u0105czyli si\u0119 w akcj\u0119. Jeste\u015bmy wdzi\u0119czni za najmniejszy datek, bo nasze otwarte serca to mniej g\u0142odnych zwierz\u0105t i mniej zmartwionych ich losem opiekun\u00f3w schronisk.<\/span><\/div>\n<div dir=\"auto\"><span style=\"color: #000080;\">Pami\u0119tajmy codziennie, \u017ce u\u015bmiech, podanie d\u0142oni, drobny dobry uczynek to wk\u0142ad w to, by \u015bwiat wok\u00f3\u0142 nas sta\u0142 si\u0119 mniej szary i wrogi. Dajmy sobie rado\u015b\u0107.<\/span><\/div>\n<div dir=\"auto\">\nngg_shortcode_0_placeholder\n<\/div>\n","protected":false},"excerpt":{"rendered":"<p>Wolontariat to nie tylko niesienie natychmiastowej pomocy. To styl \u017cycia, kt\u00f3rego uczymy si\u0119 od najm\u0142odszych lat. Tak te\u017c dzieje si\u0119 w Szkole Podstawowej nr 1 im. Boles\u0142awa Prusa w Hrubieszowie, gdzie pr\u0119\u017cnie dzia\u0142a Szkolne Ko\u0142o Wolontariatu. W ramach uwra\u017cliwiania na krzywd\u0119 innych i nauki reagowania na trudne sytuacje nie tylko ludzi, ale i zwierz\u0105t SKW [&hellip;]<\/p>\n","protected":false},"author":2,"featured_media":0,"parent":5983,"menu_order":0,"comment_status":"closed","ping_status":"closed","template":"","meta":{"ngg_post_thumbnail":0,"footnotes":""},"class_list":["post-17711","page","type-page","status-publish","hentry"],"_links":{"self":[{"href":"https:\/\/sp1hrubieszow.pl\/index.php\/wp-json\/wp\/v2\/pages\/17711","targetHints":{"allow":["GET"]}}],"collection":[{"href":"https:\/\/sp1hrubieszow.pl\/index.php\/wp-json\/wp\/v2\/pages"}],"about":[{"href":"https:\/\/sp1hrubieszow.pl\/index.php\/wp-json\/wp\/v2\/types\/page"}],"author":[{"embeddable":true,"href":"https:\/\/sp1hrubieszow.pl\/index.php\/wp-json\/wp\/v2\/users\/2"}],"replies":[{"embeddable":true,"href":"https:\/\/sp1hrubieszow.pl\/index.php\/wp-json\/wp\/v2\/comments?post=17711"}],"version-history":[{"count":1,"href":"https:\/\/sp1hrubieszow.pl\/index.php\/wp-json\/wp\/v2\/pages\/17711\/revisions"}],"predecessor-version":[{"id":17712,"href":"https:\/\/sp1hrubieszow.pl\/index.php\/wp-json\/wp\/v2\/pages\/17711\/revisions\/17712"}],"up":[{"embeddable":true,"href":"https:\/\/sp1hrubieszow.pl\/index.php\/wp-json\/wp\/v2\/pages\/5983"}],"wp:attachment":[{"href":"https:\/\/sp1hrubieszow.pl\/index.php\/wp-json\/wp\/v2\/media?parent=17711"}],"curies":[{"name":"wp","href":"https:\/\/api.w.org\/{rel}","templated":true}]}}