{"id":17656,"date":"2022-11-04T19:57:18","date_gmt":"2022-11-04T18:57:18","guid":{"rendered":"https:\/\/sp1hrubieszow.pl\/?page_id=17656"},"modified":"2022-11-04T19:57:47","modified_gmt":"2022-11-04T18:57:47","slug":"xii-swiatowy-dzien-tabliczki-mnozenia","status":"publish","type":"page","link":"https:\/\/sp1hrubieszow.pl\/index.php\/kronika-2020-2021\/xii-swiatowy-dzien-tabliczki-mnozenia\/","title":{"rendered":"XII \u015aWIATOWY DZIE\u0143 TABLICZKI MNO\u017bENIA"},"content":{"rendered":"\n<p><span style=\"color: #000080;\">7 pa\u017adziernika 2022 r. po raz kolejny w naszej szkole obchodzili\u015bmy \u015awiatowy Dzie\u0144 Tabliczki Mno\u017cenia. Uczniowie klas 3-8 i klasa 2a pod nadzorem nauczycieli matematyki pisali kartk\u00f3wk\u0119 z tabliczki mno\u017cenia na czas. Osoby, kt\u00f3re jako pierwsze odda\u0142y kartki z&nbsp;poprawnymi wynikami, uzyska\u0142y tytu\u0142 \u201eKlasowego Mistrza Tabliczki Mno\u017cenia\u201d.<\/span><\/p>\n<p><span style=\"color: #000080;\">W tym roku dyplomy otrzymali&nbsp; uczniowie:<\/span><\/p>\n<ul>\n<li><span style=\"color: #000080;\">Franciszek Socha \u2013 ucze\u0144 kl. 2a<\/span><\/li>\n<li><span style=\"color: #000080;\">Bart\u0142omiej Szyma\u0144ski \u2013 ucze\u0144 kl. 3a<\/span><\/li>\n<li><span style=\"color: #000080;\">Arkadiusz Dragun \u2013 ucze\u0144 kl. 3b<\/span><\/li>\n<li><span style=\"color: #000080;\">Sebastian Wajda \u2013 ucze\u0144 kl. 4a<\/span><\/li>\n<li><span style=\"color: #000080;\">Adam Szczur \u2013 ucze\u0144 kl. 4b<\/span><\/li>\n<li><span style=\"color: #000080;\">Maria Stepaniuk \u2013 uczennica kl. 4c<\/span><\/li>\n<li><span style=\"color: #000080;\">Hubert Wawryk \u2013 ucze\u0144 kl. 5a<\/span><\/li>\n<li><span style=\"color: #000080;\">Maciej Grzeszczuk \u2013 ucze\u0144 kl. 5b<\/span><\/li>\n<li><span style=\"color: #000080;\">Antoni Panasiewicz \u2013 ucze\u0144 kl. 5c<\/span><\/li>\n<li><span style=\"color: #000080;\">Nikola Panasiewicz \u2013 uczennica kl.6a<\/span><\/li>\n<li><span style=\"color: #000080;\">Wiktoria Dynkiewicz \u2013 uczennica kl. 6b<\/span><\/li>\n<li><span style=\"color: #000080;\">Lidia Grab \u2013 uczennica kl. 6c<\/span><\/li>\n<li><span style=\"color: #000080;\">Oliwia Jonak \u2013 uczennica kl. 7a<\/span><\/li>\n<li><span style=\"color: #000080;\">Pawe\u0142 Stankiewicz \u2013 ucze\u0144 kl. 8a<\/span><\/li>\n<li><span style=\"color: #000080;\">Emilia Sobczuk \u2013 uczennica kl. 8b<\/span><\/li>\n<li><span style=\"color: #000080;\">Anna Sviderska \u2013 uczennica kl. 8c<\/span><\/li>\n<\/ul>\n<p><span style=\"color: #000080;\">Zwyci\u0119zcom gratulujemy i \u017cyczymy dalszych sukces\u00f3w matematycznych.<\/span><\/p>\nngg_shortcode_0_placeholder\n<p>&nbsp;<\/p>\n","protected":false},"excerpt":{"rendered":"<p>7 pa\u017adziernika 2022 r. po raz kolejny w naszej szkole obchodzili\u015bmy \u015awiatowy Dzie\u0144 Tabliczki Mno\u017cenia. Uczniowie klas 3-8 i klasa 2a pod nadzorem nauczycieli matematyki pisali kartk\u00f3wk\u0119 z tabliczki mno\u017cenia na czas. Osoby, kt\u00f3re jako pierwsze odda\u0142y kartki z&nbsp;poprawnymi wynikami, uzyska\u0142y tytu\u0142 \u201eKlasowego Mistrza Tabliczki Mno\u017cenia\u201d. W tym roku dyplomy otrzymali&nbsp; uczniowie: Franciszek Socha \u2013 [&hellip;]<\/p>\n","protected":false},"author":2,"featured_media":0,"parent":5983,"menu_order":0,"comment_status":"closed","ping_status":"closed","template":"","meta":{"ngg_post_thumbnail":0,"footnotes":""},"class_list":["post-17656","page","type-page","status-publish","hentry"],"_links":{"self":[{"href":"https:\/\/sp1hrubieszow.pl\/index.php\/wp-json\/wp\/v2\/pages\/17656","targetHints":{"allow":["GET"]}}],"collection":[{"href":"https:\/\/sp1hrubieszow.pl\/index.php\/wp-json\/wp\/v2\/pages"}],"about":[{"href":"https:\/\/sp1hrubieszow.pl\/index.php\/wp-json\/wp\/v2\/types\/page"}],"author":[{"embeddable":true,"href":"https:\/\/sp1hrubieszow.pl\/index.php\/wp-json\/wp\/v2\/users\/2"}],"replies":[{"embeddable":true,"href":"https:\/\/sp1hrubieszow.pl\/index.php\/wp-json\/wp\/v2\/comments?post=17656"}],"version-history":[{"count":1,"href":"https:\/\/sp1hrubieszow.pl\/index.php\/wp-json\/wp\/v2\/pages\/17656\/revisions"}],"predecessor-version":[{"id":17657,"href":"https:\/\/sp1hrubieszow.pl\/index.php\/wp-json\/wp\/v2\/pages\/17656\/revisions\/17657"}],"up":[{"embeddable":true,"href":"https:\/\/sp1hrubieszow.pl\/index.php\/wp-json\/wp\/v2\/pages\/5983"}],"wp:attachment":[{"href":"https:\/\/sp1hrubieszow.pl\/index.php\/wp-json\/wp\/v2\/media?parent=17656"}],"curies":[{"name":"wp","href":"https:\/\/api.w.org\/{rel}","templated":true}]}}