{"id":17643,"date":"2022-11-03T21:21:10","date_gmt":"2022-11-03T20:21:10","guid":{"rendered":"https:\/\/sp1hrubieszow.pl\/?page_id=17643"},"modified":"2022-11-03T21:22:17","modified_gmt":"2022-11-03T20:22:17","slug":"problemy-techniczne","status":"publish","type":"page","link":"https:\/\/sp1hrubieszow.pl\/index.php\/kronika-2020-2021\/problemy-techniczne\/","title":{"rendered":"PROBLEMY TECHNICZNE"},"content":{"rendered":"\n<p><span style=\"color: #000080;\">W zwi\u0105zku z zaistnia\u0142ymi problemami technicznymi, nie mogli\u015bmy w ostatnim czasie na bie\u017c\u0105co umieszcza\u0107 aktualno\u015bci na naszej szkolnej stronie internetowej. Problem zosta\u0142 ju\u017c rozwi\u0105zany. Postaramy si\u0119 uzupe\u0142ni\u0107 zaleg\u0142e wpisy i relacje z wydarze\u0144. Jednocze\u015bnie b\u0119dziemy publikowa\u0107 informacje z bie\u017c\u0105cych zdarze\u0144. Przepraszamy za zaistnia\u0142y problem i liczymy na zrozumienie i wyrozumia\u0142o\u015b\u0107.&nbsp;<\/span><\/p>\n<p style=\"text-align: right;\"><span style=\"color: #000080;\">administratorzy szkolnej witryny internetowej&nbsp;<\/span><\/p>\n","protected":false},"excerpt":{"rendered":"<p>W zwi\u0105zku z zaistnia\u0142ymi problemami technicznymi, nie mogli\u015bmy w ostatnim czasie na bie\u017c\u0105co umieszcza\u0107 aktualno\u015bci na naszej szkolnej stronie internetowej. Problem zosta\u0142 ju\u017c rozwi\u0105zany. Postaramy si\u0119 uzupe\u0142ni\u0107 zaleg\u0142e wpisy i relacje z wydarze\u0144. Jednocze\u015bnie b\u0119dziemy publikowa\u0107 informacje z bie\u017c\u0105cych zdarze\u0144. Przepraszamy za zaistnia\u0142y problem i liczymy na zrozumienie i wyrozumia\u0142o\u015b\u0107.&nbsp; administratorzy szkolnej witryny internetowej&nbsp;<\/p>\n","protected":false},"author":2,"featured_media":0,"parent":5983,"menu_order":0,"comment_status":"closed","ping_status":"closed","template":"","meta":{"ngg_post_thumbnail":0,"footnotes":""},"class_list":["post-17643","page","type-page","status-publish","hentry"],"_links":{"self":[{"href":"https:\/\/sp1hrubieszow.pl\/index.php\/wp-json\/wp\/v2\/pages\/17643","targetHints":{"allow":["GET"]}}],"collection":[{"href":"https:\/\/sp1hrubieszow.pl\/index.php\/wp-json\/wp\/v2\/pages"}],"about":[{"href":"https:\/\/sp1hrubieszow.pl\/index.php\/wp-json\/wp\/v2\/types\/page"}],"author":[{"embeddable":true,"href":"https:\/\/sp1hrubieszow.pl\/index.php\/wp-json\/wp\/v2\/users\/2"}],"replies":[{"embeddable":true,"href":"https:\/\/sp1hrubieszow.pl\/index.php\/wp-json\/wp\/v2\/comments?post=17643"}],"version-history":[{"count":1,"href":"https:\/\/sp1hrubieszow.pl\/index.php\/wp-json\/wp\/v2\/pages\/17643\/revisions"}],"predecessor-version":[{"id":17644,"href":"https:\/\/sp1hrubieszow.pl\/index.php\/wp-json\/wp\/v2\/pages\/17643\/revisions\/17644"}],"up":[{"embeddable":true,"href":"https:\/\/sp1hrubieszow.pl\/index.php\/wp-json\/wp\/v2\/pages\/5983"}],"wp:attachment":[{"href":"https:\/\/sp1hrubieszow.pl\/index.php\/wp-json\/wp\/v2\/media?parent=17643"}],"curies":[{"name":"wp","href":"https:\/\/api.w.org\/{rel}","templated":true}]}}