{"id":17639,"date":"2022-11-03T21:06:13","date_gmt":"2022-11-03T20:06:13","guid":{"rendered":"https:\/\/sp1hrubieszow.pl\/?page_id=17639"},"modified":"2022-11-03T21:06:46","modified_gmt":"2022-11-03T20:06:46","slug":"regulamin-konkursu-recytatorskiego-z-okazji-dnia-misia-pluszowego","status":"publish","type":"page","link":"https:\/\/sp1hrubieszow.pl\/index.php\/kronika-2020-2021\/regulamin-konkursu-recytatorskiego-z-okazji-dnia-misia-pluszowego\/","title":{"rendered":"REGULAMIN KONKURSU RECYTATORSKIEGO Z OKAZJI DNIA MISIA PLUSZOWEGO"},"content":{"rendered":"\n<p><\/p>\n\n\n\n<p><span style=\"color: #000080;\">Zapraszamy do udzia\u0142u w konkursie recytatorskim organizowanym przez \u015bwietlic\u0119 szkoln\u0105. W poni\u017cszym dokumencie znajduje si\u0119 regulamin konkursu oraz karta zg\u0142oszenia.<\/span><\/p>\n<p><strong><span style=\"color: #000080;\"><a style=\"color: #000080;\" href=\"http:\/\/sp1hrubieszow.pl\/wp-content\/uploads\/2022\/11\/REGULAMIN-KONKURSU-RECYTATORSKIEGO.docx\">REGULAMIN-KONKURSU-RECYTATORSKIEGO<\/a><\/span><\/strong><\/p>\n","protected":false},"excerpt":{"rendered":"<p>Zapraszamy do udzia\u0142u w konkursie recytatorskim organizowanym przez \u015bwietlic\u0119 szkoln\u0105. W poni\u017cszym dokumencie znajduje si\u0119 regulamin konkursu oraz karta zg\u0142oszenia. REGULAMIN-KONKURSU-RECYTATORSKIEGO<\/p>\n","protected":false},"author":2,"featured_media":0,"parent":5983,"menu_order":0,"comment_status":"closed","ping_status":"closed","template":"","meta":{"ngg_post_thumbnail":0,"footnotes":""},"class_list":["post-17639","page","type-page","status-publish","hentry"],"_links":{"self":[{"href":"https:\/\/sp1hrubieszow.pl\/index.php\/wp-json\/wp\/v2\/pages\/17639","targetHints":{"allow":["GET"]}}],"collection":[{"href":"https:\/\/sp1hrubieszow.pl\/index.php\/wp-json\/wp\/v2\/pages"}],"about":[{"href":"https:\/\/sp1hrubieszow.pl\/index.php\/wp-json\/wp\/v2\/types\/page"}],"author":[{"embeddable":true,"href":"https:\/\/sp1hrubieszow.pl\/index.php\/wp-json\/wp\/v2\/users\/2"}],"replies":[{"embeddable":true,"href":"https:\/\/sp1hrubieszow.pl\/index.php\/wp-json\/wp\/v2\/comments?post=17639"}],"version-history":[{"count":1,"href":"https:\/\/sp1hrubieszow.pl\/index.php\/wp-json\/wp\/v2\/pages\/17639\/revisions"}],"predecessor-version":[{"id":17640,"href":"https:\/\/sp1hrubieszow.pl\/index.php\/wp-json\/wp\/v2\/pages\/17639\/revisions\/17640"}],"up":[{"embeddable":true,"href":"https:\/\/sp1hrubieszow.pl\/index.php\/wp-json\/wp\/v2\/pages\/5983"}],"wp:attachment":[{"href":"https:\/\/sp1hrubieszow.pl\/index.php\/wp-json\/wp\/v2\/media?parent=17639"}],"curies":[{"name":"wp","href":"https:\/\/api.w.org\/{rel}","templated":true}]}}