{"id":17518,"date":"2022-10-18T20:27:09","date_gmt":"2022-10-18T18:27:09","guid":{"rendered":"https:\/\/sp1hrubieszow.pl\/?page_id=17518"},"modified":"2022-11-02T22:46:57","modified_gmt":"2022-11-02T21:46:57","slug":"awans-chlopcow-na-mistrzostwa-wojewodztwa-w-sztafetowych-biegach-przelajowych-3","status":"publish","type":"page","link":"https:\/\/sp1hrubieszow.pl\/index.php\/kronika-2020-2021\/awans-chlopcow-na-mistrzostwa-wojewodztwa-w-sztafetowych-biegach-przelajowych-3\/","title":{"rendered":"Awans ch\u0142opc\u00f3w na Mistrzostwa wojew\u00f3dztwa w Sztafetowych Biegach Prze\u0142ajowych"},"content":{"rendered":"\n<div class=\"x11i5rnm xat24cr x1mh8g0r x1vvkbs xtlvy1s x126k92a\">\n<div dir=\"auto\"><span style=\"color: #000080;\">W dniu13.10 w Tomaszowie Lubelskiem odby\u0142 si\u0119 p\u00f3\u0142fina\u0142 wojew\u00f3dzki w Sztafetowych Biegach Prze\u0142ajowych. Do w\/w zawod\u00f3w awansowa\u0142y trzy dru\u017cyny z naszej szko\u0142y.<\/span><\/div>\n<\/div>\n<div class=\"x11i5rnm xat24cr x1mh8g0r x1vvkbs xtlvy1s x126k92a\">\n<div dir=\"auto\"><span style=\"color: #000080;\">Rewelacyjnie spisali si\u0119 m\u0142odsi ch\u0142opcy kt\u00f3rzy okazali si\u0119 najlepsi, tym samym awansuj\u0105c na Mistrzostwa Wojew\u00f3dztwa.<\/span><\/div>\n<div dir=\"auto\"><span style=\"color: #000080;\">Ch\u0142opcy wyst\u0105pili w sk\u0142adzie: Szewc Kajetan, Malinowski Wojciech, Dominik Dubienko, Gardzio\u0142a Miko\u0142aj, Kraj Robert, Krajewski Karol<\/span><\/div>\n<\/div>\n<div class=\"x11i5rnm xat24cr x1mh8g0r x1vvkbs xtlvy1s x126k92a\">\n<div dir=\"auto\"><span style=\"color: #000080;\">Ch\u0142opcy starsi uplasowali si\u0119 na miejscu czwartym. Wyst\u0105pili w sk\u0142adzie: Borz\u0119cki Maciej, Kaniosz Kacper, Pawlos Tomasz , Wa\u017cny Bart\u0142omiej, S\u0142upski Kacper, Czerkawski Miko\u0142aj, Franek Kogut<\/span><\/div>\n<\/div>\n<div class=\"x11i5rnm xat24cr x1mh8g0r x1vvkbs xtlvy1s x126k92a\">\n<div dir=\"auto\"><span style=\"color: #000080;\">Natomiast m\u0142odsze dziewcz\u0119ta zaj\u0119\u0142y sz\u00f3st\u0105 lokat\u0119. Dziewcz\u0119ta wyst\u0105pi\u0142y w sk\u0142adzie: Duma Katarzyna Kosza\u0142ka Nikola, Mrozowska Kornelia, Rosi\u0144ska Emilia ,Nowosad Iga ,Ciemi\u0119ga Dominika.<\/span><\/div>\n<\/div>\n<div class=\"x11i5rnm xat24cr x1mh8g0r x1vvkbs xtlvy1s x126k92a\">\n<div dir=\"auto\"><span style=\"color: #000080;\">Opiekunem podczas zawod\u00f3w by\u0142 ks. Tomasz Szady.<\/span><\/div>\n<div dir=\"auto\"><span style=\"color: #000080;\">Gratulujemy wszystkim uczestnikom i \u017cyczymy powodzenia na Mistrzostwach Wojew\u00f3dztwa.<\/span><\/div>\n<div dir=\"auto\">\nngg_shortcode_0_placeholder\n<\/div>\n<div dir=\"auto\">&nbsp;<\/div>\n<div dir=\"auto\">&nbsp;<\/div>\n<\/div>\n","protected":false},"excerpt":{"rendered":"<p>W dniu13.10 w Tomaszowie Lubelskiem odby\u0142 si\u0119 p\u00f3\u0142fina\u0142 wojew\u00f3dzki w Sztafetowych Biegach Prze\u0142ajowych. Do w\/w zawod\u00f3w awansowa\u0142y trzy dru\u017cyny z naszej szko\u0142y. Rewelacyjnie spisali si\u0119 m\u0142odsi ch\u0142opcy kt\u00f3rzy okazali si\u0119 najlepsi, tym samym awansuj\u0105c na Mistrzostwa Wojew\u00f3dztwa. Ch\u0142opcy wyst\u0105pili w sk\u0142adzie: Szewc Kajetan, Malinowski Wojciech, Dominik Dubienko, Gardzio\u0142a Miko\u0142aj, Kraj Robert, Krajewski Karol Ch\u0142opcy starsi [&hellip;]<\/p>\n","protected":false},"author":2,"featured_media":0,"parent":5983,"menu_order":0,"comment_status":"closed","ping_status":"closed","template":"","meta":{"ngg_post_thumbnail":0,"footnotes":""},"class_list":["post-17518","page","type-page","status-publish","hentry"],"_links":{"self":[{"href":"https:\/\/sp1hrubieszow.pl\/index.php\/wp-json\/wp\/v2\/pages\/17518","targetHints":{"allow":["GET"]}}],"collection":[{"href":"https:\/\/sp1hrubieszow.pl\/index.php\/wp-json\/wp\/v2\/pages"}],"about":[{"href":"https:\/\/sp1hrubieszow.pl\/index.php\/wp-json\/wp\/v2\/types\/page"}],"author":[{"embeddable":true,"href":"https:\/\/sp1hrubieszow.pl\/index.php\/wp-json\/wp\/v2\/users\/2"}],"replies":[{"embeddable":true,"href":"https:\/\/sp1hrubieszow.pl\/index.php\/wp-json\/wp\/v2\/comments?post=17518"}],"version-history":[{"count":4,"href":"https:\/\/sp1hrubieszow.pl\/index.php\/wp-json\/wp\/v2\/pages\/17518\/revisions"}],"predecessor-version":[{"id":17637,"href":"https:\/\/sp1hrubieszow.pl\/index.php\/wp-json\/wp\/v2\/pages\/17518\/revisions\/17637"}],"up":[{"embeddable":true,"href":"https:\/\/sp1hrubieszow.pl\/index.php\/wp-json\/wp\/v2\/pages\/5983"}],"wp:attachment":[{"href":"https:\/\/sp1hrubieszow.pl\/index.php\/wp-json\/wp\/v2\/media?parent=17518"}],"curies":[{"name":"wp","href":"https:\/\/api.w.org\/{rel}","templated":true}]}}