{"id":17236,"date":"2022-09-28T22:03:17","date_gmt":"2022-09-28T20:03:17","guid":{"rendered":"https:\/\/sp1hrubieszow.pl\/?page_id=17236"},"modified":"2022-09-28T22:04:02","modified_gmt":"2022-09-28T20:04:02","slug":"wybory-do-msu-2","status":"publish","type":"page","link":"https:\/\/sp1hrubieszow.pl\/index.php\/kronika-2020-2021\/wybory-do-msu-2\/","title":{"rendered":"WYBORY DO MSU"},"content":{"rendered":"\n<p><span style=\"color: #000080;\">27.09.2022r. odby\u0142y si\u0119 wybory do Ma\u0142ego Samorz\u0105du Uczniowskiego. W obecno\u015bci opiekun\u00f3w p. Agnieszki Kolano, p. Moniki Korneluk i p. Katarzyny Sztuk, kandydaci &#8211; uczniowie klas 2 i 3 pi\u0119knie si\u0119 zaprezentowali. W swoich wyst\u0105pieniach proponowali wiele ciekawych dzia\u0142a\u0144 i atrakcyjnych przedsi\u0119wzi\u0119\u0107 na rzecz naszej szko\u0142y. Niekt\u00f3rzy przygotowali bardzo oryginalne i kolorowe plakaty wyborcze.<\/span><\/p>\n<p><span style=\"color: #000080;\">W wyniku tajnego g\u0142osowania do prezydium MSU zostali wybrani nast\u0119puj\u0105cy uczniowie:<\/span><\/p>\n<p><strong><span style=\"color: #000080;\">PRZEWODNICZ\u0104CA: Jagoda Szczepanik&nbsp; &#8211; kl. 3a<\/span><\/strong><\/p>\n<p><strong><span style=\"color: #000080;\">ZAST\u0118PCY: Karolina Banach \u2013 kl. 3a, Hanna Kisielewska \u2013 kl. 3b<\/span><\/strong><\/p>\n<p><span style=\"color: #000080;\">Do rady MSU nale\u017c\u0105 tak\u017ce:<\/span><\/p>\n<ol>\n<li><span style=\"color: #000080;\">Julia Momot \u2013 kl. 2a<\/span><\/li>\n<li><span style=\"color: #000080;\">Ada Mazurek \u2013 kl. 2a<\/span><\/li>\n<li><span style=\"color: #000080;\">Nina Lewandowska &#8211; kl. 2b<\/span><\/li>\n<li><span style=\"color: #000080;\">Zofia Lalik \u2013 kl. 2b<\/span><\/li>\n<li><span style=\"color: #000080;\">Zuzanna Gruszka \u2013 kl. 2c<\/span><\/li>\n<li><span style=\"color: #000080;\">Bartosz D\u0105browski \u2013 kl. 3a<\/span><\/li>\n<li><span style=\"color: #000080;\">Helena Lachowicz \u2013 3b<\/span><\/li>\n<\/ol>\n<p><span style=\"color: #000080;\">&nbsp;&nbsp;&nbsp;&nbsp;&nbsp;&nbsp;&nbsp;&nbsp; &nbsp;Gratulujemy i \u017cyczymy owocnej pracy w MSU w roku szkolnym 2022\/2023.<\/span><\/p>\nngg_shortcode_0_placeholder\n","protected":false},"excerpt":{"rendered":"<p>27.09.2022r. odby\u0142y si\u0119 wybory do Ma\u0142ego Samorz\u0105du Uczniowskiego. W obecno\u015bci opiekun\u00f3w p. Agnieszki Kolano, p. Moniki Korneluk i p. Katarzyny Sztuk, kandydaci &#8211; uczniowie klas 2 i 3 pi\u0119knie si\u0119 zaprezentowali. W swoich wyst\u0105pieniach proponowali wiele ciekawych dzia\u0142a\u0144 i atrakcyjnych przedsi\u0119wzi\u0119\u0107 na rzecz naszej szko\u0142y. Niekt\u00f3rzy przygotowali bardzo oryginalne i kolorowe plakaty wyborcze. W wyniku [&hellip;]<\/p>\n","protected":false},"author":2,"featured_media":0,"parent":5983,"menu_order":0,"comment_status":"closed","ping_status":"closed","template":"","meta":{"ngg_post_thumbnail":0,"footnotes":""},"class_list":["post-17236","page","type-page","status-publish","hentry"],"_links":{"self":[{"href":"https:\/\/sp1hrubieszow.pl\/index.php\/wp-json\/wp\/v2\/pages\/17236","targetHints":{"allow":["GET"]}}],"collection":[{"href":"https:\/\/sp1hrubieszow.pl\/index.php\/wp-json\/wp\/v2\/pages"}],"about":[{"href":"https:\/\/sp1hrubieszow.pl\/index.php\/wp-json\/wp\/v2\/types\/page"}],"author":[{"embeddable":true,"href":"https:\/\/sp1hrubieszow.pl\/index.php\/wp-json\/wp\/v2\/users\/2"}],"replies":[{"embeddable":true,"href":"https:\/\/sp1hrubieszow.pl\/index.php\/wp-json\/wp\/v2\/comments?post=17236"}],"version-history":[{"count":1,"href":"https:\/\/sp1hrubieszow.pl\/index.php\/wp-json\/wp\/v2\/pages\/17236\/revisions"}],"predecessor-version":[{"id":17237,"href":"https:\/\/sp1hrubieszow.pl\/index.php\/wp-json\/wp\/v2\/pages\/17236\/revisions\/17237"}],"up":[{"embeddable":true,"href":"https:\/\/sp1hrubieszow.pl\/index.php\/wp-json\/wp\/v2\/pages\/5983"}],"wp:attachment":[{"href":"https:\/\/sp1hrubieszow.pl\/index.php\/wp-json\/wp\/v2\/media?parent=17236"}],"curies":[{"name":"wp","href":"https:\/\/api.w.org\/{rel}","templated":true}]}}