{"id":17206,"date":"2022-09-28T10:05:03","date_gmt":"2022-09-28T08:05:03","guid":{"rendered":"https:\/\/sp1hrubieszow.pl\/?page_id=17206"},"modified":"2022-09-28T10:05:18","modified_gmt":"2022-09-28T08:05:18","slug":"informacje-w-sprawie-egzaminu-klas-osmych","status":"publish","type":"page","link":"https:\/\/sp1hrubieszow.pl\/index.php\/kronika-2020-2021\/informacje-w-sprawie-egzaminu-klas-osmych\/","title":{"rendered":"Informacje w sprawie egzaminu klas \u00f3smych"},"content":{"rendered":"\n<p><span style=\"color: #000080;\">Przekazujemy dokumentacj\u0119 zwi\u0105zan\u0105 z egzaminami klas \u00f3smych w roku szkolnym 2022\/2023:<\/span><\/p>\n<p><span style=\"color: #000080;\"><a style=\"color: #000080;\" href=\"https:\/\/sp1hrubieszow.pl\/wp-content\/uploads\/2022\/09\/Szczegolowe-informacje-wraz-z-wnioskami-do-dyrektora-znajdziecie-Panstwo-na-stronie.docx\"><strong>Szczeg\u00f3\u0142owe informacje wraz z wnioskami do dyrektora znajdziecie Pa\u0144stwo na stronie<\/strong><\/a><\/span><\/p>\n<p><strong><span style=\"color: #000080;\"><a style=\"color: #000080;\" href=\"https:\/\/sp1hrubieszow.pl\/wp-content\/uploads\/2022\/09\/ROZPOCZECIE-EGZAMINU-OSMOKLASISTY-Z-DANEGO-PRZEDMIOTU-W-SALI-EGZAMINACYJNEJ.docx\">ROZPOCZ\u0118CIE EGZAMINU \u00d3SMOKLASISTY Z DANEGO PRZEDMIOTU W SALI EGZAMINACYJNEJ<\/a><\/span><\/strong><\/p>\n<p><strong><span style=\"color: #000080;\"><a style=\"color: #000080;\" href=\"https:\/\/sp1hrubieszow.pl\/wp-content\/uploads\/2022\/09\/EgzaminOsmoklasty.docx\">EgzaminOsmoklasty<\/a><\/span><\/strong><\/p>\n<p>&nbsp;<\/p>\n","protected":false},"excerpt":{"rendered":"<p>Przekazujemy dokumentacj\u0119 zwi\u0105zan\u0105 z egzaminami klas \u00f3smych w roku szkolnym 2022\/2023: Szczeg\u00f3\u0142owe informacje wraz z wnioskami do dyrektora znajdziecie Pa\u0144stwo na stronie ROZPOCZ\u0118CIE EGZAMINU \u00d3SMOKLASISTY Z DANEGO PRZEDMIOTU W SALI EGZAMINACYJNEJ EgzaminOsmoklasty &nbsp;<\/p>\n","protected":false},"author":2,"featured_media":0,"parent":5983,"menu_order":0,"comment_status":"closed","ping_status":"closed","template":"","meta":{"ngg_post_thumbnail":0,"footnotes":""},"class_list":["post-17206","page","type-page","status-publish","hentry"],"_links":{"self":[{"href":"https:\/\/sp1hrubieszow.pl\/index.php\/wp-json\/wp\/v2\/pages\/17206","targetHints":{"allow":["GET"]}}],"collection":[{"href":"https:\/\/sp1hrubieszow.pl\/index.php\/wp-json\/wp\/v2\/pages"}],"about":[{"href":"https:\/\/sp1hrubieszow.pl\/index.php\/wp-json\/wp\/v2\/types\/page"}],"author":[{"embeddable":true,"href":"https:\/\/sp1hrubieszow.pl\/index.php\/wp-json\/wp\/v2\/users\/2"}],"replies":[{"embeddable":true,"href":"https:\/\/sp1hrubieszow.pl\/index.php\/wp-json\/wp\/v2\/comments?post=17206"}],"version-history":[{"count":1,"href":"https:\/\/sp1hrubieszow.pl\/index.php\/wp-json\/wp\/v2\/pages\/17206\/revisions"}],"predecessor-version":[{"id":17207,"href":"https:\/\/sp1hrubieszow.pl\/index.php\/wp-json\/wp\/v2\/pages\/17206\/revisions\/17207"}],"up":[{"embeddable":true,"href":"https:\/\/sp1hrubieszow.pl\/index.php\/wp-json\/wp\/v2\/pages\/5983"}],"wp:attachment":[{"href":"https:\/\/sp1hrubieszow.pl\/index.php\/wp-json\/wp\/v2\/media?parent=17206"}],"curies":[{"name":"wp","href":"https:\/\/api.w.org\/{rel}","templated":true}]}}