{"id":17196,"date":"2022-09-28T09:24:06","date_gmt":"2022-09-28T07:24:06","guid":{"rendered":"https:\/\/sp1hrubieszow.pl\/?page_id=17196"},"modified":"2022-09-28T09:24:36","modified_gmt":"2022-09-28T07:24:36","slug":"relacja-z-miedzyszkolnego-konkursu-wiedzy-w-holdzie-prusowi-i-miastu-jego-narodzin","status":"publish","type":"page","link":"https:\/\/sp1hrubieszow.pl\/index.php\/kronika-2020-2021\/relacja-z-miedzyszkolnego-konkursu-wiedzy-w-holdzie-prusowi-i-miastu-jego-narodzin\/","title":{"rendered":"Relacja z  Mi\u0119dzyszkolnego Konkursu Wiedzy &#8222;W ho\u0142dzie Prusowi  i miastu jego narodzin&#8221;"},"content":{"rendered":"\n<p><span style=\"color: #000080;\"><strong>Dnia 27 wrze\u015bnia w Szkole Podstawowej Nr 1 odby\u0142 si\u0119 konkurs wiedzy o \u017cyciu<br>&nbsp;i tw\u00f3rczo\u015bci Boles\u0142awa Prusa oraz historii miasta Hrubieszowa. Konkurs pod honorowym patronatem Burmistrza Miasta Hrubieszowa <\/strong><\/span><\/p>\n<p><span style=\"color: #000080;\">Celem konkursu by\u0142o<strong>:<\/strong><\/span><\/p>\n<ul>\n<li><span style=\"color: #000080;\">przybli\u017cenie uczniom sylwetki i&nbsp; tw\u00f3rczo\u015bci Boles\u0142awa Prusa;<\/span><\/li>\n<li><span style=\"color: #000080;\">u\u015bwiadomienie poczucia dumy z przynale\u017cno\u015bci do ma\u0142ej ojczyzny;<\/span><\/li>\n<li><span style=\"color: #000080;\">rozwijanie zainteresowa\u0144 czytelniczych, historycznych i architektonicznych;<\/span><\/li>\n<li><span style=\"color: #000080;\">przybli\u017cenie uczniom historii miasta Hrubieszowa, miejsca narodzin pisarza;<\/span><\/li>\n<li><span style=\"color: #000080;\">integracja szk\u00f3\u0142 miejskich.<\/span><\/li>\n<\/ul>\n<p><span style=\"color: #000080;\">Konkurs przeprowadzony by\u0142 w oparciu o publikacj\u0119 Zbigniewa Grochowskiego ,,Boles\u0142awowi Prusowi (1847-1912) w podzi\u0119kowaniu miasto Hrubiesz\u00f3w\u2019\u2019&nbsp; w formie testu <\/span><span style=\"color: #000080;\">z zadaniami zamkni\u0119tymi i otwartymi na platformie Teams. Podczas testu uczniowie&nbsp; wykazali si\u0119 tak\u017ce&nbsp; znajomo\u015bci\u0105: biografii pisarza,&nbsp; utwor\u00f3w <em>Katarynka, Kamizelka, Antek, Micha\u0142ko, <\/em>&nbsp;<em>Z legend<\/em> <em>dawnego Egiptu <\/em>oraz historii&nbsp; Hrubieszowa.<\/span><\/p>\n<p><span style=\"color: #000080;\">Uczestnikami&nbsp; konkursu byli uczniowie ze Szko\u0142y Podstawowej&nbsp; Nr 1, 2, 3 &nbsp;z Hrubieszowa.&nbsp; \u0141\u0105cznie do konkursu przyst\u0105pi\u0142o dwunastu uczestnik\u00f3w, po czterech reprezentant\u00f3w z ka\u017cdej szko\u0142y. Po zako\u0144czonych eliminacjach wy\u0142oniono zwyci\u0119zc\u00f3w:<\/span><\/p>\n<p><strong><span style=\"color: #000080;\">I miejsce Klaudia Szkutnik Szko\u0142a Podstawowa nr 3 w Hrubieszowie<\/span><\/strong><\/p>\n<p><strong><span style=\"color: #000080;\">II miejsce Marcin Lackowski Szko\u0142a Podstawowa Nr 1 w Hrubieszowie<\/span><\/strong><\/p>\n<p><strong><span style=\"color: #000080;\">III miejsce Agata Szyma\u0144ska Szko\u0142a Podstawowa Nr 1 w Hrubieszowie<\/span><\/strong><\/p>\n<p><span style=\"color: #000080;\">Wszyscy uczestnicy otrzymuj\u0105 podzi\u0119kowania i drobne upominki ufundowane przez Burmistrza Miasta Hrubieszowa. Natomiast nagrody z I-III miejsce dla uczestnik\u00f3w konkursu ufundowali sponsorzy w osobach: Sylwester Wosiek Handel Artyku\u0142ami Przemys\u0142owymi, BHP i PPo\u017c, Andrzej Kalbarczyk Firma Us\u0142ugowa Dachy .<\/span><\/p>\n<p><span style=\"color: #000080;\">Nagrody, podzi\u0119kowania zostan\u0105 wr\u0119czone w dniu 30 wrze\u015bnia 2022r. o godzinie 12.00 &nbsp;podczas uroczysto\u015bci obchod\u00f3w 175- lecia urodzin Boles\u0142awa Prusa w HDK.<\/span><\/p>\nngg_shortcode_0_placeholder\n","protected":false},"excerpt":{"rendered":"<p>Dnia 27 wrze\u015bnia w Szkole Podstawowej Nr 1 odby\u0142 si\u0119 konkurs wiedzy o \u017cyciu&nbsp;i tw\u00f3rczo\u015bci Boles\u0142awa Prusa oraz historii miasta Hrubieszowa. Konkurs pod honorowym patronatem Burmistrza Miasta Hrubieszowa Celem konkursu by\u0142o: przybli\u017cenie uczniom sylwetki i&nbsp; tw\u00f3rczo\u015bci Boles\u0142awa Prusa; u\u015bwiadomienie poczucia dumy z przynale\u017cno\u015bci do ma\u0142ej ojczyzny; rozwijanie zainteresowa\u0144 czytelniczych, historycznych i architektonicznych; przybli\u017cenie uczniom historii [&hellip;]<\/p>\n","protected":false},"author":2,"featured_media":0,"parent":5983,"menu_order":0,"comment_status":"closed","ping_status":"closed","template":"","meta":{"ngg_post_thumbnail":0,"footnotes":""},"class_list":["post-17196","page","type-page","status-publish","hentry"],"_links":{"self":[{"href":"https:\/\/sp1hrubieszow.pl\/index.php\/wp-json\/wp\/v2\/pages\/17196","targetHints":{"allow":["GET"]}}],"collection":[{"href":"https:\/\/sp1hrubieszow.pl\/index.php\/wp-json\/wp\/v2\/pages"}],"about":[{"href":"https:\/\/sp1hrubieszow.pl\/index.php\/wp-json\/wp\/v2\/types\/page"}],"author":[{"embeddable":true,"href":"https:\/\/sp1hrubieszow.pl\/index.php\/wp-json\/wp\/v2\/users\/2"}],"replies":[{"embeddable":true,"href":"https:\/\/sp1hrubieszow.pl\/index.php\/wp-json\/wp\/v2\/comments?post=17196"}],"version-history":[{"count":1,"href":"https:\/\/sp1hrubieszow.pl\/index.php\/wp-json\/wp\/v2\/pages\/17196\/revisions"}],"predecessor-version":[{"id":17197,"href":"https:\/\/sp1hrubieszow.pl\/index.php\/wp-json\/wp\/v2\/pages\/17196\/revisions\/17197"}],"up":[{"embeddable":true,"href":"https:\/\/sp1hrubieszow.pl\/index.php\/wp-json\/wp\/v2\/pages\/5983"}],"wp:attachment":[{"href":"https:\/\/sp1hrubieszow.pl\/index.php\/wp-json\/wp\/v2\/media?parent=17196"}],"curies":[{"name":"wp","href":"https:\/\/api.w.org\/{rel}","templated":true}]}}