{"id":17186,"date":"2022-09-27T18:14:11","date_gmt":"2022-09-27T16:14:11","guid":{"rendered":"https:\/\/sp1hrubieszow.pl\/?page_id=17186"},"modified":"2022-09-27T18:14:40","modified_gmt":"2022-09-27T16:14:40","slug":"kuratoryjne-konkursy-przedmiotowe","status":"publish","type":"page","link":"https:\/\/sp1hrubieszow.pl\/index.php\/kronika-2020-2021\/kuratoryjne-konkursy-przedmiotowe\/","title":{"rendered":"Kuratoryjne Konkursy Przedmiotowe"},"content":{"rendered":"\n<p><span style=\"color: #000080;\">Poni\u017cej znajduj\u0105 si\u0119 materia\u0142y zwi\u0105zane z organizacj\u0105 Kuratoryjnych Konkurs\u00f3w Przedmiotowych. Zainteresowanych zapraszamy do zapoznania si\u0119 z dokumentami:<\/span><\/p>\n<p><span style=\"color: #000080;\"><a style=\"color: #000080;\" href=\"https:\/\/sp1hrubieszow.pl\/wp-content\/uploads\/2022\/09\/Terminarz_eliminacji_2022-2023-1.pdf\"><strong>Terminarz_eliminacji_2022-2023-1<\/strong><\/a><\/span><\/p>\n<p><strong><span style=\"color: #000080;\"><a style=\"color: #000080;\" href=\"https:\/\/sp1hrubieszow.pl\/wp-content\/uploads\/2022\/09\/Regulamin_2022-2023.pdf\">Regulamin_2022-2023<\/a><\/span><\/strong><\/p>\n<p><strong><span style=\"color: #000080;\"><a style=\"color: #000080;\" href=\"https:\/\/sp1hrubieszow.pl\/wp-content\/uploads\/2022\/09\/Zakres_wymagan-1.pdf\">Zakres_wymagan-1<\/a><\/span><\/strong><\/p>\n","protected":false},"excerpt":{"rendered":"<p>Poni\u017cej znajduj\u0105 si\u0119 materia\u0142y zwi\u0105zane z organizacj\u0105 Kuratoryjnych Konkurs\u00f3w Przedmiotowych. Zainteresowanych zapraszamy do zapoznania si\u0119 z dokumentami: Terminarz_eliminacji_2022-2023-1 Regulamin_2022-2023 Zakres_wymagan-1<\/p>\n","protected":false},"author":2,"featured_media":0,"parent":5983,"menu_order":0,"comment_status":"closed","ping_status":"closed","template":"","meta":{"ngg_post_thumbnail":0,"footnotes":""},"class_list":["post-17186","page","type-page","status-publish","hentry"],"_links":{"self":[{"href":"https:\/\/sp1hrubieszow.pl\/index.php\/wp-json\/wp\/v2\/pages\/17186","targetHints":{"allow":["GET"]}}],"collection":[{"href":"https:\/\/sp1hrubieszow.pl\/index.php\/wp-json\/wp\/v2\/pages"}],"about":[{"href":"https:\/\/sp1hrubieszow.pl\/index.php\/wp-json\/wp\/v2\/types\/page"}],"author":[{"embeddable":true,"href":"https:\/\/sp1hrubieszow.pl\/index.php\/wp-json\/wp\/v2\/users\/2"}],"replies":[{"embeddable":true,"href":"https:\/\/sp1hrubieszow.pl\/index.php\/wp-json\/wp\/v2\/comments?post=17186"}],"version-history":[{"count":1,"href":"https:\/\/sp1hrubieszow.pl\/index.php\/wp-json\/wp\/v2\/pages\/17186\/revisions"}],"predecessor-version":[{"id":17187,"href":"https:\/\/sp1hrubieszow.pl\/index.php\/wp-json\/wp\/v2\/pages\/17186\/revisions\/17187"}],"up":[{"embeddable":true,"href":"https:\/\/sp1hrubieszow.pl\/index.php\/wp-json\/wp\/v2\/pages\/5983"}],"wp:attachment":[{"href":"https:\/\/sp1hrubieszow.pl\/index.php\/wp-json\/wp\/v2\/media?parent=17186"}],"curies":[{"name":"wp","href":"https:\/\/api.w.org\/{rel}","templated":true}]}}