{"id":17178,"date":"2022-09-25T20:19:57","date_gmt":"2022-09-25T18:19:57","guid":{"rendered":"https:\/\/sp1hrubieszow.pl\/?page_id=17178"},"modified":"2022-09-25T20:20:29","modified_gmt":"2022-09-25T18:20:29","slug":"tydzien-profilaktyki-dla-chorob-zakaznych","status":"publish","type":"page","link":"https:\/\/sp1hrubieszow.pl\/index.php\/kronika-2020-2021\/tydzien-profilaktyki-dla-chorob-zakaznych\/","title":{"rendered":"Tydzie\u0144 profilaktyki dla chor\u00f3b zaka\u017anych"},"content":{"rendered":"\n<div class=\"l7ghb35v kjdc1dyq kmwttqpk gh25dzvf jikcssrz n3t5jt4f\">\n<div dir=\"auto\"><span style=\"color: #000080;\">W dniach 12-16.09.2022r. w Szkole Podstawowej nr 1 im. Boles\u0142awa Prusa w Hrubieszowie zorganizowano &#8222;Tydzie\u0144 profilaktyki dla chor\u00f3b zaka\u017anych&#8221; w ramach kt\u00f3rego:<\/span><\/div>\n<div dir=\"auto\"><span style=\"color: #000080;\">-przekazano uczniom, rodzicom i nauczycielom informacje oraz materia\u0142y informacyjno-edukacyjne, dotycz\u0105ce sposob\u00f3w dbania o zdrowie, w tym zapobiegania chorobom zaka\u017anym,<\/span><\/div>\n<div dir=\"auto\"><span style=\"color: #000080;\">-wykonano ekspozycj\u0119 materia\u0142\u00f3w edukacyjnych, dotycz\u0105cych chor\u00f3b zaka\u017anych oraz szczepie\u0144,<\/span><\/div>\n<div dir=\"auto\"><span style=\"color: #000080;\">-zach\u0119cono uczni\u00f3w i nauczycieli do udzia\u0142u w specjalistycznych konferencjach online,<\/span><\/div>\n<div dir=\"auto\"><span style=\"color: #000080;\">-zorganizowano zaj\u0119cia profilaktyczne, pogadank\u0119 z filmem edukacyjnym w\u015br\u00f3d najm\u0142odszych uczni\u00f3w szko\u0142y, z udzia\u0142em pani Joanny Szyma\u0144skiej, pracownika Powiatowej Stacji Sanitarno-Epidemiologicznej w Hrubieszowie.<\/span><\/div>\n<div dir=\"auto\"><span style=\"color: #000080;\">Wszystkie te dzia\u0142ania z pewno\u015bci\u0105 przyczyni\u0105 si\u0119 do podniesienia \u015bwiadomo\u015bci spo\u0142eczno\u015bci szkolnej w zakresie dbania o zdrowie w\u0142asne i swoich bliskich. Mi\u0142ym wspomnieniem dla uczni\u00f3w pozostanie spotkanie z pani\u0105 Joann\u0105 Szyma\u0144sk\u0105, podczas kt\u00f3rego dzieci przyswaja\u0142y wa\u017cne tre\u015bci edukacyjne tak\u017ce w formie wsp\u00f3lnej zabawy, poprzez taniec przy piosence profilaktycznej.<\/span><\/div>\n<\/div>\n<div class=\"l7ghb35v kjdc1dyq kmwttqpk gh25dzvf jikcssrz n3t5jt4f\">\n<div dir=\"auto\"><span style=\"color: #000080;\">Koordynatorzy: pedagodzy szkolni M. Kuczy\u0144ska, A. Karkuszewska<\/span><\/div>\n<div dir=\"auto\">\nngg_shortcode_0_placeholder\n<\/div>\n<\/div>\n","protected":false},"excerpt":{"rendered":"<p>W dniach 12-16.09.2022r. w Szkole Podstawowej nr 1 im. Boles\u0142awa Prusa w Hrubieszowie zorganizowano &#8222;Tydzie\u0144 profilaktyki dla chor\u00f3b zaka\u017anych&#8221; w ramach kt\u00f3rego: -przekazano uczniom, rodzicom i nauczycielom informacje oraz materia\u0142y informacyjno-edukacyjne, dotycz\u0105ce sposob\u00f3w dbania o zdrowie, w tym zapobiegania chorobom zaka\u017anym, -wykonano ekspozycj\u0119 materia\u0142\u00f3w edukacyjnych, dotycz\u0105cych chor\u00f3b zaka\u017anych oraz szczepie\u0144, -zach\u0119cono uczni\u00f3w i nauczycieli do [&hellip;]<\/p>\n","protected":false},"author":2,"featured_media":0,"parent":5983,"menu_order":0,"comment_status":"closed","ping_status":"closed","template":"","meta":{"ngg_post_thumbnail":0,"footnotes":""},"class_list":["post-17178","page","type-page","status-publish","hentry"],"_links":{"self":[{"href":"https:\/\/sp1hrubieszow.pl\/index.php\/wp-json\/wp\/v2\/pages\/17178","targetHints":{"allow":["GET"]}}],"collection":[{"href":"https:\/\/sp1hrubieszow.pl\/index.php\/wp-json\/wp\/v2\/pages"}],"about":[{"href":"https:\/\/sp1hrubieszow.pl\/index.php\/wp-json\/wp\/v2\/types\/page"}],"author":[{"embeddable":true,"href":"https:\/\/sp1hrubieszow.pl\/index.php\/wp-json\/wp\/v2\/users\/2"}],"replies":[{"embeddable":true,"href":"https:\/\/sp1hrubieszow.pl\/index.php\/wp-json\/wp\/v2\/comments?post=17178"}],"version-history":[{"count":1,"href":"https:\/\/sp1hrubieszow.pl\/index.php\/wp-json\/wp\/v2\/pages\/17178\/revisions"}],"predecessor-version":[{"id":17179,"href":"https:\/\/sp1hrubieszow.pl\/index.php\/wp-json\/wp\/v2\/pages\/17178\/revisions\/17179"}],"up":[{"embeddable":true,"href":"https:\/\/sp1hrubieszow.pl\/index.php\/wp-json\/wp\/v2\/pages\/5983"}],"wp:attachment":[{"href":"https:\/\/sp1hrubieszow.pl\/index.php\/wp-json\/wp\/v2\/media?parent=17178"}],"curies":[{"name":"wp","href":"https:\/\/api.w.org\/{rel}","templated":true}]}}