{"id":17163,"date":"2022-09-25T20:15:11","date_gmt":"2022-09-25T18:15:11","guid":{"rendered":"https:\/\/sp1hrubieszow.pl\/?page_id=17163"},"modified":"2022-09-25T20:15:25","modified_gmt":"2022-09-25T18:15:25","slug":"bezpieczna-droga-do-szkoly-z-mrowka-oraz-akademia-bezpiecznego-puchatka","status":"publish","type":"page","link":"https:\/\/sp1hrubieszow.pl\/index.php\/kronika-2020-2021\/bezpieczna-droga-do-szkoly-z-mrowka-oraz-akademia-bezpiecznego-puchatka\/","title":{"rendered":"&#8222;Bezpieczna droga do szko\u0142y z Mr\u00f3wk\u0105\u201d oraz \u201e Akademia Bezpiecznego Puchatka\u201d"},"content":{"rendered":"\n<p><span style=\"color: #000080;\">O bezpiecze\u0144stwie z najm\u0142odszymi <span class=\"fxk3tzhb b2rh1bv3 gh55jysx m8h3af8h ewco64xe kjdc1dyq ms56khn7 bq6c9xl4 eohcrkr5 akh3l2rg\"><img loading=\"lazy\" decoding=\"async\" src=\"https:\/\/static.xx.fbcdn.net\/images\/emoji.php\/v9\/t7f\/1\/16\/1f60a.png\" alt=\"?\" width=\"16\" height=\"16\"><\/span>W dniu 16 wrze\u015bnia 2022r. odby\u0142o si\u0119 spotkanie dla uczni\u00f3w klas pierwszych, dotycz\u0105ce bezpiecznego zachowania w ruchu drogowym. W ramach program\u00f3w \u201e Bezpieczna droga do szko\u0142y z Mr\u00f3wk\u0105\u201d oraz \u201e Akademia Bezpiecznego Puchatka\u201d , pierwszoklasi\u015bci spotkali si\u0119 z przedstawicielami KPP w Hrubieszowie oraz firmy \u201ePSB Mr\u00f3wka\u201d. Fachowe porady funkcjonariuszy Policji oraz obecno\u015b\u0107 przyjaznych maskotek zapewne sprawi\u0105, \u017ce pierwszaki z SP Nr 1 w Hrubieszowie na zawsze zapami\u0119taj\u0105, jak prawid\u0142owo przej\u015b\u0107 przez przej\u015bcie dla pieszych oraz dlaczego warto by\u0107 widocznym na drodze i nosi\u0107 elementy odblaskowe . Dzi\u0119kujemy naszym mi\u0142ym go\u015bciom za obecno\u015b\u0107 oraz upominki dla dzieci<span class=\"fxk3tzhb b2rh1bv3 gh55jysx m8h3af8h ewco64xe kjdc1dyq ms56khn7 bq6c9xl4 eohcrkr5 akh3l2rg\"><img loading=\"lazy\" decoding=\"async\" src=\"https:\/\/static.xx.fbcdn.net\/images\/emoji.php\/v9\/t7f\/1\/16\/1f60a.png\" alt=\"?\" width=\"16\" height=\"16\"><\/span><\/span><\/p>\nngg_shortcode_0_placeholder\n","protected":false},"excerpt":{"rendered":"<p>O bezpiecze\u0144stwie z najm\u0142odszymi W dniu 16 wrze\u015bnia 2022r. odby\u0142o si\u0119 spotkanie dla uczni\u00f3w klas pierwszych, dotycz\u0105ce bezpiecznego zachowania w ruchu drogowym. W ramach program\u00f3w \u201e Bezpieczna droga do szko\u0142y z Mr\u00f3wk\u0105\u201d oraz \u201e Akademia Bezpiecznego Puchatka\u201d , pierwszoklasi\u015bci spotkali si\u0119 z przedstawicielami KPP w Hrubieszowie oraz firmy \u201ePSB Mr\u00f3wka\u201d. Fachowe porady funkcjonariuszy Policji oraz [&hellip;]<\/p>\n","protected":false},"author":2,"featured_media":0,"parent":5983,"menu_order":0,"comment_status":"closed","ping_status":"closed","template":"","meta":{"ngg_post_thumbnail":0,"footnotes":""},"class_list":["post-17163","page","type-page","status-publish","hentry"],"_links":{"self":[{"href":"https:\/\/sp1hrubieszow.pl\/index.php\/wp-json\/wp\/v2\/pages\/17163","targetHints":{"allow":["GET"]}}],"collection":[{"href":"https:\/\/sp1hrubieszow.pl\/index.php\/wp-json\/wp\/v2\/pages"}],"about":[{"href":"https:\/\/sp1hrubieszow.pl\/index.php\/wp-json\/wp\/v2\/types\/page"}],"author":[{"embeddable":true,"href":"https:\/\/sp1hrubieszow.pl\/index.php\/wp-json\/wp\/v2\/users\/2"}],"replies":[{"embeddable":true,"href":"https:\/\/sp1hrubieszow.pl\/index.php\/wp-json\/wp\/v2\/comments?post=17163"}],"version-history":[{"count":1,"href":"https:\/\/sp1hrubieszow.pl\/index.php\/wp-json\/wp\/v2\/pages\/17163\/revisions"}],"predecessor-version":[{"id":17164,"href":"https:\/\/sp1hrubieszow.pl\/index.php\/wp-json\/wp\/v2\/pages\/17163\/revisions\/17164"}],"up":[{"embeddable":true,"href":"https:\/\/sp1hrubieszow.pl\/index.php\/wp-json\/wp\/v2\/pages\/5983"}],"wp:attachment":[{"href":"https:\/\/sp1hrubieszow.pl\/index.php\/wp-json\/wp\/v2\/media?parent=17163"}],"curies":[{"name":"wp","href":"https:\/\/api.w.org\/{rel}","templated":true}]}}