{"id":17095,"date":"2022-09-24T15:48:48","date_gmt":"2022-09-24T13:48:48","guid":{"rendered":"https:\/\/sp1hrubieszow.pl\/?page_id=17095"},"modified":"2022-11-02T22:28:59","modified_gmt":"2022-11-02T21:28:59","slug":"wycieczka-sladami-boleslawa-prusa","status":"publish","type":"page","link":"https:\/\/sp1hrubieszow.pl\/index.php\/kronika-2020-2021\/wycieczka-sladami-boleslawa-prusa\/","title":{"rendered":"Wycieczka \u015bladami Boles\u0142awa Prusa"},"content":{"rendered":"\n<p><span style=\"color: #000080;\">23 wrze\u015bnia wybrali\u015bmy si\u0119 na wycieczk\u0119 \u201e \u015aladami Boles\u0142awa Prusa\u201d.&nbsp; Najpierw odwiedzili\u015bmy Na\u0142\u0119cz\u00f3w. Pierwsze kroki skierowali\u015bmy do Muzeum Stefana \u017beromskiego \u2013 dobrego znajomego Prusa. Muzeum mie\u015bci si\u0119 w dawnej pracowni pisarza, zbudowanej w 1905 roku za honorarium z powie\u015bci \u201ePopio\u0142y\u201d. &nbsp;Kolejnym punktem programu by\u0142a wizyta w Pijalni Czekolady Wedla, gdzie wypili\u015bmy przepyszn\u0105 czekolad\u0119 oraz uczestniczyli\u015bmy w warsztatach zdobienia pierniczk\u00f3w. Po s\u0142odkiej przygodzie oraz po zakupie pami\u0105tek, poszli\u015bmy przez park do Muzeum Boles\u0142awa Prusa. W muzeum pos\u0142uchali\u015bmy ciekawych informacji o \u017cyciu i tw\u00f3rczo\u015bci naszego Patrona oraz mogli\u015bmy ogl\u0105da\u0107 ciekawe eksponaty, mi\u0119dzy innymi maszyn\u0119 do pisania nal\u0119\u017c\u0105c\u0105 do Prusa, czy japo\u0144skie wydanie \u201eLalki\u201d.<\/span><\/p>\n<p><span style=\"color: #000080;\">Z Na\u0142\u0119czowa pojechali\u015bmy do Lublina, gdzie zwiedzili\u015bmy Muzeum Lubelskie na Zamku. W Lublinie zjedli\u015bmy te\u017c przepyszny obiad w \u201ePyzatej chacie\u201d. Po posi\u0142ku wyruszyli\u015bmy w drog\u0119 powrotn\u0105 do Hrubieszowa. Ca\u0142y czas towarzyszy\u0142a nam pi\u0119kna i s\u0142oneczna pogoda, a wiemy, \u017ce w tym czasie w Hrubieszowie pada\u0142 deszcz. Chyba byli\u015bmy grzeczni, skoro pogodowa aura by\u0142a nam przychylna ?<\/span><\/p>\n<p><span style=\"color: #000080;\">Dzie\u0144 by\u0142 wi\u0119c udany i przyczyni\u0142 si\u0119 do pog\u0142\u0119bienia naszej wiedzy o Boles\u0142awie Prusie. Ma to dla nas szczeg\u00f3lne znaczenie, bo jeste\u015bmy w trakcie przygotowa\u0144 do uroczysto\u015bci zwi\u0105zanych z naszym Patronem, kt\u00f3re b\u0119d\u0105 mia\u0142y miejsce ju\u017c 30 wrze\u015bnia.<\/span><\/p>\n<p><span style=\"color: #000080;\">W wycieczce uczestniczyli uczniowie klasy 5b, 6a, 6b, 7a, 8b i 8c. Opiek\u0119 sprawowa\u0142y panie: Monika Anigacz, Anna Czernysz, Marta Lackowska. Wycieczka zosta\u0142a zorganizowana za po\u015brednictwem biura podr\u00f3\u017cy Laguna Tour, za co serdecznie dzi\u0119kujemy.<\/span><\/p>\nngg_shortcode_0_placeholder\nngg_shortcode_1_placeholder\n","protected":false},"excerpt":{"rendered":"<p>23 wrze\u015bnia wybrali\u015bmy si\u0119 na wycieczk\u0119 \u201e \u015aladami Boles\u0142awa Prusa\u201d.&nbsp; Najpierw odwiedzili\u015bmy Na\u0142\u0119cz\u00f3w. Pierwsze kroki skierowali\u015bmy do Muzeum Stefana \u017beromskiego \u2013 dobrego znajomego Prusa. Muzeum mie\u015bci si\u0119 w dawnej pracowni pisarza, zbudowanej w 1905 roku za honorarium z powie\u015bci \u201ePopio\u0142y\u201d. &nbsp;Kolejnym punktem programu by\u0142a wizyta w Pijalni Czekolady Wedla, gdzie wypili\u015bmy przepyszn\u0105 czekolad\u0119 oraz uczestniczyli\u015bmy [&hellip;]<\/p>\n","protected":false},"author":2,"featured_media":0,"parent":5983,"menu_order":0,"comment_status":"closed","ping_status":"closed","template":"","meta":{"ngg_post_thumbnail":0,"footnotes":""},"class_list":["post-17095","page","type-page","status-publish","hentry"],"_links":{"self":[{"href":"https:\/\/sp1hrubieszow.pl\/index.php\/wp-json\/wp\/v2\/pages\/17095","targetHints":{"allow":["GET"]}}],"collection":[{"href":"https:\/\/sp1hrubieszow.pl\/index.php\/wp-json\/wp\/v2\/pages"}],"about":[{"href":"https:\/\/sp1hrubieszow.pl\/index.php\/wp-json\/wp\/v2\/types\/page"}],"author":[{"embeddable":true,"href":"https:\/\/sp1hrubieszow.pl\/index.php\/wp-json\/wp\/v2\/users\/2"}],"replies":[{"embeddable":true,"href":"https:\/\/sp1hrubieszow.pl\/index.php\/wp-json\/wp\/v2\/comments?post=17095"}],"version-history":[{"count":6,"href":"https:\/\/sp1hrubieszow.pl\/index.php\/wp-json\/wp\/v2\/pages\/17095\/revisions"}],"predecessor-version":[{"id":17575,"href":"https:\/\/sp1hrubieszow.pl\/index.php\/wp-json\/wp\/v2\/pages\/17095\/revisions\/17575"}],"up":[{"embeddable":true,"href":"https:\/\/sp1hrubieszow.pl\/index.php\/wp-json\/wp\/v2\/pages\/5983"}],"wp:attachment":[{"href":"https:\/\/sp1hrubieszow.pl\/index.php\/wp-json\/wp\/v2\/media?parent=17095"}],"curies":[{"name":"wp","href":"https:\/\/api.w.org\/{rel}","templated":true}]}}