{"id":17029,"date":"2022-09-20T19:25:01","date_gmt":"2022-09-20T17:25:01","guid":{"rendered":"https:\/\/sp1hrubieszow.pl\/?page_id=17029"},"modified":"2022-09-20T19:25:43","modified_gmt":"2022-09-20T17:25:43","slug":"szkola-podstawowa-nr-1-im-boleslawa-prusa-w-hrubieszowie-szkola-myslenia-pozytywnego","status":"publish","type":"page","link":"https:\/\/sp1hrubieszow.pl\/index.php\/kronika-2020-2021\/szkola-podstawowa-nr-1-im-boleslawa-prusa-w-hrubieszowie-szkola-myslenia-pozytywnego\/","title":{"rendered":"Szko\u0142a Podstawowa Nr 1 im. Boles\u0142awa Prusa w Hrubieszowie- Szko\u0142\u0105 My\u015blenia Pozytywnego!"},"content":{"rendered":"\n<div class=\"l7ghb35v kjdc1dyq kmwttqpk gh25dzvf jikcssrz n3t5jt4f\">\n<div dir=\"auto\"><span style=\"color: #000080;\">Nasza szko\u0142a, ju\u017c po raz kolejny, uzyska\u0142a certyfikat w ramach programu &#8222;Szko\u0142a My\u015blenia Pozytywnego&#8221;, za aktywne uczestnictwo w dzia\u0142aniach, maj\u0105cych na celu popraw\u0119 dobrostanu i zdrowia psychicznego dzieci i m\u0142odzie\u017cy, zgodnie z podej\u015bciem og\u00f3lnoszkolnego zaanga\u017cowania lokalnej spo\u0142eczno\u015bci.<\/span><\/div>\n<\/div>\n<div class=\"l7ghb35v kjdc1dyq kmwttqpk gh25dzvf jikcssrz n3t5jt4f\">\n<div dir=\"auto\"><span style=\"color: #000080;\">W roku szkolnym 2022\/2023 jeste\u015bmy nadal w programie &#8222;Szko\u0142a My\u015blenia Pozytywnego 2.0&#8221;!<\/span><\/div>\n<div dir=\"auto\"><span style=\"color: #000080;\">W tym roku b\u0119dziemy realizowa\u0107 bardzo wa\u017cne modu\u0142y tematyczne:<\/span><\/div>\n<div dir=\"auto\"><span style=\"color: #000080;\">Modu\u0142 1.Komunikacja mi\u0119dzykulturowa<\/span><\/div>\n<div dir=\"auto\"><span style=\"color: #000080;\">Modu\u0142 2. Rozwi\u0105zywanie konflikt\u00f3w w \u015brodowisku szkolnym<\/span><\/div>\n<\/div>\n<div class=\"l7ghb35v kjdc1dyq kmwttqpk gh25dzvf jikcssrz n3t5jt4f\">\n<div dir=\"auto\"><span style=\"color: #000080;\">Cieszymy si\u0119, \u017ce nadal jeste\u015bmy w tak cennym, tw\u00f3rczym i potrzebnym programie. Dzi\u0119kujemy organizatorom za pakiet powitalny, kt\u00f3ry z pewno\u015bci\u0105 dobrze spo\u017cytkujemy. Zapraszamy do \u015bledzenia naszych comiesi\u0119cznych zada\u0144 certyfikacyjnych, w ramach programu &#8222;SMP 2.0&#8221;.<\/span><\/div>\n<div dir=\"auto\">&nbsp;<\/div>\n<\/div>\n<div class=\"l7ghb35v kjdc1dyq kmwttqpk gh25dzvf jikcssrz n3t5jt4f\">\n<div dir=\"auto\" style=\"text-align: center;\"><span style=\"color: #000080;\">Szkolny koordynator &#8222;SMP 2.0&#8221;- Marta Kuczy\u0144ska<\/span><\/div>\n<div dir=\"auto\">\nngg_shortcode_0_placeholder\n<\/div>\n<div dir=\"auto\">&nbsp;<\/div>\n<\/div>\n","protected":false},"excerpt":{"rendered":"<p>Nasza szko\u0142a, ju\u017c po raz kolejny, uzyska\u0142a certyfikat w ramach programu &#8222;Szko\u0142a My\u015blenia Pozytywnego&#8221;, za aktywne uczestnictwo w dzia\u0142aniach, maj\u0105cych na celu popraw\u0119 dobrostanu i zdrowia psychicznego dzieci i m\u0142odzie\u017cy, zgodnie z podej\u015bciem og\u00f3lnoszkolnego zaanga\u017cowania lokalnej spo\u0142eczno\u015bci. W roku szkolnym 2022\/2023 jeste\u015bmy nadal w programie &#8222;Szko\u0142a My\u015blenia Pozytywnego 2.0&#8221;! W tym roku b\u0119dziemy realizowa\u0107 bardzo [&hellip;]<\/p>\n","protected":false},"author":2,"featured_media":0,"parent":5983,"menu_order":0,"comment_status":"closed","ping_status":"closed","template":"","meta":{"ngg_post_thumbnail":0,"footnotes":""},"class_list":["post-17029","page","type-page","status-publish","hentry"],"_links":{"self":[{"href":"https:\/\/sp1hrubieszow.pl\/index.php\/wp-json\/wp\/v2\/pages\/17029","targetHints":{"allow":["GET"]}}],"collection":[{"href":"https:\/\/sp1hrubieszow.pl\/index.php\/wp-json\/wp\/v2\/pages"}],"about":[{"href":"https:\/\/sp1hrubieszow.pl\/index.php\/wp-json\/wp\/v2\/types\/page"}],"author":[{"embeddable":true,"href":"https:\/\/sp1hrubieszow.pl\/index.php\/wp-json\/wp\/v2\/users\/2"}],"replies":[{"embeddable":true,"href":"https:\/\/sp1hrubieszow.pl\/index.php\/wp-json\/wp\/v2\/comments?post=17029"}],"version-history":[{"count":1,"href":"https:\/\/sp1hrubieszow.pl\/index.php\/wp-json\/wp\/v2\/pages\/17029\/revisions"}],"predecessor-version":[{"id":17030,"href":"https:\/\/sp1hrubieszow.pl\/index.php\/wp-json\/wp\/v2\/pages\/17029\/revisions\/17030"}],"up":[{"embeddable":true,"href":"https:\/\/sp1hrubieszow.pl\/index.php\/wp-json\/wp\/v2\/pages\/5983"}],"wp:attachment":[{"href":"https:\/\/sp1hrubieszow.pl\/index.php\/wp-json\/wp\/v2\/media?parent=17029"}],"curies":[{"name":"wp","href":"https:\/\/api.w.org\/{rel}","templated":true}]}}